{"id":479,"date":"2022-07-11T21:15:14","date_gmt":"2022-07-11T21:15:14","guid":{"rendered":"https:\/\/makami.life\/?post_type=product&#038;p=479"},"modified":"2025-04-04T09:15:49","modified_gmt":"2025-04-04T09:15:49","slug":"alfabet-ebook","status":"publish","type":"product","link":"https:\/\/makami.life\/en\/product\/alfabet-ebook\/","title":{"rendered":"Alfabet EBOOK"},"content":{"rendered":"<p>Otaczaj\u0105 nas s\u0142owa. Opisujemy nimi to, co chcemy przekaza\u0107 \u015bwiatu. Dzi\u0119ki s\u0142owom staramy si\u0119 zrozumie\u0107 otaczaj\u0105c\u0105 nas rzeczywisto\u015b\u0107. Ka\u017cdy z nas ma sw\u00f3j w\u0142asny \u015bwiat, w\u0142asny spos\u00f3b jego postrzegania. Dlatego te same s\u0142owa mog\u0105 by\u0107 inaczej rozumiane. Czasami warto wyj\u015b\u0107 poza sw\u00f3j schemat i \u201epoczu\u0107\u201d \u015bwiat s\u0142owami innych. Tak jak ja poznawa\u0142em \u015bwiat s\u0142owami Jana Paw\u0142a II, Wittgensteina, Hemingwaya, Amundsena i wielu, wielu podobnych postaci. W Alfabecie znajdziesz to, co by\u0142o i jest dla mnie najistotniejsze. To, co pomog\u0142o mi doj\u015b\u0107 na niejeden biegun. Te s\u0142owa to swoiste drogowskazy, kt\u00f3re chc\u0119 postawi\u0107 na drodze do twojego w\u0142asnego bieguna.<\/p>","protected":false},"excerpt":{"rendered":"<p>Czasami warto wyj\u015b\u0107 poza sw\u00f3j schemat i \u201epoczu\u0107\u201d \u015bwiat s\u0142owami innych. Tak jak ja poznawa\u0142em \u015bwiat s\u0142owami Jana Paw\u0142a II, Wittgensteina, Hemingwaya, Amundsena i wielu, wielu podobnych postaci. W Alfabecie znajdziesz to, co by\u0142o i jest dla mnie najistotniejsze.<\/p>","protected":false},"featured_media":282,"comment_status":"open","ping_status":"closed","template":"","meta":{"site-sidebar-layout":"default","site-content-layout":"default","ast-site-content-layout":"default","site-content-style":"default","site-sidebar-style":"default","ast-global-header-display":"","ast-banner-title-visibility":"","ast-main-header-display":"","ast-hfb-above-header-display":"","ast-hfb-below-header-display":"","ast-hfb-mobile-header-display":"","site-post-title":"","ast-breadcrumbs-content":"","ast-featured-img":"","footer-sml-layout":"","theme-transparent-header-meta":"default","adv-header-id-meta":"","stick-header-meta":"","header-above-stick-meta":"","header-main-stick-meta":"","header-below-stick-meta":"","astra-migrate-meta-layouts":"set","ast-page-background-enabled":"default","ast-page-background-meta":{"desktop":{"background-color":"var(--ast-global-color-4)","background-image":"","background-repeat":"repeat","background-position":"center center","background-size":"auto","background-attachment":"scroll","background-type":"","background-media":"","overlay-type":"","overlay-color":"","overlay-opacity":"","overlay-gradient":""},"tablet":{"background-color":"","background-image":"","background-repeat":"repeat","background-position":"center center","background-size":"auto","background-attachment":"scroll","background-type":"","background-media":"","overlay-type":"","overlay-color":"","overlay-opacity":"","overlay-gradient":""},"mobile":{"background-color":"","background-image":"","background-repeat":"repeat","background-position":"center center","background-size":"auto","background-attachment":"scroll","background-type":"","background-media":"","overlay-type":"","overlay-color":"","overlay-opacity":"","overlay-gradient":""}},"ast-content-background-meta":{"desktop":{"background-color":"var(--ast-global-color-5)","background-image":"","background-repeat":"repeat","background-position":"center center","background-size":"auto","background-attachment":"scroll","background-type":"","background-media":"","overlay-type":"","overlay-color":"","overlay-opacity":"","overlay-gradient":""},"tablet":{"background-color":"var(--ast-global-color-5)","background-image":"","background-repeat":"repeat","background-position":"center center","background-size":"auto","background-attachment":"scroll","background-type":"","background-media":"","overlay-type":"","overlay-color":"","overlay-opacity":"","overlay-gradient":""},"mobile":{"background-color":"var(--ast-global-color-5)","background-image":"","background-repeat":"repeat","background-position":"center center","background-size":"auto","background-attachment":"scroll","background-type":"","background-media":"","overlay-type":"","overlay-color":"","overlay-opacity":"","overlay-gradient":""}}},"product_cat":[31],"product_tag":[40,20,26,21],"jetpack_sharing_enabled":true,"_links":{"self":[{"href":"https:\/\/makami.life\/en\/wp-json\/wp\/v2\/product\/479"}],"collection":[{"href":"https:\/\/makami.life\/en\/wp-json\/wp\/v2\/product"}],"about":[{"href":"https:\/\/makami.life\/en\/wp-json\/wp\/v2\/types\/product"}],"replies":[{"embeddable":true,"href":"https:\/\/makami.life\/en\/wp-json\/wp\/v2\/comments?post=479"}],"wp:featuredmedia":[{"embeddable":true,"href":"https:\/\/makami.life\/en\/wp-json\/wp\/v2\/media\/282"}],"wp:attachment":[{"href":"https:\/\/makami.life\/en\/wp-json\/wp\/v2\/media?parent=479"}],"wp:term":[{"taxonomy":"product_cat","embeddable":true,"href":"https:\/\/makami.life\/en\/wp-json\/wp\/v2\/product_cat?post=479"},{"taxonomy":"product_tag","embeddable":true,"href":"https:\/\/makami.life\/en\/wp-json\/wp\/v2\/product_tag?post=479"}],"curies":[{"name":"wp","href":"https:\/\/api.w.org\/{rel}","templated":true}]}}