{"id":4328,"date":"2026-03-10T11:48:52","date_gmt":"2026-03-10T11:48:52","guid":{"rendered":"https:\/\/makami.life\/?post_type=product&#038;p=4328"},"modified":"2026-03-10T11:50:38","modified_gmt":"2026-03-10T11:50:38","slug":"planer-wyprawa-zycia","status":"publish","type":"product","link":"https:\/\/makami.life\/en\/product\/planer-wyprawa-zycia\/","title":{"rendered":"Planer. Wyprawa \u017cycia"},"content":{"rendered":"<h2><strong>Planer. Wyprawa \u017cycia<\/strong><\/h2>\n<h4><strong>Marek Kami\u0144ski<\/strong><\/h4>\n<p>&nbsp;<\/p>\n<h4><strong>Zaplanuj swoj\u0105 podr\u00f3\u017c \u017cycia<\/strong><\/h4>\n<p>To nie jest zwyk\u0142y kalendarz \u2013 <strong>to Tw\u00f3j osobisty planer wyprawy zwanej \u017cyciem<\/strong>. Zainspirowany dokonaniami Marka Kami\u0144skiego \u2013 polarnika, filozofa i podr\u00f3\u017cnika, kt\u00f3ry jako pierwszy na \u015bwiecie zdoby\u0142 oba bieguny w jednym roku bez pomocy z zewn\u0105trz \u2013<strong> zach\u0119ca do odkrywania w\u0142asnych granic i przekraczania ich dzie\u0144 po dniu.<\/strong><\/p>\n<p><img fetchpriority=\"high\" decoding=\"async\" class=\"size-full wp-image-4333 aligncenter\" src=\"https:\/\/makami.life\/wp-content\/uploads\/2026\/03\/7Qje4ftg.png\" alt=\"\" width=\"800\" height=\"800\" srcset=\"https:\/\/makami.life\/wp-content\/uploads\/2026\/03\/7Qje4ftg.png 800w, https:\/\/makami.life\/wp-content\/uploads\/2026\/03\/7Qje4ftg-300x300.png 300w, https:\/\/makami.life\/wp-content\/uploads\/2026\/03\/7Qje4ftg-150x150.png 150w, https:\/\/makami.life\/wp-content\/uploads\/2026\/03\/7Qje4ftg-768x768.png 768w, https:\/\/makami.life\/wp-content\/uploads\/2026\/03\/7Qje4ftg-12x12.png 12w, https:\/\/makami.life\/wp-content\/uploads\/2026\/03\/7Qje4ftg-600x600.png 600w, https:\/\/makami.life\/wp-content\/uploads\/2026\/03\/7Qje4ftg-100x100.png 100w\" sizes=\"(max-width: 800px) 100vw, 800px\" \/><\/p>\n<h4><strong>Wyznacz cele<\/strong><\/h4>\n<p><strong>\u00a0Ka\u017cda jego strona to krok w stron\u0119 realizacji Twoich cel\u00f3w<\/strong> \u2013 tych du\u017cych i tych codziennych. We wn\u0119trzu planera znajdziesz du\u017co plansz, na kt\u00f3rych rozpiszesz swoje roczne i tygodniowe wyzwania oraz plany. <strong>Pomo\u017ce Ci on w ogarnianiu pracy i ci\u0105g\u0142ego ba\u0142aganu.<\/strong><\/p>\n<h4><strong>Zr\u00f3b dok\u0142adny plan wycieczki<\/strong><\/h4>\n<p>Dzi\u0119ki temu planerowi zaplanujesz swoj\u0105 podr\u00f3\u017c od A do Z. Rozpiszesz czas wyjazd\u00f3w i przyjazd\u00f3w, zrobisz list\u0119 miejsc do zwiedzenia, a nawet kosztorys ca\u0142ej podr\u00f3\u017cy.<strong> Zawsze b\u0119dziesz mia\u0142 wszystkie najpotrzebniejsze informacje przy sobie i ju\u017c nigdy nie zdarzy Ci si\u0119 na nic sp\u00f3\u017ani\u0107<\/strong><\/p>\n<p><img decoding=\"async\" class=\"size-full wp-image-4332 aligncenter\" src=\"https:\/\/makami.life\/wp-content\/uploads\/2026\/03\/3KVhk5Uw.png\" alt=\"\" width=\"800\" height=\"800\" srcset=\"https:\/\/makami.life\/wp-content\/uploads\/2026\/03\/3KVhk5Uw.png 800w, https:\/\/makami.life\/wp-content\/uploads\/2026\/03\/3KVhk5Uw-300x300.png 300w, https:\/\/makami.life\/wp-content\/uploads\/2026\/03\/3KVhk5Uw-150x150.png 150w, https:\/\/makami.life\/wp-content\/uploads\/2026\/03\/3KVhk5Uw-768x768.png 768w, https:\/\/makami.life\/wp-content\/uploads\/2026\/03\/3KVhk5Uw-12x12.png 12w, https:\/\/makami.life\/wp-content\/uploads\/2026\/03\/3KVhk5Uw-600x600.png 600w, https:\/\/makami.life\/wp-content\/uploads\/2026\/03\/3KVhk5Uw-100x100.png 100w\" sizes=\"(max-width: 800px) 100vw, 800px\" \/><\/p>\n<p>&nbsp;<\/p>\n<h4><strong>Otrzymasz mocnego kopniaka do dzia\u0142ania!<\/strong><\/h4>\n<p>Znajdziesz tu nie tylko przestrze\u0144 do planowania, ale te\u017c <strong>inspiruj\u0105ce cytaty Marka Kami\u0144skiego, kt\u00f3re pomog\u0105 Ci wytrwa\u0107, gdy motywacja spada, oraz pytania, kt\u00f3re pobudz\u0105 Ci\u0119 do refleksji i odnajdywania w\u0142asnej drogi<\/strong> \u2013 bez wzgl\u0119du na to, kim jeste\u015b, ile masz lat i w jakim punkcie \u017cycia si\u0119 znajdujesz.<\/p>\n<p style=\"text-align: center;\"><em>\u00a0\u201eNajtrudniejsza podr\u00f3\u017c to ta w g\u0142\u0105b siebie\u201d \u2013 Marek Kami\u0144ski<\/em><\/p>\n<h5 style=\"text-align: center;\"><strong>\u00a0Ten planer to Tw\u00f3j towarzysz w tej podr\u00f3\u017cy. Zacznij dzi\u015b. Zr\u00f3b pierwszy krok.<\/strong><\/h5>\n<p>&nbsp;<\/p>\n<p><em>\u201e\u017beby w \u015bwiecie tak wielu bod\u017ac\u00f3w nie zwariowa\u0107, potrzeba nam skutecznych narz\u0119dzi do zarz\u0105dzania sob\u0105 w czasie i w energii. Je\u015bli takie narz\u0119dzie proponuje Marek Kami\u0144ski, jestem pierwszy w kolejce! Serdecznie polecam<\/em><\/p>\n<p><strong>\u2013 Jakub B. B\u0105czek<\/strong><\/p>\n<p><em>\u201ePrzepi\u0119kne wydanie przemy\u015ble\u0144 Marka, kt\u00f3ry jest jednym z m\u0119drc\u00f3w wsp\u00f3\u0142czesnego \u015bwiata. Zaprasza nas do zadumy i szukania sensu w tym jak \u017cyjemy, co robimy. Do g\u0142\u0119bokiej wewn\u0119trznej podr\u00f3\u017cy\u201d<\/em><\/p>\n<p><strong>\u2013 Ma\u0142gorzata Ohme<\/strong><\/p>\n<p><img decoding=\"async\" class=\"size-full wp-image-4330 aligncenter\" src=\"https:\/\/makami.life\/wp-content\/uploads\/2026\/03\/1OfChMdA.png\" alt=\"\" width=\"800\" height=\"800\" srcset=\"https:\/\/makami.life\/wp-content\/uploads\/2026\/03\/1OfChMdA.png 800w, https:\/\/makami.life\/wp-content\/uploads\/2026\/03\/1OfChMdA-300x300.png 300w, https:\/\/makami.life\/wp-content\/uploads\/2026\/03\/1OfChMdA-150x150.png 150w, https:\/\/makami.life\/wp-content\/uploads\/2026\/03\/1OfChMdA-768x768.png 768w, https:\/\/makami.life\/wp-content\/uploads\/2026\/03\/1OfChMdA-12x12.png 12w, https:\/\/makami.life\/wp-content\/uploads\/2026\/03\/1OfChMdA-600x600.png 600w, https:\/\/makami.life\/wp-content\/uploads\/2026\/03\/1OfChMdA-100x100.png 100w\" sizes=\"(max-width: 800px) 100vw, 800px\" \/><\/p>\n<p><strong><u>Informacje dodatkowe:<\/u><\/strong><\/p>\n<p><strong>Gatunek:<\/strong> planer, notatnik, rozw\u00f3j osobisty<\/p>\n<p><strong>Format:<\/strong>\u00a0A5 (148x210mm), ok\u0142adka twarda<\/p>\n<p><strong>Liczba stron:<\/strong> 316<\/p>\n<p><strong>Wydanie:<\/strong> pierwsze<\/p>\n<p><strong>J\u0119zyk:<\/strong> polski<\/p>","protected":false},"excerpt":{"rendered":"<p>Inspiruj\u0105cy notatnik do planowania cel\u00f3w, codziennych zada\u0144 i \u017cyciowych wyzwa\u0144. Zawiera przestrze\u0144 do planowania rocznego i tygodniowego, organizowania pracy oraz przygotowania szczeg\u00f3\u0142owego planu podr\u00f3\u017cy wraz z list\u0105 miejsc i kosztorysem. Planer uzupe\u0142niaj\u0105 inspiruj\u0105ce cytaty oraz pytania sk\u0142aniaj\u0105ce do refleksji i dzia\u0142ania. Idealny dla os\u00f3b, kt\u00f3re chc\u0105 lepiej zarz\u0105dza\u0107 swoim czasem i realizowa\u0107 marzenia krok po kroku.<\/p>","protected":false},"featured_media":4334,"comment_status":"open","ping_status":"closed","template":"","meta":{"site-sidebar-layout":"default","site-content-layout":"","ast-site-content-layout":"default","site-content-style":"default","site-sidebar-style":"default","ast-global-header-display":"","ast-banner-title-visibility":"","ast-main-header-display":"","ast-hfb-above-header-display":"","ast-hfb-below-header-display":"","ast-hfb-mobile-header-display":"","site-post-title":"","ast-breadcrumbs-content":"","ast-featured-img":"","footer-sml-layout":"","theme-transparent-header-meta":"default","adv-header-id-meta":"","stick-header-meta":"","header-above-stick-meta":"","header-main-stick-meta":"","header-below-stick-meta":"","astra-migrate-meta-layouts":"set","ast-page-background-enabled":"default","ast-page-background-meta":{"desktop":{"background-color":"var(--ast-global-color-4)","background-image":"","background-repeat":"repeat","background-position":"center center","background-size":"auto","background-attachment":"scroll","background-type":"","background-media":"","overlay-type":"","overlay-color":"","overlay-opacity":"","overlay-gradient":""},"tablet":{"background-color":"","background-image":"","background-repeat":"repeat","background-position":"center center","background-size":"auto","background-attachment":"scroll","background-type":"","background-media":"","overlay-type":"","overlay-color":"","overlay-opacity":"","overlay-gradient":""},"mobile":{"background-color":"","background-image":"","background-repeat":"repeat","background-position":"center center","background-size":"auto","background-attachment":"scroll","background-type":"","background-media":"","overlay-type":"","overlay-color":"","overlay-opacity":"","overlay-gradient":""}},"ast-content-background-meta":{"desktop":{"background-color":"var(--ast-global-color-5)","background-image":"","background-repeat":"repeat","background-position":"center center","background-size":"auto","background-attachment":"scroll","background-type":"","background-media":"","overlay-type":"","overlay-color":"","overlay-opacity":"","overlay-gradient":""},"tablet":{"background-color":"var(--ast-global-color-5)","background-image":"","background-repeat":"repeat","background-position":"center center","background-size":"auto","background-attachment":"scroll","background-type":"","background-media":"","overlay-type":"","overlay-color":"","overlay-opacity":"","overlay-gradient":""},"mobile":{"background-color":"var(--ast-global-color-5)","background-image":"","background-repeat":"repeat","background-position":"center center","background-size":"auto","background-attachment":"scroll","background-type":"","background-media":"","overlay-type":"","overlay-color":"","overlay-opacity":"","overlay-gradient":""}}},"product_cat":[22],"product_tag":[],"jetpack_sharing_enabled":true,"_links":{"self":[{"href":"https:\/\/makami.life\/en\/wp-json\/wp\/v2\/product\/4328"}],"collection":[{"href":"https:\/\/makami.life\/en\/wp-json\/wp\/v2\/product"}],"about":[{"href":"https:\/\/makami.life\/en\/wp-json\/wp\/v2\/types\/product"}],"replies":[{"embeddable":true,"href":"https:\/\/makami.life\/en\/wp-json\/wp\/v2\/comments?post=4328"}],"wp:featuredmedia":[{"embeddable":true,"href":"https:\/\/makami.life\/en\/wp-json\/wp\/v2\/media\/4334"}],"wp:attachment":[{"href":"https:\/\/makami.life\/en\/wp-json\/wp\/v2\/media?parent=4328"}],"wp:term":[{"taxonomy":"product_cat","embeddable":true,"href":"https:\/\/makami.life\/en\/wp-json\/wp\/v2\/product_cat?post=4328"},{"taxonomy":"product_tag","embeddable":true,"href":"https:\/\/makami.life\/en\/wp-json\/wp\/v2\/product_tag?post=4328"}],"curies":[{"name":"wp","href":"https:\/\/api.w.org\/{rel}","templated":true}]}}