{"id":4266,"date":"2025-10-07T07:16:51","date_gmt":"2025-10-07T07:16:51","guid":{"rendered":"https:\/\/makami.life\/?post_type=product&#038;p=4266"},"modified":"2026-04-10T08:57:35","modified_gmt":"2026-04-10T08:57:35","slug":"wyprawa","status":"publish","type":"product","link":"https:\/\/makami.life\/en\/product\/wyprawa\/","title":{"rendered":"Wyprawa"},"content":{"rendered":"<div class=\"bx-im-message-default__container\">\n<div class=\"bx-im-message-default-content__container bx-im-message-default-content__scope\">\n<div>\n<h1>Wyprawa<\/h1>\n<h2>Marek Kami\u0144ski<\/h2>\n<\/div>\n<div><\/div>\n<div class=\"bx-im-message-default-content__text\"><strong>Jak wiele mo\u017ce osi\u0105gn\u0105\u0107 jeden cz\u0142owiek?<\/strong><\/div>\n<div class=\"bx-im-message-default-content__text\">To ksi\u0105\u017cka, kt\u00f3ra poka\u017ce Ci, \u017ce posiadasz ogromne nak\u0142ady energii, \u017ce jeste\u015b w stanie osi\u0105gn\u0105\u0107 wszystko czego pragniesz. Udaj si\u0119 na wypraw\u0119 by odkry\u0107 swoje mo\u017cliwo\u015bci. Ksi\u0105\u017cka, kt\u00f3ra uczy jak planowa\u0107 wielkie rzeczy i dzia\u0142a\u0107 w niespodziewanych i najtrudniejszych warunkach. My\u015blisz, \u017ce nie jeste\u015b w stanie czego\u015b zrobi\u0107?<\/div>\n<div>\n<p>&nbsp;<\/p>\n<\/div>\n<\/div>\n<\/div>\n<div class=\"bx-im-message-default__container\">\n<div class=\"bx-im-message-default-content__container bx-im-message-default-content__scope\">\n<p class=\"bx-im-message-default-content__text\"><strong>Przekraczaj granice i odkrywaj swoj\u0105 si\u0142\u0119<\/strong><\/p>\n<p class=\"bx-im-message-default-content__text\">\u201eWyprawa\u201d to inspiruj\u0105ca opowie\u015b\u0107 o odwadze, determinacji i przekraczaniu w\u0142asnych ogranicze\u0144. Autor &#8211; zdobywca obu biegun\u00f3w, najwy\u017cszych szczyt\u00f3w i uczestnik ekstremalnych ekspedycji pokazuje, \u017ce to, co wydaje si\u0119 niemo\u017cliwe, cz\u0119sto jest tylko wyzwaniem czekaj\u0105cym na realizacj\u0119.<\/p>\n<p class=\"bx-im-message-default-content__text\"><strong>Najwa\u017cniejsza podr\u00f3\u017c w g\u0142\u0105b siebie<\/strong><\/p>\n<p class=\"bx-im-message-default-content__text\">To ksi\u0105\u017cka o poznawaniu w\u0142asnego wn\u0119trza i odnajdywaniu si\u0142y, kt\u00f3ra pozwala i\u015b\u0107 dalej mimo trudno\u015bci. Marek Kami\u0144ski udowadnia, \u017ce najtrudniejsza wyprawa nie prowadzi przez lodowce czy pustynie, lecz przez nasze w\u0142asne ograniczenia, l\u0119ki i przekonania.<\/p>\n<p class=\"bx-im-message-default-content__text\"><strong>Jak wiele mo\u017cesz osi\u0105gn\u0105\u0107?<\/strong><\/p>\n<p class=\"bx-im-message-default-content__text\">Na podstawie swoich do\u015bwiadcze\u0144 autor pokazuje, jak ogromny potencja\u0142 drzemie w ka\u017cdym z nas. Uczy, jak wyznacza\u0107 ambitne cele, planowa\u0107 ich realizacj\u0119 i dzia\u0142a\u0107 nawet w najbardziej wymagaj\u0105cych, nieprzewidywalnych warunkach.<\/p>\n<p class=\"bx-im-message-default-content__text\"><strong> Historia, kt\u00f3ra wydaje si\u0119 niemo\u017cliwa<\/strong><\/p>\n<p class=\"bx-im-message-default-content__text\">W ksi\u0105\u017cce poznasz niezwyk\u0142e osi\u0105gni\u0119cia autora: zdobycie obu biegun\u00f3w Ziemi w ci\u0105gu jednego roku, wyprawy na Mount Vinson, Kilimand\u017caro i Huayna Potos\u00ed, przej\u015bcie przez Grenlandi\u0119 i Pustyni\u0119 Gibsona, udzia\u0142 w ekspedycji Solo Trans Antarctica oraz przep\u0142yni\u0119cie Atlantyku jachtem. To dow\u00f3d na to, jak wiele mo\u017ce osi\u0105gn\u0105\u0107 jeden cz\u0142owiek dzi\u0119ki wytrwa\u0142o\u015bci i wierze w swoje marzenia.<\/p>\n<p class=\"bx-im-message-default-content__text\"><strong>Inspiracja i praktyczna wiedza<\/strong><\/p>\n<p class=\"bx-im-message-default-content__text\">\u201eWyprawa\u201d to nie tylko historia, ale r\u00f3wnie\u017c poradnik\u2013pe\u0142en wskaz\u00f3wek, jak planowa\u0107 wielkie cele i konsekwentnie je realizowa\u0107. Autor dzieli si\u0119 do\u015bwiadczeniem zdobytym w ekstremalnych warunkach, kt\u00f3re z powodzeniem mo\u017cna przenie\u015b\u0107 na codzienne \u017cycie.<\/p>\n<p class=\"bx-im-message-default-content__text\"><strong>Twoja droga zaczyna si\u0119 tutaj<\/strong><\/p>\n<p class=\"bx-im-message-default-content__text\">To ksi\u0105\u017cka dla wszystkich, kt\u00f3rzy chc\u0105 zrobi\u0107 co\u015b wi\u0119cej, si\u0119gn\u0105\u0107 dalej i odwa\u017cy\u0107 si\u0119 na w\u0142asn\u0105 wypraw\u0119 &#8211; niezale\u017cnie od tego, jak\u0105 form\u0119 ona przyjmie.<\/p>\n<div>\n<p>&nbsp;<\/p>\n<\/div>\n<\/div>\n<\/div>\n<div class=\"bx-im-reaction-selector__container\">\n<div class=\"bx-im-reaction-selector__selector\"><img fetchpriority=\"high\" decoding=\"async\" class=\"alignnone wp-image-4269\" src=\"https:\/\/makami.life\/wp-content\/uploads\/2025\/10\/Kopia-\u2013-polaris-2-grafiki-1-819x1024.jpg\" alt=\"\" width=\"550\" height=\"688\" srcset=\"https:\/\/makami.life\/wp-content\/uploads\/2025\/10\/Kopia-\u2013-polaris-2-grafiki-1-819x1024.jpg 819w, https:\/\/makami.life\/wp-content\/uploads\/2025\/10\/Kopia-\u2013-polaris-2-grafiki-1-240x300.jpg 240w, https:\/\/makami.life\/wp-content\/uploads\/2025\/10\/Kopia-\u2013-polaris-2-grafiki-1-768x960.jpg 768w, https:\/\/makami.life\/wp-content\/uploads\/2025\/10\/Kopia-\u2013-polaris-2-grafiki-1-10x12.jpg 10w, https:\/\/makami.life\/wp-content\/uploads\/2025\/10\/Kopia-\u2013-polaris-2-grafiki-1-600x750.jpg 600w, https:\/\/makami.life\/wp-content\/uploads\/2025\/10\/Kopia-\u2013-polaris-2-grafiki-1.jpg 1080w\" sizes=\"(max-width: 550px) 100vw, 550px\" \/> <img decoding=\"async\" class=\"alignnone wp-image-4268\" src=\"https:\/\/makami.life\/wp-content\/uploads\/2025\/10\/Kopia-\u2013-polaris-2-grafiki-2-819x1024.jpg\" alt=\"\" width=\"550\" height=\"688\" srcset=\"https:\/\/makami.life\/wp-content\/uploads\/2025\/10\/Kopia-\u2013-polaris-2-grafiki-2-819x1024.jpg 819w, https:\/\/makami.life\/wp-content\/uploads\/2025\/10\/Kopia-\u2013-polaris-2-grafiki-2-240x300.jpg 240w, https:\/\/makami.life\/wp-content\/uploads\/2025\/10\/Kopia-\u2013-polaris-2-grafiki-2-768x960.jpg 768w, https:\/\/makami.life\/wp-content\/uploads\/2025\/10\/Kopia-\u2013-polaris-2-grafiki-2-10x12.jpg 10w, https:\/\/makami.life\/wp-content\/uploads\/2025\/10\/Kopia-\u2013-polaris-2-grafiki-2-600x750.jpg 600w, https:\/\/makami.life\/wp-content\/uploads\/2025\/10\/Kopia-\u2013-polaris-2-grafiki-2.jpg 1080w\" sizes=\"(max-width: 550px) 100vw, 550px\" \/><\/div>\n<\/div>\n<div>\n<p>&nbsp;<\/p>\n<p><strong>Cechy produktu:\u00a0 \u00a0 \u00a0 \u00a0 \u00a0 \u00a0 \u00a0 \u00a0 \u00a0 \u00a0 \u00a0 \u00a0 \u00a0 \u00a0 \u00a0 \u00a0\u00a0<\/strong><\/p>\n<p><strong>Format:<\/strong> ok\u0142adka mi\u0119kka<br \/>\n<strong>Liczba Stron:<\/strong> 260<br \/>\n<strong>Wydanie:<\/strong> wznowienie wydania<br \/>\n<strong>J\u0119zyk:<\/strong> Polski<\/p>\n<\/div>","protected":false},"excerpt":{"rendered":"<div class=\"flex max-w-full flex-col grow\">\n<div class=\"min-h-8 text-message relative flex w-full flex-col items-end gap-2 text-start break-words whitespace-normal [.text-message+&amp;]:mt-5\" dir=\"auto\" data-message-author-role=\"assistant\" data-message-id=\"f778908b-b79e-4dd9-bce5-d8b49462a9c7\" data-message-model-slug=\"gpt-5\">\n<div class=\"flex w-full flex-col gap-1 empty:hidden first:pt-[1px]\">\n<div class=\"markdown prose dark:prose-invert w-full break-words light markdown-new-styling\">\n<p data-start=\"0\" data-end=\"350\" data-is-last-node=\"\" data-is-only-node=\"\">\u201eWyprawa\u201d Marka Kami\u0144skiego to inspiruj\u0105ca opowie\u015b\u0107 o przekraczaniu w\u0142asnych granic i odkrywaniu wewn\u0119trznej si\u0142y. Autor, zdobywca obu biegun\u00f3w, najwy\u017cszych szczyt\u00f3w i uczestnik ekstremalnych wypraw, pokazuje, \u017ce niemo\u017cliwe staje si\u0119 mo\u017cliwe. To ksi\u0105\u017cka o poznaniu samego siebie i odwadze wyruszenia w najtrudniejsz\u0105 podr\u00f3\u017c &#8211; w g\u0142\u0105b w\u0142asnego wn\u0119trza.<\/p>\n<\/div>\n<\/div>\n<\/div>\n<\/div>","protected":false},"featured_media":4267,"comment_status":"open","ping_status":"closed","template":"","meta":{"site-sidebar-layout":"default","site-content-layout":"","ast-site-content-layout":"default","site-content-style":"default","site-sidebar-style":"default","ast-global-header-display":"","ast-banner-title-visibility":"","ast-main-header-display":"","ast-hfb-above-header-display":"","ast-hfb-below-header-display":"","ast-hfb-mobile-header-display":"","site-post-title":"","ast-breadcrumbs-content":"","ast-featured-img":"","footer-sml-layout":"","theme-transparent-header-meta":"default","adv-header-id-meta":"","stick-header-meta":"","header-above-stick-meta":"","header-main-stick-meta":"","header-below-stick-meta":"","astra-migrate-meta-layouts":"set","ast-page-background-enabled":"default","ast-page-background-meta":{"desktop":{"background-color":"var(--ast-global-color-4)","background-image":"","background-repeat":"repeat","background-position":"center center","background-size":"auto","background-attachment":"scroll","background-type":"","background-media":"","overlay-type":"","overlay-color":"","overlay-opacity":"","overlay-gradient":""},"tablet":{"background-color":"","background-image":"","background-repeat":"repeat","background-position":"center center","background-size":"auto","background-attachment":"scroll","background-type":"","background-media":"","overlay-type":"","overlay-color":"","overlay-opacity":"","overlay-gradient":""},"mobile":{"background-color":"","background-image":"","background-repeat":"repeat","background-position":"center center","background-size":"auto","background-attachment":"scroll","background-type":"","background-media":"","overlay-type":"","overlay-color":"","overlay-opacity":"","overlay-gradient":""}},"ast-content-background-meta":{"desktop":{"background-color":"var(--ast-global-color-5)","background-image":"","background-repeat":"repeat","background-position":"center center","background-size":"auto","background-attachment":"scroll","background-type":"","background-media":"","overlay-type":"","overlay-color":"","overlay-opacity":"","overlay-gradient":""},"tablet":{"background-color":"var(--ast-global-color-5)","background-image":"","background-repeat":"repeat","background-position":"center center","background-size":"auto","background-attachment":"scroll","background-type":"","background-media":"","overlay-type":"","overlay-color":"","overlay-opacity":"","overlay-gradient":""},"mobile":{"background-color":"var(--ast-global-color-5)","background-image":"","background-repeat":"repeat","background-position":"center center","background-size":"auto","background-attachment":"scroll","background-type":"","background-media":"","overlay-type":"","overlay-color":"","overlay-opacity":"","overlay-gradient":""}}},"product_cat":[19,22],"product_tag":[],"jetpack_sharing_enabled":true,"_links":{"self":[{"href":"https:\/\/makami.life\/en\/wp-json\/wp\/v2\/product\/4266"}],"collection":[{"href":"https:\/\/makami.life\/en\/wp-json\/wp\/v2\/product"}],"about":[{"href":"https:\/\/makami.life\/en\/wp-json\/wp\/v2\/types\/product"}],"replies":[{"embeddable":true,"href":"https:\/\/makami.life\/en\/wp-json\/wp\/v2\/comments?post=4266"}],"wp:featuredmedia":[{"embeddable":true,"href":"https:\/\/makami.life\/en\/wp-json\/wp\/v2\/media\/4267"}],"wp:attachment":[{"href":"https:\/\/makami.life\/en\/wp-json\/wp\/v2\/media?parent=4266"}],"wp:term":[{"taxonomy":"product_cat","embeddable":true,"href":"https:\/\/makami.life\/en\/wp-json\/wp\/v2\/product_cat?post=4266"},{"taxonomy":"product_tag","embeddable":true,"href":"https:\/\/makami.life\/en\/wp-json\/wp\/v2\/product_tag?post=4266"}],"curies":[{"name":"wp","href":"https:\/\/api.w.org\/{rel}","templated":true}]}}