{"id":4197,"date":"2025-08-01T10:17:54","date_gmt":"2025-08-01T10:17:54","guid":{"rendered":"https:\/\/makami.life\/?post_type=product&#038;p=4197"},"modified":"2026-04-10T08:25:58","modified_gmt":"2026-04-10T08:25:58","slug":"polaris-jeszcze-wieksza-samotnosc","status":"publish","type":"product","link":"https:\/\/makami.life\/en\/product\/polaris-jeszcze-wieksza-samotnosc\/","title":{"rendered":"POLARIS. Jeszcze wi\u0119ksza samotno\u015b\u0107"},"content":{"rendered":"<div class=\"bx-im-message-default__container\">\n<div class=\"bx-im-message-default-content__container bx-im-message-default-content__scope\">\n<h2><img fetchpriority=\"high\" decoding=\"async\" class=\"aligncenter wp-image-4201 size-full\" src=\"https:\/\/makami.life\/wp-content\/uploads\/2025\/08\/polaris-Baner-amerykanski-rozmiar-M-w-poziomie-1.png\" alt=\"\" width=\"2048\" height=\"350\" srcset=\"https:\/\/makami.life\/wp-content\/uploads\/2025\/08\/polaris-Baner-amerykanski-rozmiar-M-w-poziomie-1.png 2048w, https:\/\/makami.life\/wp-content\/uploads\/2025\/08\/polaris-Baner-amerykanski-rozmiar-M-w-poziomie-1-300x51.png 300w, https:\/\/makami.life\/wp-content\/uploads\/2025\/08\/polaris-Baner-amerykanski-rozmiar-M-w-poziomie-1-1024x175.png 1024w, https:\/\/makami.life\/wp-content\/uploads\/2025\/08\/polaris-Baner-amerykanski-rozmiar-M-w-poziomie-1-768x131.png 768w, https:\/\/makami.life\/wp-content\/uploads\/2025\/08\/polaris-Baner-amerykanski-rozmiar-M-w-poziomie-1-1536x263.png 1536w, https:\/\/makami.life\/wp-content\/uploads\/2025\/08\/polaris-Baner-amerykanski-rozmiar-M-w-poziomie-1-18x3.png 18w, https:\/\/makami.life\/wp-content\/uploads\/2025\/08\/polaris-Baner-amerykanski-rozmiar-M-w-poziomie-1-600x103.png 600w\" sizes=\"(max-width: 2048px) 100vw, 2048px\" \/>`<\/h2>\n<h2 class=\"bx-im-message-default-content__text\"><strong>POLARIS. Jeszcze wi\u0119ksza samotno\u015b\u0107<\/strong><\/h2>\n<\/div>\n<\/div>\n<h4>Marek Kami\u0144ski<\/h4>\n<p>&nbsp;<\/p>\n<p style=\"text-align: center;\">\u201eNie uciekasz przed \u015bmierci\u0105. Uciekasz przed tym, co zosta\u0142o po tobie.\u201d<\/p>\n<p>&nbsp;<\/p>\n<p>Mark Steiner wr\u00f3ci\u0142 z bieguna, ale jego umys\u0142 nadal dryfuje w\u015br\u00f3d lodu. Codzienno\u015b\u0107 miesza si\u0119 z paranoj\u0105, a sny zaczynaj\u0105 wdziera\u0107 si\u0119 do rzeczywisto\u015bci. Kiedy s\u0105siad pope\u0142nia samob\u00f3jstwo jego na oczach, a w tym samym czasie kto\u015b z dawnych kontakt\u00f3w wysy\u0142a wiadomo\u015b\u0107: \u201eMusimy pogada\u0107\u201d &#8211; napi\u0119cie osi\u0105ga punkt krytyczny.<\/p>\n<p><strong>Czy trauma z wyprawy mo\u017ce przenosi\u0107 si\u0119 jak wirus?<\/strong><\/p>\n<p>Co \u0142\u0105czy \u015bmier\u0107 klient\u00f3w, znikni\u0119cie Inuit\u00f3w i zamachy planowane przez radykaln\u0105 organizacj\u0119?<\/p>\n<p>A co, je\u015bli to wszystko nigdy si\u0119 nie sko\u0144czy\u0142o?<\/p>\n<p><strong>Thriller, kt\u00f3ry nie zostawia czytelnikowi bezpiecznego miejsca ani w lodzie, ani w g\u0142owie.<\/strong><\/p>\n<p>&nbsp;<\/p>\n<p><img decoding=\"async\" class=\"alignnone wp-image-4380\" src=\"https:\/\/makami.life\/wp-content\/uploads\/2025\/08\/ciW10XCA.png\" alt=\"\" width=\"500\" height=\"625\" srcset=\"https:\/\/makami.life\/wp-content\/uploads\/2025\/08\/ciW10XCA.png 640w, https:\/\/makami.life\/wp-content\/uploads\/2025\/08\/ciW10XCA-240x300.png 240w, https:\/\/makami.life\/wp-content\/uploads\/2025\/08\/ciW10XCA-10x12.png 10w, https:\/\/makami.life\/wp-content\/uploads\/2025\/08\/ciW10XCA-600x750.png 600w\" sizes=\"(max-width: 500px) 100vw, 500px\" \/>\u00a0<img decoding=\"async\" class=\"alignnone wp-image-4379\" src=\"https:\/\/makami.life\/wp-content\/uploads\/2025\/08\/cCOJCJKw.png\" alt=\"\" width=\"500\" height=\"625\" srcset=\"https:\/\/makami.life\/wp-content\/uploads\/2025\/08\/cCOJCJKw.png 640w, https:\/\/makami.life\/wp-content\/uploads\/2025\/08\/cCOJCJKw-240x300.png 240w, https:\/\/makami.life\/wp-content\/uploads\/2025\/08\/cCOJCJKw-10x12.png 10w, https:\/\/makami.life\/wp-content\/uploads\/2025\/08\/cCOJCJKw-600x750.png 600w\" sizes=\"(max-width: 500px) 100vw, 500px\" \/><\/p>\n<h4><\/h4>\n<h4><strong>Cechy produktu:<\/strong><\/h4>\n<p><strong>Gatunek:<\/strong> Przygodowa, Thriller, Fikcja Naukowa<br \/>\n<strong>Format:<\/strong> Ok\u0142adka mi\u0119kka<br \/>\n<strong>Liczba Stron:<\/strong> 256<br \/>\n<strong>Wydanie:<\/strong> Pierwsze<br \/>\n<strong>J\u0119zyk:<\/strong> Polski<\/p>\n<p><img loading=\"lazy\" decoding=\"async\" class=\"size-full wp-image-4377 aligncenter\" src=\"https:\/\/makami.life\/wp-content\/uploads\/2025\/08\/ObOUn_g.png\" alt=\"\" width=\"640\" height=\"853\" srcset=\"https:\/\/makami.life\/wp-content\/uploads\/2025\/08\/ObOUn_g.png 640w, https:\/\/makami.life\/wp-content\/uploads\/2025\/08\/ObOUn_g-225x300.png 225w, https:\/\/makami.life\/wp-content\/uploads\/2025\/08\/ObOUn_g-9x12.png 9w, https:\/\/makami.life\/wp-content\/uploads\/2025\/08\/ObOUn_g-300x400.png 300w, https:\/\/makami.life\/wp-content\/uploads\/2025\/08\/ObOUn_g-600x800.png 600w\" sizes=\"(max-width: 640px) 100vw, 640px\" \/><\/p>\n<h4><strong>O autorze<\/strong><\/h4>\n<h4><strong>\u00a0 \u00a0 \u00a0 \u00a0 \u00a0 \u00a0 \u00a0 <img loading=\"lazy\" decoding=\"async\" class=\"alignright wp-image-3739\" src=\"https:\/\/makami.life\/wp-content\/uploads\/2024\/03\/1-q36m6vb8rnsx68zqxo22mucsgx8k1pj4mpspjb4pa8-199x300.png\" alt=\"\" width=\"212\" height=\"320\" srcset=\"https:\/\/makami.life\/wp-content\/uploads\/2024\/03\/1-q36m6vb8rnsx68zqxo22mucsgx8k1pj4mpspjb4pa8-199x300.png 199w, https:\/\/makami.life\/wp-content\/uploads\/2024\/03\/1-q36m6vb8rnsx68zqxo22mucsgx8k1pj4mpspjb4pa8-8x12.png 8w, https:\/\/makami.life\/wp-content\/uploads\/2024\/03\/1-q36m6vb8rnsx68zqxo22mucsgx8k1pj4mpspjb4pa8.png 398w\" sizes=\"(max-width: 212px) 100vw, 212px\" \/><\/strong><\/h4>\n<p>Marek Kami\u0144ski \u2013 to polski podr\u00f3\u017cnik ekstremalny, biznesmen, filozof, autor program\u00f3w<br \/>\nrozwojowych skupionych na odporno\u015bci psychicznej i or\u0119downik \u017cycia opartego o cele.<br \/>\nZosta\u0142 wpisany do ksi\u0119gi rekord\u00f3w Guinessa za zdobycie obu biegun\u00f3w Ziemi w ci\u0105gu<br \/>\njednego roku bez pomocy z zewn\u0105trz. Obecnie zaanga\u017cowany w projekty \u201cLifePlan Academy\u201d,<br \/>\n\u201cPower4Resilience\u201d i Kami\u0144ski Academy, kt\u00f3re polegaj\u0105 na budowaniu odporno\u015bci \u017cyciowej<br \/>\ni fundamentalnych umiej\u0119tno\u015bciach \u017cyciowych.<\/p>\n<p>&nbsp;<\/p>\n<p>&nbsp;<\/p>\n<p>&nbsp;<\/p>\n<p>&nbsp;<\/p>","protected":false},"excerpt":{"rendered":"<article class=\"text-token-text-primary w-full focus:outline-none scroll-mt-[calc(var(--header-height)+min(200px,max(70px,20svh)))]\" dir=\"auto\" tabindex=\"-1\" data-testid=\"conversation-turn-18\" data-scroll-anchor=\"true\" data-turn=\"assistant\">\n<div class=\"text-base my-auto mx-auto pb-10 [--thread-content-margin:--spacing(4)] @[37rem]:[--thread-content-margin:--spacing(6)] @[72rem]:[--thread-content-margin:--spacing(16)] px-(--thread-content-margin)\">\n<div class=\"[--thread-content-max-width:32rem] @[34rem]:[--thread-content-max-width:40rem] @[64rem]:[--thread-content-max-width:48rem] mx-auto max-w-(--thread-content-max-width) flex-1 group\/turn-messages focus-visible:outline-hidden relative flex w-full min-w-0 flex-col agent-turn\" tabindex=\"-1\">\n<div class=\"flex max-w-full flex-col grow\">\n<div class=\"min-h-8 text-message relative flex w-full flex-col items-end gap-2 text-start break-words whitespace-normal [.text-message+&amp;]:mt-5\" dir=\"auto\" data-message-author-role=\"assistant\" data-message-id=\"e74a7ddb-a6f0-4896-a0c0-94bb951520a3\" data-message-model-slug=\"gpt-4o\">\n<div class=\"flex w-full flex-col gap-1 empty:hidden first:pt-[3px]\">\n<div class=\"markdown prose dark:prose-invert w-full break-words light\">\n<p data-start=\"0\" data-end=\"270\" data-is-last-node=\"\" data-is-only-node=\"\">Mark Steiner wraca z wyprawy na biegun, ale jego umys\u0142 wci\u0105\u017c tkwi w\u015br\u00f3d lodu. Rzeczywisto\u015b\u0107 zaczyna si\u0119 rozpada\u0107, gdy sny, paranoja i dawne traumy przenikaj\u0105 codzienno\u015b\u0107. Mroczny thriller o granicy szale\u0144stwa, gdzie nie wiadomo, co jest wspomnieniem, a co ko\u0144cem \u015bwiata.<\/p>\n<\/div>\n<\/div>\n<\/div>\n<\/div>\n<\/div>\n<\/div>\n<\/article>","protected":false},"featured_media":4198,"comment_status":"open","ping_status":"closed","template":"","meta":{"site-sidebar-layout":"default","site-content-layout":"default","ast-site-content-layout":"default","site-content-style":"default","site-sidebar-style":"default","ast-global-header-display":"","ast-banner-title-visibility":"","ast-main-header-display":"","ast-hfb-above-header-display":"","ast-hfb-below-header-display":"","ast-hfb-mobile-header-display":"","site-post-title":"","ast-breadcrumbs-content":"","ast-featured-img":"","footer-sml-layout":"","theme-transparent-header-meta":"default","adv-header-id-meta":"","stick-header-meta":"","header-above-stick-meta":"","header-main-stick-meta":"","header-below-stick-meta":"","astra-migrate-meta-layouts":"set","ast-page-background-enabled":"default","ast-page-background-meta":{"desktop":{"background-color":"var(--ast-global-color-4)","background-image":"","background-repeat":"repeat","background-position":"center center","background-size":"auto","background-attachment":"scroll","background-type":"","background-media":"","overlay-type":"","overlay-color":"","overlay-opacity":"","overlay-gradient":""},"tablet":{"background-color":"","background-image":"","background-repeat":"repeat","background-position":"center center","background-size":"auto","background-attachment":"scroll","background-type":"","background-media":"","overlay-type":"","overlay-color":"","overlay-opacity":"","overlay-gradient":""},"mobile":{"background-color":"","background-image":"","background-repeat":"repeat","background-position":"center center","background-size":"auto","background-attachment":"scroll","background-type":"","background-media":"","overlay-type":"","overlay-color":"","overlay-opacity":"","overlay-gradient":""}},"ast-content-background-meta":{"desktop":{"background-color":"var(--ast-global-color-5)","background-image":"","background-repeat":"repeat","background-position":"center center","background-size":"auto","background-attachment":"scroll","background-type":"","background-media":"","overlay-type":"","overlay-color":"","overlay-opacity":"","overlay-gradient":""},"tablet":{"background-color":"var(--ast-global-color-5)","background-image":"","background-repeat":"repeat","background-position":"center center","background-size":"auto","background-attachment":"scroll","background-type":"","background-media":"","overlay-type":"","overlay-color":"","overlay-opacity":"","overlay-gradient":""},"mobile":{"background-color":"var(--ast-global-color-5)","background-image":"","background-repeat":"repeat","background-position":"center center","background-size":"auto","background-attachment":"scroll","background-type":"","background-media":"","overlay-type":"","overlay-color":"","overlay-opacity":"","overlay-gradient":""}}},"product_cat":[19,22],"product_tag":[68,57,20],"jetpack_sharing_enabled":true,"_links":{"self":[{"href":"https:\/\/makami.life\/en\/wp-json\/wp\/v2\/product\/4197"}],"collection":[{"href":"https:\/\/makami.life\/en\/wp-json\/wp\/v2\/product"}],"about":[{"href":"https:\/\/makami.life\/en\/wp-json\/wp\/v2\/types\/product"}],"replies":[{"embeddable":true,"href":"https:\/\/makami.life\/en\/wp-json\/wp\/v2\/comments?post=4197"}],"wp:featuredmedia":[{"embeddable":true,"href":"https:\/\/makami.life\/en\/wp-json\/wp\/v2\/media\/4198"}],"wp:attachment":[{"href":"https:\/\/makami.life\/en\/wp-json\/wp\/v2\/media?parent=4197"}],"wp:term":[{"taxonomy":"product_cat","embeddable":true,"href":"https:\/\/makami.life\/en\/wp-json\/wp\/v2\/product_cat?post=4197"},{"taxonomy":"product_tag","embeddable":true,"href":"https:\/\/makami.life\/en\/wp-json\/wp\/v2\/product_tag?post=4197"}],"curies":[{"name":"wp","href":"https:\/\/api.w.org\/{rel}","templated":true}]}}