{"id":4152,"date":"2025-03-12T10:31:31","date_gmt":"2025-03-12T10:31:31","guid":{"rendered":"https:\/\/makami.life\/?post_type=product&#038;p=4152"},"modified":"2025-04-08T12:17:26","modified_gmt":"2025-04-08T12:17:26","slug":"dziewczyna-na-motocyklu-2","status":"publish","type":"product","link":"https:\/\/makami.life\/en\/product\/dziewczyna-na-motocyklu-2\/","title":{"rendered":"Dziewczyna na motocyklu"},"content":{"rendered":"<h2><strong>Dziewczyna na motocyklu<\/strong><\/h2>\n<h5>Amy Novesky<\/h5>\n<p><em>\u201cCzasami jedynym sposobem na pokonanie wzg\u00f3rza jest wspinanie. To, co czeka na szczycie, jest tego warte\u201d.\u00a0 \u00a0 <img decoding=\"async\" class=\"alignnone size-thumbnail wp-image-3111\" src=\"https:\/\/makami.life\/wp-content\/uploads\/2024\/04\/She-2-150x120.png\" alt=\"\" width=\"150\" height=\"120\" \/><\/em><\/p>\n<div class=\"elementor-element elementor-element-f0c7122 elementor-widget elementor-widget-heading\" data-id=\"f0c7122\" data-element_type=\"widget\" data-widget_type=\"heading.default\">\n<div class=\"elementor-widget-container\">\n<h4 class=\"elementor-heading-title elementor-size-default\"><b>To wydarzy\u0142o si\u0119 naprawd\u0119&#8230;<\/b><\/h4>\n<\/div>\n<\/div>\n<p>\u201cDziewczyna na motocyklu\u201d opiera si\u0119 na \u017cyciu i jest inspirowana prawdziw\u0105 histori\u0105 dziewczyny: Anne-France Dautheville, kt\u00f3ra\u00a0w latach 70. XX wieku by\u0142a pierwsz\u0105 kobiet\u0105, kt\u00f3ra samotnie objecha\u0142a \u015bwiat na motocyklu.<\/p>\n<h4><strong>Dla kogo jest dziewczyna na motocyklu?<\/strong><\/h4>\n<p>Dla mi\u0142o\u015bnik\u00f3w literatury przygodowej oraz ka\u017cdego, kto marzy o odleg\u0142ych podr\u00f3\u017cach i odkrywaniu nieznanych. Dziewczyna na motocyklu to opowiadanie dla poszukiwaczy przyg\u00f3d, kt\u00f3rzy w literaturze szukaj\u0105 nie tylko rozrywki, ale i g\u0142\u0119bszych refleksji.<\/p>\n<p><img fetchpriority=\"high\" decoding=\"async\" class=\"aligncenter wp-image-3106 size-large\" src=\"https:\/\/makami.life\/wp-content\/uploads\/2024\/04\/Projekt-bez-nazwy-8-1024x448.png\" alt=\"\" width=\"1024\" height=\"448\" srcset=\"https:\/\/makami.life\/wp-content\/uploads\/2024\/04\/Projekt-bez-nazwy-8-1024x448.png 1024w, https:\/\/makami.life\/wp-content\/uploads\/2024\/04\/Projekt-bez-nazwy-8-300x131.png 300w, https:\/\/makami.life\/wp-content\/uploads\/2024\/04\/Projekt-bez-nazwy-8-768x336.png 768w, https:\/\/makami.life\/wp-content\/uploads\/2024\/04\/Projekt-bez-nazwy-8-18x8.png 18w, https:\/\/makami.life\/wp-content\/uploads\/2024\/04\/Projekt-bez-nazwy-8-600x263.png 600w, https:\/\/makami.life\/wp-content\/uploads\/2024\/04\/Projekt-bez-nazwy-8.png 1366w\" sizes=\"(max-width: 1024px) 100vw, 1024px\" \/><\/p>\n<h4><\/h4>\n<h4><\/h4>\n<p>&nbsp;<\/p>\n<h4><strong>Cechy produktu:<\/strong><\/h4>\n<p><strong>Gatunek:<\/strong> Opowie\u015b\u0107, Przygodowa<br \/>\n<strong>Format:<\/strong> Ok\u0142adka mi\u0119kka, ebook<br \/>\n<strong>Liczba Stron:<\/strong> 26<br \/>\n<strong>Wydanie:<\/strong> Pierwsze<br \/>\n<strong>J\u0119zyk:<\/strong> Polski<\/p>\n<p>&nbsp;<\/p>\n<h4><strong>O autorce\u00a0 \u00a0 \u00a0 \u00a0 \u00a0 \u00a0 \u00a0 \u00a0 \u00a0 \u00a0 \u00a0 \u00a0 \u00a0 \u00a0 \u00a0 \u00a0 \u00a0 \u00a0 \u00a0 \u00a0 \u00a0 \u00a0 \u00a0 \u00a0 \u00a0 \u00a0 \u00a0 \u00a0 \u00a0 \u00a0 \u00a0 \u00a0 \u00a0 \u00a0 \u00a0 \u00a0 \u00a0 \u00a0 \u00a0 \u00a0 \u00a0 \u00a0 \u00a0 \u00a0 \u00a0 \u00a0 \u00a0 \u00a0 \u00a0 \u00a0 \u00a0 <\/strong><\/h4>\n<h4><strong>\u00a0 <img decoding=\"async\" class=\"wp-image-3300 size-medium alignright\" src=\"https:\/\/makami.life\/wp-content\/uploads\/2024\/04\/instaportrait-300x300.jpeg\" alt=\"\" width=\"300\" height=\"300\" srcset=\"https:\/\/makami.life\/wp-content\/uploads\/2024\/04\/instaportrait-300x300.jpeg 300w, https:\/\/makami.life\/wp-content\/uploads\/2024\/04\/instaportrait-150x150.jpeg 150w, https:\/\/makami.life\/wp-content\/uploads\/2024\/04\/instaportrait-768x768.jpeg 768w, https:\/\/makami.life\/wp-content\/uploads\/2024\/04\/instaportrait-12x12.jpeg 12w, https:\/\/makami.life\/wp-content\/uploads\/2024\/04\/instaportrait-600x600.jpeg 600w, https:\/\/makami.life\/wp-content\/uploads\/2024\/04\/instaportrait-100x100.jpeg 100w, https:\/\/makami.life\/wp-content\/uploads\/2024\/04\/instaportrait.jpeg 1000w\" sizes=\"(max-width: 300px) 100vw, 300px\" \/><\/strong><\/h4>\n<p style=\"text-align: left;\">Amy Novesky to autorka i redaktorka ksi\u0105\u017cek. Jej nagradzane ksi\u0105\u017cki ilustrowane<br \/>\ndla dzieci obejmuj\u0105 tytu\u0142y: \u201cJe\u015bli chcesz je\u017adzi\u0107 konno\u201d; \u201cDziewczyna na motocyklu\u201d,<br \/>\n\u201cSzata\u0144ska ko\u0142ysanka, tkane \u017cycie Louise Bourgeois\u201d, \u201cJa, Frida\u201d; \u201cGeorgia na Hawajach\u201d ,\u201cImogen, matka modernizmu i trzech ch\u0142opc\u00f3w\u201d; oraz \u201cPan i Pani Day\u201d.<br \/>\nW 2016 roku Amy wsp\u00f3\u0142za\u0142o\u017cy\u0142a imprint Cameron Kids dla Cameron + Company<br \/>\nz wydawnictwem Nina Gruener. W 2020 roku, po przej\u0119ciu przez ABRAMS, Nowy Jork,<br \/>\nAmy zosta\u0142a dyrektorem redakcyjnym nagradzanego imprintu,a p\u00f3\u017aniej redaktorem-at-large. Obecnie Amy dzia\u0142a niezale\u017cnie.<\/p>\n<p>&nbsp;<\/p>\n<p>&nbsp;<\/p>\n<p><img loading=\"lazy\" decoding=\"async\" class=\"wp-image-4165 size-large aligncenter\" src=\"https:\/\/makami.life\/wp-content\/uploads\/2025\/03\/Okladka_Dziewczyna-na-motocyklu_druk_2025-02-04.pdf-1024x643.png\" alt=\"\" width=\"1024\" height=\"643\" srcset=\"https:\/\/makami.life\/wp-content\/uploads\/2025\/03\/Okladka_Dziewczyna-na-motocyklu_druk_2025-02-04.pdf-1024x643.png 1024w, https:\/\/makami.life\/wp-content\/uploads\/2025\/03\/Okladka_Dziewczyna-na-motocyklu_druk_2025-02-04.pdf-300x188.png 300w, https:\/\/makami.life\/wp-content\/uploads\/2025\/03\/Okladka_Dziewczyna-na-motocyklu_druk_2025-02-04.pdf-768x482.png 768w, https:\/\/makami.life\/wp-content\/uploads\/2025\/03\/Okladka_Dziewczyna-na-motocyklu_druk_2025-02-04.pdf-1536x965.png 1536w, https:\/\/makami.life\/wp-content\/uploads\/2025\/03\/Okladka_Dziewczyna-na-motocyklu_druk_2025-02-04.pdf-18x12.png 18w, https:\/\/makami.life\/wp-content\/uploads\/2025\/03\/Okladka_Dziewczyna-na-motocyklu_druk_2025-02-04.pdf-600x377.png 600w, https:\/\/makami.life\/wp-content\/uploads\/2025\/03\/Okladka_Dziewczyna-na-motocyklu_druk_2025-02-04.pdf.png 2000w\" sizes=\"(max-width: 1024px) 100vw, 1024px\" \/><\/p>\n<p>&nbsp;<\/p>\n<p>&nbsp;<\/p>","protected":false},"excerpt":{"rendered":"<p><strong>\u201cDziewczyna na motocyklu\u201d<\/strong>\u00a0to prawdziwa historia pierwszej kobiety, kt\u00f3ra przejecha\u0142a samotnie na motocyklu dooko\u0142a \u015bwiata. Ka\u017cde miejsce czego\u015b j\u0105 uczy. Ka\u017cde miejsce jest pi\u0119kne. I pomimo wielu upadk\u00f3w, obaw oraz l\u0119k\u00f3w uczy si\u0119 zawsze wstawa\u0107 i kontynuowa\u0107 jazd\u0119.<\/p>","protected":false},"featured_media":4164,"comment_status":"open","ping_status":"closed","template":"","meta":{"site-sidebar-layout":"default","site-content-layout":"","ast-site-content-layout":"default","site-content-style":"default","site-sidebar-style":"default","ast-global-header-display":"","ast-banner-title-visibility":"","ast-main-header-display":"","ast-hfb-above-header-display":"","ast-hfb-below-header-display":"","ast-hfb-mobile-header-display":"","site-post-title":"","ast-breadcrumbs-content":"","ast-featured-img":"","footer-sml-layout":"","theme-transparent-header-meta":"default","adv-header-id-meta":"","stick-header-meta":"","header-above-stick-meta":"","header-main-stick-meta":"","header-below-stick-meta":"","astra-migrate-meta-layouts":"set","ast-page-background-enabled":"default","ast-page-background-meta":{"desktop":{"background-color":"var(--ast-global-color-4)","background-image":"","background-repeat":"repeat","background-position":"center center","background-size":"auto","background-attachment":"scroll","background-type":"","background-media":"","overlay-type":"","overlay-color":"","overlay-opacity":"","overlay-gradient":""},"tablet":{"background-color":"","background-image":"","background-repeat":"repeat","background-position":"center center","background-size":"auto","background-attachment":"scroll","background-type":"","background-media":"","overlay-type":"","overlay-color":"","overlay-opacity":"","overlay-gradient":""},"mobile":{"background-color":"","background-image":"","background-repeat":"repeat","background-position":"center center","background-size":"auto","background-attachment":"scroll","background-type":"","background-media":"","overlay-type":"","overlay-color":"","overlay-opacity":"","overlay-gradient":""}},"ast-content-background-meta":{"desktop":{"background-color":"var(--ast-global-color-5)","background-image":"","background-repeat":"repeat","background-position":"center center","background-size":"auto","background-attachment":"scroll","background-type":"","background-media":"","overlay-type":"","overlay-color":"","overlay-opacity":"","overlay-gradient":""},"tablet":{"background-color":"var(--ast-global-color-5)","background-image":"","background-repeat":"repeat","background-position":"center center","background-size":"auto","background-attachment":"scroll","background-type":"","background-media":"","overlay-type":"","overlay-color":"","overlay-opacity":"","overlay-gradient":""},"mobile":{"background-color":"var(--ast-global-color-5)","background-image":"","background-repeat":"repeat","background-position":"center center","background-size":"auto","background-attachment":"scroll","background-type":"","background-media":"","overlay-type":"","overlay-color":"","overlay-opacity":"","overlay-gradient":""}}},"product_cat":[19,22],"product_tag":[],"jetpack_sharing_enabled":true,"_links":{"self":[{"href":"https:\/\/makami.life\/en\/wp-json\/wp\/v2\/product\/4152"}],"collection":[{"href":"https:\/\/makami.life\/en\/wp-json\/wp\/v2\/product"}],"about":[{"href":"https:\/\/makami.life\/en\/wp-json\/wp\/v2\/types\/product"}],"replies":[{"embeddable":true,"href":"https:\/\/makami.life\/en\/wp-json\/wp\/v2\/comments?post=4152"}],"wp:featuredmedia":[{"embeddable":true,"href":"https:\/\/makami.life\/en\/wp-json\/wp\/v2\/media\/4164"}],"wp:attachment":[{"href":"https:\/\/makami.life\/en\/wp-json\/wp\/v2\/media?parent=4152"}],"wp:term":[{"taxonomy":"product_cat","embeddable":true,"href":"https:\/\/makami.life\/en\/wp-json\/wp\/v2\/product_cat?post=4152"},{"taxonomy":"product_tag","embeddable":true,"href":"https:\/\/makami.life\/en\/wp-json\/wp\/v2\/product_tag?post=4152"}],"curies":[{"name":"wp","href":"https:\/\/api.w.org\/{rel}","templated":true}]}}