{"id":4096,"date":"2024-12-20T10:57:31","date_gmt":"2024-12-20T10:57:31","guid":{"rendered":"https:\/\/makami.life\/?post_type=product&#038;p=4096"},"modified":"2025-03-27T08:47:45","modified_gmt":"2025-03-27T08:47:45","slug":"moje-wyprawy-kolorowanka","status":"publish","type":"product","link":"https:\/\/makami.life\/en\/product\/moje-wyprawy-kolorowanka\/","title":{"rendered":"Moje Wyprawy- Kolorowanka"},"content":{"rendered":"<h2><strong>Moje Wyprawy- Kolorowanka<\/strong><\/h2>\n<p>&nbsp;<\/p>\n<p>Wejd\u017a w \u015bwiat niezwyk\u0142ych przyg\u00f3d z kolorowank\u0105 inspirowan\u0105 podr\u00f3\u017cami Marka Kami\u0144skiego \u2013 znanego polarnika i odkrywcy. Ksi\u0105\u017cka zawiera ilustracje do kolorowania oraz fotografie z jego wypraw na najbardziej ekstremalne zak\u0105tki Ziemi, takie jak bieguny czy egzotyczne wyspy. To idealne po\u0142\u0105czenie kreatywnej zabawy i inspiracji historiami wielkich wypraw. Dla ma\u0142ych i du\u017cych odkrywc\u00f3w, kt\u00f3rzy marz\u0105 o podr\u00f3\u017cach i wyzwaniach.<\/p>\n<p>&nbsp;<\/p>\n<p><strong>Format:<\/strong> Ok\u0142adka mi\u0119kka<\/p>\n<p><strong>Liczba stron:<\/strong> 40<\/p>\n<p><strong>Wydawnictwo:<\/strong> Makami<\/p>\n<h4><\/h4>\n<p><strong><img fetchpriority=\"high\" decoding=\"async\" class=\"size-large wp-image-4104 aligncenter\" src=\"https:\/\/makami.life\/wp-content\/uploads\/2024\/12\/4-kopia-1-1024x731.png\" alt=\"\" width=\"1024\" height=\"731\" srcset=\"https:\/\/makami.life\/wp-content\/uploads\/2024\/12\/4-kopia-1-1024x731.png 1024w, https:\/\/makami.life\/wp-content\/uploads\/2024\/12\/4-kopia-1-300x214.png 300w, https:\/\/makami.life\/wp-content\/uploads\/2024\/12\/4-kopia-1-768x549.png 768w, https:\/\/makami.life\/wp-content\/uploads\/2024\/12\/4-kopia-1-1536x1097.png 1536w, https:\/\/makami.life\/wp-content\/uploads\/2024\/12\/4-kopia-1-2048x1463.png 2048w, https:\/\/makami.life\/wp-content\/uploads\/2024\/12\/4-kopia-1-18x12.png 18w, https:\/\/makami.life\/wp-content\/uploads\/2024\/12\/4-kopia-1-600x429.png 600w\" sizes=\"(max-width: 1024px) 100vw, 1024px\" \/><\/strong><\/p>\n<p>&nbsp;<\/p>\n<p>&nbsp;<\/p>\n<p><img decoding=\"async\" class=\"wp-image-4097 aligncenter\" src=\"https:\/\/makami.life\/wp-content\/uploads\/2024\/12\/16-1024x1024.jpg\" alt=\"\" width=\"900\" height=\"900\" srcset=\"https:\/\/makami.life\/wp-content\/uploads\/2024\/12\/16-1024x1024.jpg 1024w, https:\/\/makami.life\/wp-content\/uploads\/2024\/12\/16-300x300.jpg 300w, https:\/\/makami.life\/wp-content\/uploads\/2024\/12\/16-150x150.jpg 150w, https:\/\/makami.life\/wp-content\/uploads\/2024\/12\/16-768x768.jpg 768w, https:\/\/makami.life\/wp-content\/uploads\/2024\/12\/16-12x12.jpg 12w, https:\/\/makami.life\/wp-content\/uploads\/2024\/12\/16-600x600.jpg 600w, https:\/\/makami.life\/wp-content\/uploads\/2024\/12\/16-100x100.jpg 100w, https:\/\/makami.life\/wp-content\/uploads\/2024\/12\/16.jpg 1080w\" sizes=\"(max-width: 900px) 100vw, 900px\" \/><\/p>\n<p>&nbsp;<\/p>\n<p>&nbsp;<\/p>","protected":false},"excerpt":{"rendered":"<p>&#8220;Moje Wyprawy&#8221; to kolorowanka inspirowana podr\u00f3\u017cami Marka Kami\u0144skiego, pe\u0142na ilustracji do samodzielnego kolorowania.<\/p>","protected":false},"featured_media":4108,"comment_status":"open","ping_status":"closed","template":"","meta":{"site-sidebar-layout":"default","site-content-layout":"","ast-site-content-layout":"default","site-content-style":"default","site-sidebar-style":"default","ast-global-header-display":"","ast-banner-title-visibility":"","ast-main-header-display":"","ast-hfb-above-header-display":"","ast-hfb-below-header-display":"","ast-hfb-mobile-header-display":"","site-post-title":"","ast-breadcrumbs-content":"","ast-featured-img":"","footer-sml-layout":"","theme-transparent-header-meta":"default","adv-header-id-meta":"","stick-header-meta":"","header-above-stick-meta":"","header-main-stick-meta":"","header-below-stick-meta":"","astra-migrate-meta-layouts":"set","ast-page-background-enabled":"default","ast-page-background-meta":{"desktop":{"background-color":"var(--ast-global-color-4)","background-image":"","background-repeat":"repeat","background-position":"center center","background-size":"auto","background-attachment":"scroll","background-type":"","background-media":"","overlay-type":"","overlay-color":"","overlay-opacity":"","overlay-gradient":""},"tablet":{"background-color":"","background-image":"","background-repeat":"repeat","background-position":"center center","background-size":"auto","background-attachment":"scroll","background-type":"","background-media":"","overlay-type":"","overlay-color":"","overlay-opacity":"","overlay-gradient":""},"mobile":{"background-color":"","background-image":"","background-repeat":"repeat","background-position":"center center","background-size":"auto","background-attachment":"scroll","background-type":"","background-media":"","overlay-type":"","overlay-color":"","overlay-opacity":"","overlay-gradient":""}},"ast-content-background-meta":{"desktop":{"background-color":"var(--ast-global-color-5)","background-image":"","background-repeat":"repeat","background-position":"center center","background-size":"auto","background-attachment":"scroll","background-type":"","background-media":"","overlay-type":"","overlay-color":"","overlay-opacity":"","overlay-gradient":""},"tablet":{"background-color":"var(--ast-global-color-5)","background-image":"","background-repeat":"repeat","background-position":"center center","background-size":"auto","background-attachment":"scroll","background-type":"","background-media":"","overlay-type":"","overlay-color":"","overlay-opacity":"","overlay-gradient":""},"mobile":{"background-color":"var(--ast-global-color-5)","background-image":"","background-repeat":"repeat","background-position":"center center","background-size":"auto","background-attachment":"scroll","background-type":"","background-media":"","overlay-type":"","overlay-color":"","overlay-opacity":"","overlay-gradient":""}}},"product_cat":[80,22],"product_tag":[],"jetpack_sharing_enabled":true,"_links":{"self":[{"href":"https:\/\/makami.life\/en\/wp-json\/wp\/v2\/product\/4096"}],"collection":[{"href":"https:\/\/makami.life\/en\/wp-json\/wp\/v2\/product"}],"about":[{"href":"https:\/\/makami.life\/en\/wp-json\/wp\/v2\/types\/product"}],"replies":[{"embeddable":true,"href":"https:\/\/makami.life\/en\/wp-json\/wp\/v2\/comments?post=4096"}],"wp:featuredmedia":[{"embeddable":true,"href":"https:\/\/makami.life\/en\/wp-json\/wp\/v2\/media\/4108"}],"wp:attachment":[{"href":"https:\/\/makami.life\/en\/wp-json\/wp\/v2\/media?parent=4096"}],"wp:term":[{"taxonomy":"product_cat","embeddable":true,"href":"https:\/\/makami.life\/en\/wp-json\/wp\/v2\/product_cat?post=4096"},{"taxonomy":"product_tag","embeddable":true,"href":"https:\/\/makami.life\/en\/wp-json\/wp\/v2\/product_tag?post=4096"}],"curies":[{"name":"wp","href":"https:\/\/api.w.org\/{rel}","templated":true}]}}