{"id":3767,"date":"2024-05-23T11:37:04","date_gmt":"2024-05-23T11:37:04","guid":{"rendered":"https:\/\/makami.life\/?post_type=product&#038;p=3767"},"modified":"2025-08-27T08:01:24","modified_gmt":"2025-08-27T08:01:24","slug":"polaris-jest-zimno-cieplej-nie-bedzie-ebook","status":"publish","type":"product","link":"https:\/\/makami.life\/en\/product\/polaris-jest-zimno-cieplej-nie-bedzie-ebook\/","title":{"rendered":"POLARIS &#8211; Jest zimno. Cieplej nie b\u0119dzie. EBOOK"},"content":{"rendered":"<h2><strong>Polaris \u2013 Jest zimno. Cieplej nie b\u0119dzie. EBOOK<\/strong><\/h2>\n<h4>Marek Kami\u0144ski<\/h4>\n<p>&nbsp;<\/p>\n<p class=\"elementor-heading-title elementor-size-default\"><em>\u201cZimno zamienia si\u0119 w kr\u00f3la marionetek i ci\u0105gnie za sznurki, na ko\u0144cu kt\u00f3rych przywi\u0105zany jest cz\u0142owiek.\u201d<\/em><\/p>\n<p><img fetchpriority=\"high\" decoding=\"async\" class=\"aligncenter wp-image-4205 size-full\" src=\"https:\/\/makami.life\/wp-content\/uploads\/2024\/03\/polaris-Baner-amerykanski-rozmiar-M-w-poziomie-2.png\" alt=\"\" width=\"2048\" height=\"350\" srcset=\"https:\/\/makami.life\/wp-content\/uploads\/2024\/03\/polaris-Baner-amerykanski-rozmiar-M-w-poziomie-2.png 2048w, https:\/\/makami.life\/wp-content\/uploads\/2024\/03\/polaris-Baner-amerykanski-rozmiar-M-w-poziomie-2-300x51.png 300w, https:\/\/makami.life\/wp-content\/uploads\/2024\/03\/polaris-Baner-amerykanski-rozmiar-M-w-poziomie-2-1024x175.png 1024w, https:\/\/makami.life\/wp-content\/uploads\/2024\/03\/polaris-Baner-amerykanski-rozmiar-M-w-poziomie-2-768x131.png 768w, https:\/\/makami.life\/wp-content\/uploads\/2024\/03\/polaris-Baner-amerykanski-rozmiar-M-w-poziomie-2-1536x263.png 1536w, https:\/\/makami.life\/wp-content\/uploads\/2024\/03\/polaris-Baner-amerykanski-rozmiar-M-w-poziomie-2-18x3.png 18w, https:\/\/makami.life\/wp-content\/uploads\/2024\/03\/polaris-Baner-amerykanski-rozmiar-M-w-poziomie-2-600x103.png 600w\" sizes=\"(max-width: 2048px) 100vw, 2048px\" \/><\/p>\n<h4><strong>Polaris \u2013 Jest zimno. Cieplej nie b\u0119dzie.<\/strong><\/h4>\n<p>Autor zabiera czytelnik\u00f3w do serca Arktyki, gdzie Mark Steiner, do\u015bwiadczony przewodnik ekstremalny, prze\u017cywa wewn\u0119trzne katharsis prowadz\u0105c na biegun grup\u0119 bogatego zleceniodawcy. Z jakimi demonami przychodzi si\u0119 zmierzy\u0107 ekscentrycznemu przewodnikowi? Jakie si\u0142y kieruj\u0105 \u015bwiatem, w kt\u00f3rym niestrudzenie pr\u00f3bujemy si\u0119 odnale\u017a\u0107?<\/p>\n<p><strong>Grupa podr\u00f3\u017cnik\u00f3w szuka sposobu na dotarcie na biegun p\u00f3\u0142nocny.<\/strong>\u00a0Anga\u017cuj\u0105 w projekt olbrzymie pok\u0142ady energii i pieni\u0119dzy.<\/p>\n<p>Co wyniknie z wyprawy, kt\u00f3r\u0105 poprowadzi na czubek Ziemi Mark i Rob? Jak\u00a0poradzi\u0107 sobie z szale\u0144stwem g\u0119stniej\u0105cym tym bardziej, im dalej na p\u00f3\u0142noc? Kiedy nadchodzi moment, w kt\u00f3rym zorientujemy si\u0119, \u017ce rozum nie wystarczy?<\/p>\n<h4><strong>Dla kogo jest Polaris?<\/strong><\/h4>\n<p>Dla mi\u0142o\u015bnik\u00f3w literatury przygodowej, thriller\u00f3w z elementami science fiction, oraz ka\u017cdego, kto marzy o odleg\u0142ych podr\u00f3\u017cach i odkrywaniu nieznanych. \u201cPolaris\u201d to ksi\u0105\u017cka dla poszukiwaczy przyg\u00f3d, pasjonat\u00f3w historii i tych, kt\u00f3rzy w literaturze szukaj\u0105 nie tylko rozrywki, ale i g\u0142\u0119bszych refleksji.<\/p>\n<p>&nbsp;<\/p>\n<div class=\"elementor-element elementor-element-5dd20a1 elementor-widget elementor-widget-text-editor\" data-id=\"5dd20a1\" data-element_type=\"widget\" data-widget_type=\"text-editor.default\">\n<div class=\"elementor-widget-container\">\n<p>Zanurz si\u0119 w opowie\u015bci, gdzie granica mi\u0119dzy legend\u0105 a rzeczywisto\u015bci\u0105 staje si\u0119 niewyra\u017ana. Od staro\u017cytnych mit\u00f3w Japonii, przez tajemnice Bractwa Thule, a\u017c po niebezpieczne i niewyja\u015bnione zjawiska natury \u2013\u00a0<strong>\u201cPolaris\u201d oferuje podr\u00f3\u017c, kt\u00f3ra rozci\u0105ga granice wyobra\u017ani i prowokuje do my\u015blenia.<\/strong><\/p>\n<p><img decoding=\"async\" class=\"aligncenter wp-image-4207 size-full\" src=\"https:\/\/makami.life\/wp-content\/uploads\/2024\/03\/polaris-Baner-amerykanski-rozmiar-M-w-poziomie-3.png\" alt=\"\" width=\"2048\" height=\"350\" srcset=\"https:\/\/makami.life\/wp-content\/uploads\/2024\/03\/polaris-Baner-amerykanski-rozmiar-M-w-poziomie-3.png 2048w, https:\/\/makami.life\/wp-content\/uploads\/2024\/03\/polaris-Baner-amerykanski-rozmiar-M-w-poziomie-3-300x51.png 300w, https:\/\/makami.life\/wp-content\/uploads\/2024\/03\/polaris-Baner-amerykanski-rozmiar-M-w-poziomie-3-1024x175.png 1024w, https:\/\/makami.life\/wp-content\/uploads\/2024\/03\/polaris-Baner-amerykanski-rozmiar-M-w-poziomie-3-768x131.png 768w, https:\/\/makami.life\/wp-content\/uploads\/2024\/03\/polaris-Baner-amerykanski-rozmiar-M-w-poziomie-3-1536x263.png 1536w, https:\/\/makami.life\/wp-content\/uploads\/2024\/03\/polaris-Baner-amerykanski-rozmiar-M-w-poziomie-3-18x3.png 18w, https:\/\/makami.life\/wp-content\/uploads\/2024\/03\/polaris-Baner-amerykanski-rozmiar-M-w-poziomie-3-600x103.png 600w\" sizes=\"(max-width: 2048px) 100vw, 2048px\" \/><\/p>\n<p>&nbsp;<\/p>\n<\/div>\n<\/div>\n<p><em>\u201cL\u00f3d pod ich nogami bez przerwy dr\u017ca\u0142, zupe\u0142nie jakby stali na budz\u0105cym si\u0119 do \u017cycia wulkanie, i popiskiwa\u0142 niczym \u017cyj\u0105ce zwierz\u0119. Czasem Rob mia\u0142 wra\u017cenie, \u017ce s\u0142ucha d\u017awi\u0119k\u00f3w kosmosu, fluktuacji plazmy, p\u00f3l magnetycznych i fal radiowych wy\u0142apanych przez satelit\u0119, czasem nawo\u0142ywania si\u0119 delfin\u00f3w, a czasem mrocznego, \u015bcinaj\u0105cego krew w \u017cy\u0142ach pomrukiwania bestii. Wydawa\u0142o mu si\u0119, \u017ce zna ju\u017c wszystkie d\u017awi\u0119ki wydawane przez lodowce, a jednak okolice bieguna porozumiewa\u0142y si\u0119 z nimi w zupe\u0142nie innym j\u0119zyku.Gdyby\u015bmy tylko mogli go zrozumie\u0107, mo\u017ce uda\u0142oby si\u0119 jako\u015b powstrzyma\u0107 szale\u0144stwa cywilizacji \u2013 pomy\u015bla\u0142 z \u017calem Rob\u201d.<\/em><\/p>\n<p><strong>Polaris, Marek Kami\u0144ski<\/strong><\/p>\n<p>&nbsp;<\/p>\n<h4><strong>Cechy produktu:<\/strong><\/h4>\n<p><strong>Gatunek:\u00a0<\/strong>Przygodowa, Thriller, Fikcja Naukowa<br \/>\n<strong>Format:<\/strong> Ebook<br \/>\n<strong>Typ Ebooka:<\/strong> EPUB, MOBI<br \/>\n<strong>Liczba Stron:<\/strong>\u00a0200<br \/>\n<strong>Wydanie:\u00a0<\/strong>Pierwsze<br \/>\n<strong>J\u0119zyk:<\/strong>\u00a0Polski<\/p>\n<p>&nbsp;<\/p>\n<h4><strong>O autorze<\/strong><\/h4>\n<h4><strong>\u00a0 \u00a0 \u00a0 \u00a0 \u00a0 \u00a0 \u00a0<img decoding=\"async\" class=\"alignright wp-image-3739\" src=\"https:\/\/makami.life\/wp-content\/uploads\/2024\/03\/1-q36m6vb8rnsx68zqxo22mucsgx8k1pj4mpspjb4pa8-199x300.png\" sizes=\"(max-width: 212px) 100vw, 212px\" srcset=\"https:\/\/makami.life\/wp-content\/uploads\/2024\/03\/1-q36m6vb8rnsx68zqxo22mucsgx8k1pj4mpspjb4pa8-199x300.png 199w, https:\/\/makami.life\/wp-content\/uploads\/2024\/03\/1-q36m6vb8rnsx68zqxo22mucsgx8k1pj4mpspjb4pa8-8x12.png 8w, https:\/\/makami.life\/wp-content\/uploads\/2024\/03\/1-q36m6vb8rnsx68zqxo22mucsgx8k1pj4mpspjb4pa8.png 398w\" alt=\"\" width=\"212\" height=\"320\" \/><\/strong><\/h4>\n<p>Marek Kami\u0144ski \u2013 to polski podr\u00f3\u017cnik ekstremalny, biznesmen, filozof, autor program\u00f3w<br \/>\nrozwojowych skupionych na odporno\u015bci psychicznej i or\u0119downik \u017cycia opartego o cele.<br \/>\nZosta\u0142 wpisany do ksi\u0119gi rekord\u00f3w Guinessa za zdobycie obu biegun\u00f3w Ziemi w ci\u0105gu<br \/>\njednego roku bez pomocy z zewn\u0105trz. Obecnie zaanga\u017cowany w projekty \u201cLifePlan Academy\u201d,<br \/>\n\u201cPower4Resilience\u201d i Kami\u0144ski Academy, kt\u00f3re polegaj\u0105 na budowaniu odporno\u015bci \u017cyciowej<br \/>\ni fundamentalnych umiej\u0119tno\u015bciach \u017cyciowych.<\/p>\n<p>&nbsp;<\/p>\n<p>&nbsp;<\/p>\n<h4><\/h4>\n<p>&nbsp;<\/p>\n<p>&nbsp;<\/p>","protected":false},"excerpt":{"rendered":"<p>\u201cPolaris\u201d to paszport do \u015bwiata pe\u0142nego wewn\u0119trznej walki, tajemnic i mro\u017c\u0105cych krew w \u017cy\u0142ach odkry\u0107. Ta opowie\u015b\u0107 to po\u0142\u0105czenie wci\u0105gaj\u0105cej przygody, g\u0142\u0119bokich refleksji o naturze ludzkiego ducha i ekscytuj\u0105cych zagadek historycznych.<\/p>","protected":false},"featured_media":4196,"comment_status":"open","ping_status":"closed","template":"","meta":{"site-sidebar-layout":"default","site-content-layout":"","ast-site-content-layout":"default","site-content-style":"default","site-sidebar-style":"default","ast-global-header-display":"","ast-banner-title-visibility":"","ast-main-header-display":"","ast-hfb-above-header-display":"","ast-hfb-below-header-display":"","ast-hfb-mobile-header-display":"","site-post-title":"","ast-breadcrumbs-content":"","ast-featured-img":"","footer-sml-layout":"","theme-transparent-header-meta":"default","adv-header-id-meta":"","stick-header-meta":"","header-above-stick-meta":"","header-main-stick-meta":"","header-below-stick-meta":"","astra-migrate-meta-layouts":"set","ast-page-background-enabled":"default","ast-page-background-meta":{"desktop":{"background-color":"var(--ast-global-color-4)","background-image":"","background-repeat":"repeat","background-position":"center center","background-size":"auto","background-attachment":"scroll","background-type":"","background-media":"","overlay-type":"","overlay-color":"","overlay-opacity":"","overlay-gradient":""},"tablet":{"background-color":"","background-image":"","background-repeat":"repeat","background-position":"center center","background-size":"auto","background-attachment":"scroll","background-type":"","background-media":"","overlay-type":"","overlay-color":"","overlay-opacity":"","overlay-gradient":""},"mobile":{"background-color":"","background-image":"","background-repeat":"repeat","background-position":"center center","background-size":"auto","background-attachment":"scroll","background-type":"","background-media":"","overlay-type":"","overlay-color":"","overlay-opacity":"","overlay-gradient":""}},"ast-content-background-meta":{"desktop":{"background-color":"var(--ast-global-color-5)","background-image":"","background-repeat":"repeat","background-position":"center center","background-size":"auto","background-attachment":"scroll","background-type":"","background-media":"","overlay-type":"","overlay-color":"","overlay-opacity":"","overlay-gradient":""},"tablet":{"background-color":"var(--ast-global-color-5)","background-image":"","background-repeat":"repeat","background-position":"center center","background-size":"auto","background-attachment":"scroll","background-type":"","background-media":"","overlay-type":"","overlay-color":"","overlay-opacity":"","overlay-gradient":""},"mobile":{"background-color":"var(--ast-global-color-5)","background-image":"","background-repeat":"repeat","background-position":"center center","background-size":"auto","background-attachment":"scroll","background-type":"","background-media":"","overlay-type":"","overlay-color":"","overlay-opacity":"","overlay-gradient":""}}},"product_cat":[31,22],"product_tag":[],"jetpack_sharing_enabled":true,"_links":{"self":[{"href":"https:\/\/makami.life\/en\/wp-json\/wp\/v2\/product\/3767"}],"collection":[{"href":"https:\/\/makami.life\/en\/wp-json\/wp\/v2\/product"}],"about":[{"href":"https:\/\/makami.life\/en\/wp-json\/wp\/v2\/types\/product"}],"replies":[{"embeddable":true,"href":"https:\/\/makami.life\/en\/wp-json\/wp\/v2\/comments?post=3767"}],"wp:featuredmedia":[{"embeddable":true,"href":"https:\/\/makami.life\/en\/wp-json\/wp\/v2\/media\/4196"}],"wp:attachment":[{"href":"https:\/\/makami.life\/en\/wp-json\/wp\/v2\/media?parent=3767"}],"wp:term":[{"taxonomy":"product_cat","embeddable":true,"href":"https:\/\/makami.life\/en\/wp-json\/wp\/v2\/product_cat?post=3767"},{"taxonomy":"product_tag","embeddable":true,"href":"https:\/\/makami.life\/en\/wp-json\/wp\/v2\/product_tag?post=3767"}],"curies":[{"name":"wp","href":"https:\/\/api.w.org\/{rel}","templated":true}]}}