{"id":3733,"date":"2025-09-12T08:42:00","date_gmt":"2025-09-12T08:42:00","guid":{"rendered":"https:\/\/makami.life\/?post_type=product&#038;p=3733"},"modified":"2026-04-10T07:40:00","modified_gmt":"2026-04-10T07:40:00","slug":"1cm-love","status":"publish","type":"product","link":"https:\/\/makami.life\/en\/product\/1cm-love\/","title":{"rendered":"1cm+ Love"},"content":{"rendered":"<h1>1cm+ Love<\/h1>\n<h2>Kim Eun-joo<\/h2>\n<p>&nbsp;<\/p>\n<p class=\"cvGsUA direction-ltr align-center para-style-body\"><span class=\"a_GcMg font-feature-liga-off font-feature-clig-off font-feature-calt-off text-decoration-none text-strikethrough-none\">\u201eZ daleka jeste\u015b jedn\u0105 <\/span><span class=\"a_GcMg font-feature-liga-off font-feature-clig-off font-feature-calt-off text-decoration-none text-strikethrough-none\">z wielu gwiazd, ale im bli\u017cej ci\u0119 poznaj\u0119, tym wyra\u017aniej widz\u0119, \u017ce jeste\u015b moim jedynym Ksi\u0119\u017cycem.\u201d<\/span><\/p>\n<p><strong>Mi\u0142o\u015b\u0107 zaczyna si\u0119 od ma\u0142ych rzeczy.<\/strong><br \/>\nO tym, jak jeden centymetr mo\u017ce ca\u0142kowicie zmieni\u0107 Twoje \u017cycie.Pe\u0142en mi\u0142o\u015bci przewodnik, kt\u00f3ry pomo\u017ce Ci odnale\u017a\u0107 szcz\u0119\u015bcie nawet w najmniejszych rzeczach &#8211; pojedynczych gestach, mimice twarzy czy s\u0142owach. Otworzy Ci oczy na \u015bwiat i na drugiego cz\u0142owieka. Poka\u017ce, \u017ce blisko\u015b\u0107 innej osoby mo\u017ce zmieni\u0107 nasze \u017cycie. \u201eMi\u0142o\u015b\u0107 to odkrycie w kim\u015b kryszta\u0142\u00f3w, kt\u00f3rych nikt inny nie dostrzeg\u0142, i jednoczesne odnalezienie w sobie czego\u015b, o czym nie mia\u0142o si\u0119 poj\u0119cia\u201d.\u201e1 cm+ Love\u201dto czu\u0142a i refleksyjna opowie\u015b\u0107 o mi\u0142o\u015bci w jej najprostszej formie. Nauczy Ci\u0119, jak dzieli\u0107 si\u0119 emocjami i by\u0107 otwartym na innego cz\u0142owieka. Opatrzona przeuroczymi ilustracjami sk\u0142ania do refleksji nad samym sob\u0105 i \u015bwiatem.Mi\u0142o\u015b\u0107 to droga do nas samych. Zacznij ni\u0105 kroczy\u0107 ju\u017c dzi\u015b.<\/p>\n<p>&nbsp;<\/p>\n<p><img fetchpriority=\"high\" decoding=\"async\" class=\"alignnone wp-image-4245 size-full\" src=\"https:\/\/makami.life\/wp-content\/uploads\/2025\/09\/1cm_135-1.png\" alt=\"\" width=\"3827\" height=\"1575\" srcset=\"https:\/\/makami.life\/wp-content\/uploads\/2025\/09\/1cm_135-1.png 3827w, https:\/\/makami.life\/wp-content\/uploads\/2025\/09\/1cm_135-1-300x123.png 300w, https:\/\/makami.life\/wp-content\/uploads\/2025\/09\/1cm_135-1-1024x421.png 1024w, https:\/\/makami.life\/wp-content\/uploads\/2025\/09\/1cm_135-1-768x316.png 768w, https:\/\/makami.life\/wp-content\/uploads\/2025\/09\/1cm_135-1-1536x632.png 1536w, https:\/\/makami.life\/wp-content\/uploads\/2025\/09\/1cm_135-1-2048x843.png 2048w, https:\/\/makami.life\/wp-content\/uploads\/2025\/09\/1cm_135-1-18x7.png 18w, https:\/\/makami.life\/wp-content\/uploads\/2025\/09\/1cm_135-1-600x247.png 600w\" sizes=\"(max-width: 3827px) 100vw, 3827px\" \/><\/p>\n<p><strong>Cechy produktu:\u00a0 \u00a0 \u00a0 \u00a0 \u00a0 \u00a0 \u00a0 \u00a0 \u00a0 \u00a0 \u00a0 \u00a0 \u00a0 \u00a0 \u00a0 \u00a0\u00a0<\/strong><\/p>\n<p><strong>Format:<\/strong> ok\u0142adka mi\u0119kka<br \/>\n<strong>Liczba Stron:<\/strong> 300<br \/>\n<strong>Wydanie:<\/strong> pierwsze<br \/>\n<strong>J\u0119zyk:<\/strong> Polski<\/p>\n<p><img decoding=\"async\" class=\"alignnone wp-image-4248\" src=\"https:\/\/makami.life\/wp-content\/uploads\/2025\/09\/grafiki-1cm-2-819x1024.png\" alt=\"\" width=\"550\" height=\"688\" srcset=\"https:\/\/makami.life\/wp-content\/uploads\/2025\/09\/grafiki-1cm-2-819x1024.png 819w, https:\/\/makami.life\/wp-content\/uploads\/2025\/09\/grafiki-1cm-2-240x300.png 240w, https:\/\/makami.life\/wp-content\/uploads\/2025\/09\/grafiki-1cm-2-768x960.png 768w, https:\/\/makami.life\/wp-content\/uploads\/2025\/09\/grafiki-1cm-2-10x12.png 10w, https:\/\/makami.life\/wp-content\/uploads\/2025\/09\/grafiki-1cm-2-600x750.png 600w, https:\/\/makami.life\/wp-content\/uploads\/2025\/09\/grafiki-1cm-2.png 1080w\" sizes=\"(max-width: 550px) 100vw, 550px\" \/><img decoding=\"async\" class=\"alignnone wp-image-4247\" src=\"https:\/\/makami.life\/wp-content\/uploads\/2025\/09\/grafiki-1cm-1-819x1024.png\" alt=\"\" width=\"550\" height=\"688\" srcset=\"https:\/\/makami.life\/wp-content\/uploads\/2025\/09\/grafiki-1cm-1-819x1024.png 819w, https:\/\/makami.life\/wp-content\/uploads\/2025\/09\/grafiki-1cm-1-240x300.png 240w, https:\/\/makami.life\/wp-content\/uploads\/2025\/09\/grafiki-1cm-1-768x960.png 768w, https:\/\/makami.life\/wp-content\/uploads\/2025\/09\/grafiki-1cm-1-10x12.png 10w, https:\/\/makami.life\/wp-content\/uploads\/2025\/09\/grafiki-1cm-1-600x750.png 600w, https:\/\/makami.life\/wp-content\/uploads\/2025\/09\/grafiki-1cm-1.png 1080w\" sizes=\"(max-width: 550px) 100vw, 550px\" \/><\/p>\n<p>&nbsp;<\/p>","protected":false},"excerpt":{"rendered":"<p class=\"elementor-heading-title elementor-size-default\">To niezwyk\u0142y przewodnik autorstwa Kim Eun-joo, kt\u00f3ry pomo\u017ce Ci odkry\u0107 drobne szcz\u0119\u015bcia, kt\u00f3re czyni\u0105 \u017cycie pi\u0119kniejszym. Wejd\u017a w \u015bwiat, gdzie nawet najmniejsze gesty mog\u0105 przynie\u015b\u0107 ogromn\u0105 rado\u015b\u0107. <strong>Zacznij podr\u00f3\u017c do wi\u0119kszego szcz\u0119\u015bcia ju\u017c teraz!<\/strong><\/p>","protected":false},"featured_media":4246,"comment_status":"open","ping_status":"closed","template":"","meta":{"site-sidebar-layout":"default","site-content-layout":"","ast-site-content-layout":"default","site-content-style":"default","site-sidebar-style":"default","ast-global-header-display":"","ast-banner-title-visibility":"","ast-main-header-display":"","ast-hfb-above-header-display":"","ast-hfb-below-header-display":"","ast-hfb-mobile-header-display":"","site-post-title":"","ast-breadcrumbs-content":"","ast-featured-img":"","footer-sml-layout":"","theme-transparent-header-meta":"default","adv-header-id-meta":"","stick-header-meta":"","header-above-stick-meta":"","header-main-stick-meta":"","header-below-stick-meta":"","astra-migrate-meta-layouts":"set","ast-page-background-enabled":"default","ast-page-background-meta":{"desktop":{"background-color":"var(--ast-global-color-4)","background-image":"","background-repeat":"repeat","background-position":"center center","background-size":"auto","background-attachment":"scroll","background-type":"","background-media":"","overlay-type":"","overlay-color":"","overlay-opacity":"","overlay-gradient":""},"tablet":{"background-color":"","background-image":"","background-repeat":"repeat","background-position":"center center","background-size":"auto","background-attachment":"scroll","background-type":"","background-media":"","overlay-type":"","overlay-color":"","overlay-opacity":"","overlay-gradient":""},"mobile":{"background-color":"","background-image":"","background-repeat":"repeat","background-position":"center center","background-size":"auto","background-attachment":"scroll","background-type":"","background-media":"","overlay-type":"","overlay-color":"","overlay-opacity":"","overlay-gradient":""}},"ast-content-background-meta":{"desktop":{"background-color":"var(--ast-global-color-5)","background-image":"","background-repeat":"repeat","background-position":"center center","background-size":"auto","background-attachment":"scroll","background-type":"","background-media":"","overlay-type":"","overlay-color":"","overlay-opacity":"","overlay-gradient":""},"tablet":{"background-color":"var(--ast-global-color-5)","background-image":"","background-repeat":"repeat","background-position":"center center","background-size":"auto","background-attachment":"scroll","background-type":"","background-media":"","overlay-type":"","overlay-color":"","overlay-opacity":"","overlay-gradient":""},"mobile":{"background-color":"var(--ast-global-color-5)","background-image":"","background-repeat":"repeat","background-position":"center center","background-size":"auto","background-attachment":"scroll","background-type":"","background-media":"","overlay-type":"","overlay-color":"","overlay-opacity":"","overlay-gradient":""}}},"product_cat":[19,22],"product_tag":[],"jetpack_sharing_enabled":true,"_links":{"self":[{"href":"https:\/\/makami.life\/en\/wp-json\/wp\/v2\/product\/3733"}],"collection":[{"href":"https:\/\/makami.life\/en\/wp-json\/wp\/v2\/product"}],"about":[{"href":"https:\/\/makami.life\/en\/wp-json\/wp\/v2\/types\/product"}],"replies":[{"embeddable":true,"href":"https:\/\/makami.life\/en\/wp-json\/wp\/v2\/comments?post=3733"}],"wp:featuredmedia":[{"embeddable":true,"href":"https:\/\/makami.life\/en\/wp-json\/wp\/v2\/media\/4246"}],"wp:attachment":[{"href":"https:\/\/makami.life\/en\/wp-json\/wp\/v2\/media?parent=3733"}],"wp:term":[{"taxonomy":"product_cat","embeddable":true,"href":"https:\/\/makami.life\/en\/wp-json\/wp\/v2\/product_cat?post=3733"},{"taxonomy":"product_tag","embeddable":true,"href":"https:\/\/makami.life\/en\/wp-json\/wp\/v2\/product_tag?post=3733"}],"curies":[{"name":"wp","href":"https:\/\/api.w.org\/{rel}","templated":true}]}}