{"id":287,"date":"2022-07-08T15:55:02","date_gmt":"2022-07-08T15:55:02","guid":{"rendered":"https:\/\/makami.life\/?post_type=product&#038;p=287"},"modified":"2025-08-11T13:47:09","modified_gmt":"2025-08-11T13:47:09","slug":"wisla-1047-tajemnic-ebook-pdf","status":"publish","type":"product","link":"https:\/\/makami.life\/en\/product\/wisla-1047-tajemnic-ebook-pdf\/","title":{"rendered":"Wis\u0142a. 1047 tajemnic EBOOK"},"content":{"rendered":"<h2>1047 tajemnic: tyle skrywa Wis\u0142a na ka\u017cdym ze swoich kilometr\u00f3w.<\/h2>\n<p>Ten wyj\u0105tkowy przewodnik po kr\u00f3lowej polskich rzek to efekt do\u015bwiadcze\u0144 Marka Kami\u0144skiego zebranych z trzech wypraw kajakiem po Wi\u015ble.<\/p>\n<p>Wis\u0142a jest rzek\u0105 niezwyk\u0142\u0105 i nieliczn\u0105 w\u015br\u00f3d europejskich rzek, kt\u00f3ra w du\u017cej mierze zachowa\u0142a sw\u00f3j naturalny stan. Je\u015bli planujesz wypraw\u0119, ten przewodnik mo\u017ce sta\u0107 si\u0119 dla Ciebie zbiorem cennych informacji.<\/p>\n<p>Pozycja ta to\u00a0<em>ksi\u0105\u017cka podr\u00f3\u017cnicza Marka Kami\u0144skiego o Wi\u015ble<\/em>, zawieraj\u0105ca precyzyjne opisy szlak\u00f3w turystycznych biegn\u0105cych wzd\u0142u\u017c Wis\u0142y, zr\u00f3\u017cnicowanych pod wzgl\u0119dem stopnia trudno\u015bci i potrzeb kajakarzy. Dlatego jest idealna zar\u00f3wno dla rodzin z dzie\u0107mi, jak i fotograf\u00f3w, mi\u0142o\u015bnik\u00f3w historii czy podr\u00f3\u017cnik\u00f3w preferuj\u0105cych ekstremalne doznania.<\/p>\n<p>Marek Kami\u0144ski praktycznie radzi gdzie przybi\u0107 do brzegu, gdzie spa\u0107 czy zaopatrzy\u0107 si\u0119 w prowiant.<\/p>\n<p>Sp\u0142ywy kajakowe s\u0105 \u015bwietnym pomys\u0142em na rodzinne sp\u0119dzenie czasu pe\u0142nego relaksu i dobrej zabawy. Polskie rzeki s\u0105 r\u00f3wnie\u017c idealnym miejscem na samotn\u0105 wypraw\u0119 sprzyjaj\u0105c\u0105 refleksji.<\/p>\n<h2>Informacje o szlakach kajakowych wzd\u0142u\u017c Wis\u0142y + mapa<\/h2>\n<p>Do ksi\u0105\u017cki do\u0142\u0105czona jest mapa z zaznaczonymi szlakami turystycznymi i atrakcjami znajduj\u0105cymi si\u0119 na trasie.<\/p>\n<blockquote><p>\u201eWis\u0142a nieraz przypomina Malediwy, nieraz Afryk\u0119 czy Australi\u0119. Mo\u017cna ni\u0105 podr\u00f3\u017cowa\u0107 latem i zim\u0105, o ka\u017cdej porze roku, a wyprawa mo\u017ce trwa\u0107 dzie\u0144, tydzie\u0144 lub miesi\u0105c.\u201d \u2013 Marek Kami\u0144ski<\/p><\/blockquote>\n<ul class=\"product-listing\">\n<li class=\"product-listing__row\">\n<div class=\"product-listing__col\"><span class=\"product-listing__name\">Forma: <\/span><span class=\"product-listing__value\">Ebook<\/span><\/div>\n<\/li>\n<li class=\"product-listing__row\">\n<div class=\"product-listing__col\"><span class=\"product-listing__name\">Wydawca: <\/span><span class=\"product-listing__value\">Fundacja Marka Kami\u0144skiego<\/span><\/div>\n<\/li>\n<li class=\"product-listing__row\">\n<div class=\"product-listing__col\"><span class=\"product-listing__name\">Autor: <\/span><span class=\"product-listing__value\">Marek Kami\u0144ski<\/span><\/div>\n<\/li>\n<\/ul>","protected":false},"excerpt":{"rendered":"<p>Ten wyj\u0105tkowy przewodnik po kr\u00f3lowej polskich rzek to efekt do\u015bwiadcze\u0144 Marka Kami\u0144skiego zebranych z trzech wypraw kajakiem po Wi\u015ble. Marek Kami\u0144ski praktycznie radzi gdzie przybi\u0107 do brzegu, gdzie spa\u0107 czy zaopatrzy\u0107 si\u0119 w prowiant.<\/p>","protected":false},"featured_media":187,"comment_status":"open","ping_status":"closed","template":"","meta":{"site-sidebar-layout":"default","site-content-layout":"default","ast-site-content-layout":"default","site-content-style":"default","site-sidebar-style":"default","ast-global-header-display":"","ast-banner-title-visibility":"","ast-main-header-display":"","ast-hfb-above-header-display":"","ast-hfb-below-header-display":"","ast-hfb-mobile-header-display":"","site-post-title":"","ast-breadcrumbs-content":"","ast-featured-img":"","footer-sml-layout":"","theme-transparent-header-meta":"default","adv-header-id-meta":"","stick-header-meta":"","header-above-stick-meta":"","header-main-stick-meta":"","header-below-stick-meta":"","astra-migrate-meta-layouts":"set","ast-page-background-enabled":"default","ast-page-background-meta":{"desktop":{"background-color":"var(--ast-global-color-4)","background-image":"","background-repeat":"repeat","background-position":"center center","background-size":"auto","background-attachment":"scroll","background-type":"","background-media":"","overlay-type":"","overlay-color":"","overlay-opacity":"","overlay-gradient":""},"tablet":{"background-color":"","background-image":"","background-repeat":"repeat","background-position":"center center","background-size":"auto","background-attachment":"scroll","background-type":"","background-media":"","overlay-type":"","overlay-color":"","overlay-opacity":"","overlay-gradient":""},"mobile":{"background-color":"","background-image":"","background-repeat":"repeat","background-position":"center center","background-size":"auto","background-attachment":"scroll","background-type":"","background-media":"","overlay-type":"","overlay-color":"","overlay-opacity":"","overlay-gradient":""}},"ast-content-background-meta":{"desktop":{"background-color":"var(--ast-global-color-5)","background-image":"","background-repeat":"repeat","background-position":"center center","background-size":"auto","background-attachment":"scroll","background-type":"","background-media":"","overlay-type":"","overlay-color":"","overlay-opacity":"","overlay-gradient":""},"tablet":{"background-color":"var(--ast-global-color-5)","background-image":"","background-repeat":"repeat","background-position":"center center","background-size":"auto","background-attachment":"scroll","background-type":"","background-media":"","overlay-type":"","overlay-color":"","overlay-opacity":"","overlay-gradient":""},"mobile":{"background-color":"var(--ast-global-color-5)","background-image":"","background-repeat":"repeat","background-position":"center center","background-size":"auto","background-attachment":"scroll","background-type":"","background-media":"","overlay-type":"","overlay-color":"","overlay-opacity":"","overlay-gradient":""}}},"product_cat":[31],"product_tag":[40,20,26,21],"jetpack_sharing_enabled":true,"_links":{"self":[{"href":"https:\/\/makami.life\/en\/wp-json\/wp\/v2\/product\/287"}],"collection":[{"href":"https:\/\/makami.life\/en\/wp-json\/wp\/v2\/product"}],"about":[{"href":"https:\/\/makami.life\/en\/wp-json\/wp\/v2\/types\/product"}],"replies":[{"embeddable":true,"href":"https:\/\/makami.life\/en\/wp-json\/wp\/v2\/comments?post=287"}],"wp:featuredmedia":[{"embeddable":true,"href":"https:\/\/makami.life\/en\/wp-json\/wp\/v2\/media\/187"}],"wp:attachment":[{"href":"https:\/\/makami.life\/en\/wp-json\/wp\/v2\/media?parent=287"}],"wp:term":[{"taxonomy":"product_cat","embeddable":true,"href":"https:\/\/makami.life\/en\/wp-json\/wp\/v2\/product_cat?post=287"},{"taxonomy":"product_tag","embeddable":true,"href":"https:\/\/makami.life\/en\/wp-json\/wp\/v2\/product_tag?post=287"}],"curies":[{"name":"wp","href":"https:\/\/api.w.org\/{rel}","templated":true}]}}