{"id":286,"date":"2022-07-08T15:53:46","date_gmt":"2022-07-08T15:53:46","guid":{"rendered":"https:\/\/makami.life\/?post_type=product&#038;p=286"},"modified":"2025-04-04T09:17:23","modified_gmt":"2025-04-04T09:17:23","slug":"wyprawa-ebook-epub","status":"publish","type":"product","link":"https:\/\/makami.life\/en\/product\/wyprawa-ebook-epub\/","title":{"rendered":"Wyprawa EBOOK"},"content":{"rendered":"<p>Podr\u00f3\u017cnik i zdobywca biegun\u00f3w Marek Kami\u0144ski zabiera nas w osobist\u0105 podr\u00f3\u017c w g\u0142\u0105b siebie do w\u0142asnego \u015bwiata. Wyprawy w najodleglejsze zak\u0105tki globu stanowi\u0105 pretekst do podr\u00f3\u017cy metafizycznej. Wyprawa jest drogowskazem \u2013 jak nada\u0107 sens \u017cyciu, kt\u00f3re czasami ten sens traci. Ksi\u0105\u017cka prowokuje czytelnika do zadania prostych, ale niezwykle istotnych pyta\u0144 dotycz\u0105cych naszej w\u0142asnej podr\u00f3\u017cy jak\u0105 jest \u017cycie. Dodatkowym atutem s\u0105 wyj\u0105tkowe grafiki autorstwa Mariusza Stawarskiego.<\/p>\n<h2>Wyprawa \u2013 ksi\u0105\u017cka Marka Kami\u0144skiego<\/h2>\n<p>Zapraszamy do zakupu\u00a0<strong>ksi\u0105\u017cki o samorozwoju<\/strong>\u00a0\u2013 pe\u0142nej przemy\u015ble\u0144, energii i motywacji do \u017cycia, jak\u0105 dzieli si\u0119 z nami Marek Kami\u0144ski.<\/p>\n<blockquote><p>\u201eKsi\u0105\u017cka ta odpowiada na pytanie, jak b\u0119d\u0105c samemu w drodze nie czu\u0107 si\u0119 samotnym, bo wszyscy jeste\u015bmy po prostu cz\u0119\u015bci\u0105 \u015awiata. Polecam! Tak\u017ce jako inspiracj\u0119.\u201d Martyna Wojciechowska<\/p><\/blockquote>\n<blockquote><p>\u201eMarek Kami\u0144ski to podr\u00f3\u017cnik, kt\u00f3ry dotar\u0142 do krainy Zen. To kraina, gdzie cz\u0142owiek mierzy si\u0119 ze swoimi marzeniami.\u201d Kora<\/p><\/blockquote>\n<h2>Ksi\u0105\u017cka o wyprawie Marka Kami\u0144skiego wspiera LifePlan!<\/h2>\n<p>&nbsp;<\/p>\n<ul class=\"product-listing\">\n<li class=\"product-listing__row\">\n<div class=\"product-listing__col\">Autor: Marek Kami\u0144ski<\/div>\n<\/li>\n<\/ul>","protected":false},"excerpt":{"rendered":"<p>Ksi\u0105\u017cka prowokuje czytelnika do zadania prostych, ale niezwykle istotnych pyta\u0144 dotycz\u0105cych naszej w\u0142asnej podr\u00f3\u017cy jak\u0105 jest \u017cycie. Dodatkowym atutem s\u0105 wyj\u0105tkowe grafiki autorstwa Mariusza Stawarskiego.<\/p>","protected":false},"featured_media":184,"comment_status":"open","ping_status":"closed","template":"","meta":{"site-sidebar-layout":"default","site-content-layout":"default","ast-site-content-layout":"default","site-content-style":"default","site-sidebar-style":"default","ast-global-header-display":"","ast-banner-title-visibility":"","ast-main-header-display":"","ast-hfb-above-header-display":"","ast-hfb-below-header-display":"","ast-hfb-mobile-header-display":"","site-post-title":"","ast-breadcrumbs-content":"","ast-featured-img":"","footer-sml-layout":"","theme-transparent-header-meta":"default","adv-header-id-meta":"","stick-header-meta":"","header-above-stick-meta":"","header-main-stick-meta":"","header-below-stick-meta":"","astra-migrate-meta-layouts":"set","ast-page-background-enabled":"default","ast-page-background-meta":{"desktop":{"background-color":"var(--ast-global-color-4)","background-image":"","background-repeat":"repeat","background-position":"center center","background-size":"auto","background-attachment":"scroll","background-type":"","background-media":"","overlay-type":"","overlay-color":"","overlay-opacity":"","overlay-gradient":""},"tablet":{"background-color":"","background-image":"","background-repeat":"repeat","background-position":"center center","background-size":"auto","background-attachment":"scroll","background-type":"","background-media":"","overlay-type":"","overlay-color":"","overlay-opacity":"","overlay-gradient":""},"mobile":{"background-color":"","background-image":"","background-repeat":"repeat","background-position":"center center","background-size":"auto","background-attachment":"scroll","background-type":"","background-media":"","overlay-type":"","overlay-color":"","overlay-opacity":"","overlay-gradient":""}},"ast-content-background-meta":{"desktop":{"background-color":"var(--ast-global-color-5)","background-image":"","background-repeat":"repeat","background-position":"center center","background-size":"auto","background-attachment":"scroll","background-type":"","background-media":"","overlay-type":"","overlay-color":"","overlay-opacity":"","overlay-gradient":""},"tablet":{"background-color":"var(--ast-global-color-5)","background-image":"","background-repeat":"repeat","background-position":"center center","background-size":"auto","background-attachment":"scroll","background-type":"","background-media":"","overlay-type":"","overlay-color":"","overlay-opacity":"","overlay-gradient":""},"mobile":{"background-color":"var(--ast-global-color-5)","background-image":"","background-repeat":"repeat","background-position":"center center","background-size":"auto","background-attachment":"scroll","background-type":"","background-media":"","overlay-type":"","overlay-color":"","overlay-opacity":"","overlay-gradient":""}}},"product_cat":[23,31],"product_tag":[34,20,21],"jetpack_sharing_enabled":true,"_links":{"self":[{"href":"https:\/\/makami.life\/en\/wp-json\/wp\/v2\/product\/286"}],"collection":[{"href":"https:\/\/makami.life\/en\/wp-json\/wp\/v2\/product"}],"about":[{"href":"https:\/\/makami.life\/en\/wp-json\/wp\/v2\/types\/product"}],"replies":[{"embeddable":true,"href":"https:\/\/makami.life\/en\/wp-json\/wp\/v2\/comments?post=286"}],"wp:featuredmedia":[{"embeddable":true,"href":"https:\/\/makami.life\/en\/wp-json\/wp\/v2\/media\/184"}],"wp:attachment":[{"href":"https:\/\/makami.life\/en\/wp-json\/wp\/v2\/media?parent=286"}],"wp:term":[{"taxonomy":"product_cat","embeddable":true,"href":"https:\/\/makami.life\/en\/wp-json\/wp\/v2\/product_cat?post=286"},{"taxonomy":"product_tag","embeddable":true,"href":"https:\/\/makami.life\/en\/wp-json\/wp\/v2\/product_tag?post=286"}],"curies":[{"name":"wp","href":"https:\/\/api.w.org\/{rel}","templated":true}]}}