{"id":285,"date":"2022-07-08T15:52:13","date_gmt":"2022-07-08T15:52:13","guid":{"rendered":"https:\/\/makami.life\/?post_type=product&#038;p=285"},"modified":"2025-04-04T09:17:36","modified_gmt":"2025-04-04T09:17:36","slug":"komiks-biegun","status":"publish","type":"product","link":"https:\/\/makami.life\/en\/product\/komiks-biegun\/","title":{"rendered":"Komiks &#8220;Biegun&#8221;"},"content":{"rendered":"<p>\u201cBiegun\u201d to dowcipny komiks opowiadaj\u0105cy histori\u0119 tr\u00f3jki przyjaci\u00f3\u0142 \u2013 Tomasza, Jana i Mateusza, kt\u00f3rych drogi rozesz\u0142y si\u0119 wraz z wkroczeniem w doros\u0142o\u015b\u0107. Kiedy wiele lat p\u00f3\u017aniej Mateusz ulegnie wypadkowi w g\u00f3rach, Jan postanowi \u015bci\u0105gn\u0105\u0107 Tomasza do rodzinnego miasteczka. Jednak wspomnienia wsp\u00f3lnych eskapad to za ma\u0142o, by wyrwa\u0107 przyjaciela z pourazowej traumy. Potrzeba wyzwania w postaci realizacji szalonego planu z dzieci\u0144stwa \u2013 podr\u00f3\u017cy na Biegun P\u00f3\u0142nocny. Przy pomocy mieszka\u0144c\u00f3w miasteczka, swojej asystentki i skandynawskich inwestor\u00f3w Tomasz udowodni, \u017ce mo\u017cna to zrobi\u0107 nie opuszczaj\u0105c granic kraju, a wielkiego podr\u00f3\u017cnika mo\u017cna spotka\u0107 w przydro\u017cnym warsztacie samochodowym. Poznaj t\u0119 niezwyk\u0142\u0105 opowie\u015b\u0107 o przyja\u017ani i zdobywaniu biegun\u00f3w.<\/p>\n<blockquote><p>\u201eW przypadku \u201eBieguna\u201d mamy tu przepi\u0119kn\u0105 opowie\u015b\u0107 o wytrwa\u0142o\u015bci, mi\u0142o\u015bci i pokonywaniu (wydawa\u0142oby si\u0119) najwi\u0119kszych trudno\u015bci. Przepi\u0119knie narysowane i tako\u017c napisane. Sam chyba bym si\u0119 nie wybra\u0142, lecz odwa\u017cniejszym polecam. Warto!\u201d Kazimierz Staszewski<\/p>\n<p>\u201eNa pierwszy rzut oka Biegun Tobiasza Pi\u0105tkowskiego (scenariusz) i Jaros\u0142awa Gacha (rysunki)\u00a0mo\u017ce kojarzy\u0107 si\u0119 niezbyt pozytywnie. Na ok\u0142adce wida\u0107 napis \u201eMarek Kami\u0144ski Adventures\u201d, wydawc\u0105 komiksu jest Instytut Marka Kami\u0144skiego, wi\u0119c czytelnik m\u00f3g\u0142by pomy\u015ble\u0107, \u017ce ma do czynienia z prac\u0105 na zlecenie, pozbawion\u0105 duszy rzemie\u015blnicz\u0105 robot\u0105, kt\u00f3rej zadaniem jest wychwalanie osi\u0105gni\u0119\u0107 s\u0142ynnego polarnika za pomoc\u0105 kadr\u00f3w i dymk\u00f3w z tekstem. Na szcz\u0119\u015bcie to wra\u017cenie, je\u015bli nawet u kogo\u015b wyst\u0105pi\u0142o (a wiem, \u017ce pocz\u0105tkowo niekt\u00f3rzy potraktowali\u00a0<em>Biegun<\/em>\u00a0w\u0142a\u015bnie tak, jak napisa\u0142em powy\u017cej), jest b\u0142\u0119dne. To historia nie zwi\u0105zana z wyprawami Kami\u0144skiego, kt\u00f3ry co prawda pojawia si\u0119 na jego kartach, ale jedynie w kr\u00f3tkim epizodzie. I, co najwa\u017cniejsze, jest solidn\u0105 pozycj\u0105.\u201d Micha\u0142 Misztal<\/p><\/blockquote>\n<div class=\"product-listing__col\">\n<div class=\"product-listing__col\">\n<ul>\n<li class=\"product-listing__row\">\n<div class=\"product-listing__col\"><span class=\"product-listing__name\">Forma: <\/span><span class=\"product-listing__value\">Comic<\/span><\/div>\n<\/li>\n<li class=\"product-listing__row\">\n<div class=\"product-listing__col\"><span class=\"product-listing__name\">Wydawca: <\/span><span class=\"product-listing__value\">Instytut Marka Kami\u0144skiego<\/span><\/div>\n<\/li>\n<li class=\"product-listing__row\">\n<div class=\"product-listing__col\"><span class=\"product-listing__name\">Wydanie: <\/span><span class=\"product-listing__value\">pierwsze<\/span><\/div>\n<\/li>\n<li class=\"product-listing__row\">\n<div class=\"product-listing__col\"><span class=\"product-listing__name\">Rok wydania: <\/span><span class=\"product-listing__value\">2013<\/span><\/div>\n<\/li>\n<li class=\"product-listing__row\">\n<div class=\"product-listing__col\"><span class=\"product-listing__name\">Oprawa: <\/span><span class=\"product-listing__value\">Mi\u0119kka<\/span><\/div>\n<\/li>\n<li class=\"product-listing__row\">\n<div class=\"product-listing__col\"><span class=\"product-listing__name\">Liczba stron: <\/span><span class=\"product-listing__value\">64<\/span><\/div>\n<\/li>\n<li class=\"product-listing__row\">\n<div class=\"product-listing__col\"><span class=\"product-listing__name\">Wymiary: <\/span><span class=\"product-listing__value\">210&#215;295 mm<\/span><\/div>\n<\/li>\n<li class=\"product-listing__row\">\n<div class=\"product-listing__col\"><span class=\"product-listing__name\">Waga: <\/span><span class=\"product-listing__value\">291 gr<\/span><\/div>\n<\/li>\n<li class=\"product-listing__row\">\n<div class=\"product-listing__col\"><span class=\"product-listing__name\">ISBN: <\/span><span class=\"product-listing__value\">978-83-9297-877-0<\/span><\/div>\n<\/li>\n<li class=\"product-listing__row\">\n<div class=\"product-listing__col\"><span class=\"product-listing__name\">Autor: <\/span><span class=\"product-listing__value\">Tobiasz Pi\u0105tkowski (scenariusz), Jaros\u0142aw Gach (rysunki)<\/span><\/div>\n<\/li>\n<li class=\"product-listing__row\">\n<div class=\"product-listing__col\"><span class=\"product-listing__name\">Cena ok\u0142adkowa:\u00a0<\/span><span class=\"product-listing__value\">45 z\u0142<\/span><\/div>\n<\/li>\n<\/ul>\n<\/div>\n<\/div>","protected":false},"excerpt":{"rendered":"<p>Przy pomocy mieszka\u0144c\u00f3w miasteczka, swojej asystentki i skandynawskich inwestor\u00f3w Tomasz udowodni, \u017ce mo\u017cna zdoby\u0107 biegun nie opuszczaj\u0105c granic kraju, a wielkiego podr\u00f3\u017cnika mo\u017cna spotka\u0107 w przydro\u017cnym warsztacie samochodowym. Poznaj t\u0119 niezwyk\u0142\u0105 opowie\u015b\u0107 o przyja\u017ani i zdobywaniu biegun\u00f3w.<\/p>\n<p>&nbsp;<\/p>\n<p><strong>(Zakup hurtowy?<\/strong> Napisz na <strong>adminmakami@kaminski.pl<\/strong> lub zadzwo\u0144 <strong>:))<\/strong><\/p>","protected":false},"featured_media":272,"comment_status":"open","ping_status":"closed","template":"","meta":{"site-sidebar-layout":"default","site-content-layout":"default","ast-site-content-layout":"default","site-content-style":"default","site-sidebar-style":"default","ast-global-header-display":"","ast-banner-title-visibility":"","ast-main-header-display":"","ast-hfb-above-header-display":"","ast-hfb-below-header-display":"","ast-hfb-mobile-header-display":"","site-post-title":"","ast-breadcrumbs-content":"","ast-featured-img":"","footer-sml-layout":"","theme-transparent-header-meta":"default","adv-header-id-meta":"","stick-header-meta":"","header-above-stick-meta":"","header-main-stick-meta":"","header-below-stick-meta":"","astra-migrate-meta-layouts":"set","ast-page-background-enabled":"default","ast-page-background-meta":{"desktop":{"background-color":"var(--ast-global-color-4)","background-image":"","background-repeat":"repeat","background-position":"center center","background-size":"auto","background-attachment":"scroll","background-type":"","background-media":"","overlay-type":"","overlay-color":"","overlay-opacity":"","overlay-gradient":""},"tablet":{"background-color":"","background-image":"","background-repeat":"repeat","background-position":"center center","background-size":"auto","background-attachment":"scroll","background-type":"","background-media":"","overlay-type":"","overlay-color":"","overlay-opacity":"","overlay-gradient":""},"mobile":{"background-color":"","background-image":"","background-repeat":"repeat","background-position":"center center","background-size":"auto","background-attachment":"scroll","background-type":"","background-media":"","overlay-type":"","overlay-color":"","overlay-opacity":"","overlay-gradient":""}},"ast-content-background-meta":{"desktop":{"background-color":"var(--ast-global-color-5)","background-image":"","background-repeat":"repeat","background-position":"center center","background-size":"auto","background-attachment":"scroll","background-type":"","background-media":"","overlay-type":"","overlay-color":"","overlay-opacity":"","overlay-gradient":""},"tablet":{"background-color":"var(--ast-global-color-5)","background-image":"","background-repeat":"repeat","background-position":"center center","background-size":"auto","background-attachment":"scroll","background-type":"","background-media":"","overlay-type":"","overlay-color":"","overlay-opacity":"","overlay-gradient":""},"mobile":{"background-color":"var(--ast-global-color-5)","background-image":"","background-repeat":"repeat","background-position":"center center","background-size":"auto","background-attachment":"scroll","background-type":"","background-media":"","overlay-type":"","overlay-color":"","overlay-opacity":"","overlay-gradient":""}}},"product_cat":[33],"product_tag":[35,20],"jetpack_sharing_enabled":true,"_links":{"self":[{"href":"https:\/\/makami.life\/en\/wp-json\/wp\/v2\/product\/285"}],"collection":[{"href":"https:\/\/makami.life\/en\/wp-json\/wp\/v2\/product"}],"about":[{"href":"https:\/\/makami.life\/en\/wp-json\/wp\/v2\/types\/product"}],"replies":[{"embeddable":true,"href":"https:\/\/makami.life\/en\/wp-json\/wp\/v2\/comments?post=285"}],"wp:featuredmedia":[{"embeddable":true,"href":"https:\/\/makami.life\/en\/wp-json\/wp\/v2\/media\/272"}],"wp:attachment":[{"href":"https:\/\/makami.life\/en\/wp-json\/wp\/v2\/media?parent=285"}],"wp:term":[{"taxonomy":"product_cat","embeddable":true,"href":"https:\/\/makami.life\/en\/wp-json\/wp\/v2\/product_cat?post=285"},{"taxonomy":"product_tag","embeddable":true,"href":"https:\/\/makami.life\/en\/wp-json\/wp\/v2\/product_tag?post=285"}],"curies":[{"name":"wp","href":"https:\/\/api.w.org\/{rel}","templated":true}]}}