{"id":281,"date":"2022-07-08T15:48:12","date_gmt":"2022-07-08T15:48:12","guid":{"rendered":"https:\/\/makami.life\/?post_type=product&#038;p=281"},"modified":"2025-04-04T09:17:49","modified_gmt":"2025-04-04T09:17:49","slug":"alfabet-ebook-epub","status":"publish","type":"product","link":"https:\/\/makami.life\/en\/product\/alfabet-ebook-epub\/","title":{"rendered":"Moje bieguny. Dzienniki z wypraw 1990-1998 EBOOK"},"content":{"rendered":"<p>Bardzo osobisty, przepojony refleksj\u0105 dziennik cz\u0142owieka zmagaj\u0105cego si\u0119 samotnie z przyrod\u0105 i przede wszystkim, z w\u0142asn\u0105 s\u0142abo\u015bci\u0105.<\/p>\n<p>Znakomita pozycja dla mi\u0142o\u015bnik\u00f3w sportowych osi\u0105gni\u0119\u0107 Marka Kami\u0144skiego, zdobywcy obu ziemskich biegun\u00f3w. \u201eMoje bieguny\u201d to relacja z tych wypraw, przygotowa\u0144 do nich i pr\u00f3b podejmowanych na mniejsz\u0105 skal\u0119, aby jak najlepiej wykona\u0107 postawione przed sob\u0105 zadanie. Ale opr\u00f3cz trud\u00f3w i rado\u015bci zwi\u0105zanych z podr\u00f3\u017cowaniem i eksplorowaniem ziemi, jest to przede wszystkim opowie\u015b\u0107 o podr\u00f3\u017cy w g\u0142\u0105b siebie, stawianiu sobie cel\u00f3w i znajdowaniu si\u0142y, by i\u015b\u0107 dalej. To \u015bwiadectwo, \u017ce pomimo przeciwno\u015bci, wysi\u0142ku i zm\u0119czenia a\u017c do granic ludzkiej wytrzyma\u0142o\u015bci, mo\u017cna osi\u0105gn\u0105\u0107 zamierzony cel.<\/p>\n<div class=\"product-listing__col\">\n<ul class=\"product-listing\">\n<li class=\"product-listing__row\">\n<div class=\"product-listing__col\"><span class=\"product-listing__name\">Autor: <\/span><span class=\"product-listing__value\">Marek Kami\u0144ski<\/span><\/div>\n<\/li>\n<li class=\"product-listing__row\">\n<div class=\"product-listing__col\"><span class=\"product-listing__name\">J\u0119zyk: <\/span><span class=\"product-listing__value\">polski<\/span><\/div>\n<\/li>\n<li class=\"product-listing__row\">\n<div class=\"product-listing__col\"><span class=\"product-listing__name\">ISBN: <\/span><span class=\"product-listing__value\">978-83-930853-6-1<\/span><\/div>\n<\/li>\n<li class=\"product-listing__row\">\n<div class=\"product-listing__col\"><span class=\"product-listing__name\">Wydawnictwo: <\/span><span class=\"product-listing__value\">Instytut Marka Kami\u0144skiego<\/span><\/div>\n<\/li>\n<\/ul>\n<\/div>","protected":false},"excerpt":{"rendered":"<p>Znakomita pozycja dla mi\u0142o\u015bnik\u00f3w sportowych osi\u0105gni\u0119\u0107 Marka Kami\u0144skiego, zdobywcy obu ziemskich biegun\u00f3w. \u201eMoje bieguny\u201d to relacja z tych wypraw, przygotowa\u0144 do nich i pr\u00f3b podejmowanych na mniejsz\u0105 skal\u0119, aby jak najlepiej wykona\u0107 postawione przed sob\u0105 zadanie.<\/p>\n<p>&nbsp;<\/p>","protected":false},"featured_media":284,"comment_status":"open","ping_status":"closed","template":"","meta":{"site-sidebar-layout":"default","site-content-layout":"default","ast-site-content-layout":"default","site-content-style":"default","site-sidebar-style":"default","ast-global-header-display":"","ast-banner-title-visibility":"","ast-main-header-display":"","ast-hfb-above-header-display":"","ast-hfb-below-header-display":"","ast-hfb-mobile-header-display":"","site-post-title":"","ast-breadcrumbs-content":"","ast-featured-img":"","footer-sml-layout":"","theme-transparent-header-meta":"default","adv-header-id-meta":"","stick-header-meta":"","header-above-stick-meta":"","header-main-stick-meta":"","header-below-stick-meta":"","astra-migrate-meta-layouts":"set","ast-page-background-enabled":"default","ast-page-background-meta":{"desktop":{"background-color":"var(--ast-global-color-4)","background-image":"","background-repeat":"repeat","background-position":"center center","background-size":"auto","background-attachment":"scroll","background-type":"","background-media":"","overlay-type":"","overlay-color":"","overlay-opacity":"","overlay-gradient":""},"tablet":{"background-color":"","background-image":"","background-repeat":"repeat","background-position":"center center","background-size":"auto","background-attachment":"scroll","background-type":"","background-media":"","overlay-type":"","overlay-color":"","overlay-opacity":"","overlay-gradient":""},"mobile":{"background-color":"","background-image":"","background-repeat":"repeat","background-position":"center center","background-size":"auto","background-attachment":"scroll","background-type":"","background-media":"","overlay-type":"","overlay-color":"","overlay-opacity":"","overlay-gradient":""}},"ast-content-background-meta":{"desktop":{"background-color":"var(--ast-global-color-5)","background-image":"","background-repeat":"repeat","background-position":"center center","background-size":"auto","background-attachment":"scroll","background-type":"","background-media":"","overlay-type":"","overlay-color":"","overlay-opacity":"","overlay-gradient":""},"tablet":{"background-color":"var(--ast-global-color-5)","background-image":"","background-repeat":"repeat","background-position":"center center","background-size":"auto","background-attachment":"scroll","background-type":"","background-media":"","overlay-type":"","overlay-color":"","overlay-opacity":"","overlay-gradient":""},"mobile":{"background-color":"var(--ast-global-color-5)","background-image":"","background-repeat":"repeat","background-position":"center center","background-size":"auto","background-attachment":"scroll","background-type":"","background-media":"","overlay-type":"","overlay-color":"","overlay-opacity":"","overlay-gradient":""}}},"product_cat":[31],"product_tag":[34,20,21],"jetpack_sharing_enabled":true,"_links":{"self":[{"href":"https:\/\/makami.life\/en\/wp-json\/wp\/v2\/product\/281"}],"collection":[{"href":"https:\/\/makami.life\/en\/wp-json\/wp\/v2\/product"}],"about":[{"href":"https:\/\/makami.life\/en\/wp-json\/wp\/v2\/types\/product"}],"replies":[{"embeddable":true,"href":"https:\/\/makami.life\/en\/wp-json\/wp\/v2\/comments?post=281"}],"wp:featuredmedia":[{"embeddable":true,"href":"https:\/\/makami.life\/en\/wp-json\/wp\/v2\/media\/284"}],"wp:attachment":[{"href":"https:\/\/makami.life\/en\/wp-json\/wp\/v2\/media?parent=281"}],"wp:term":[{"taxonomy":"product_cat","embeddable":true,"href":"https:\/\/makami.life\/en\/wp-json\/wp\/v2\/product_cat?post=281"},{"taxonomy":"product_tag","embeddable":true,"href":"https:\/\/makami.life\/en\/wp-json\/wp\/v2\/product_tag?post=281"}],"curies":[{"name":"wp","href":"https:\/\/api.w.org\/{rel}","templated":true}]}}