{"id":279,"date":"2022-07-08T15:46:16","date_gmt":"2022-07-08T15:46:16","guid":{"rendered":"https:\/\/makami.life\/?post_type=product&#038;p=279"},"modified":"2025-04-04T09:19:38","modified_gmt":"2025-04-04T09:19:38","slug":"dotykanie-swiata-marka-kaminskiego-ebook-epub","status":"publish","type":"product","link":"https:\/\/makami.life\/en\/product\/dotykanie-swiata-marka-kaminskiego-ebook-epub\/","title":{"rendered":"Dotykanie \u015bwiata Marka Kami\u0144skiego EBOOK"},"content":{"rendered":"<p>\u201eDotykanie \u015bwiata Marka Kami\u0144skiego\u201d \u2013 wywiad rzeka spisany przez Marka Szyma\u0144skiego. Dotykanie \u015bwiata to nie tylko dalekie, niebezpieczne podr\u00f3\u017ce, to tak\u017ce podr\u00f3\u017c duchowa i intelektualna w g\u0142\u0105b siebie, zdobywanie wiedzy, \u017cycie zgodne ze swoimi pragnieniami\u201d. Marek Kami\u0144ski, podr\u00f3\u017cnik, odkrywca, polarnik, ale te\u017c biznesmen i cz\u0142owiek, kt\u00f3ry potrafi przeszczepia\u0107 innym swoj\u0105 pasj\u0119 \u017cycia i ch\u0119\u0107 ci\u0105g\u0142ego, aktywnego poznawania \u015bwiata \u2013 tym razem opowiada Markowi Szyma\u0144skiemu o tym, jak to wszystko si\u0119 zacz\u0119\u0142o. Ksi\u0105\u017cka stanowi swoisty klucz, kt\u00f3ry otwiera drzwi do \u015bwiata, w kt\u00f3rym marzenia, nawet te najniezwyklejsze, s\u0105 realizowane, wzmacniaj\u0105c wiar\u0119 w ludzkie mo\u017cliwo\u015bci.<\/p>\n<p>Marek Kami\u0144ski, opowiadaj\u0105c o swoim \u017cyciu, pokazuje nam, \u017ce warto marzy\u0107, warto odwa\u017cnie kroczy\u0107 ku granicom, tym realnym i tym, kt\u00f3re tylko sobie wyobra\u017camy. I warto je przekracza\u0107 \u2013 Marek Kami\u0144ski robi\u0142 to wielokrotnie, w ksi\u0105\u017cce opisuje trudne momenty swoich podr\u00f3\u017cy, chwile zw\u0105tpienia w trakcie wyprawy z Ja\u015bkiem Mel\u0105, b\u00f3l i os\u0142abienie fizyczne, kt\u00f3re towarzyszy\u0142y mu podczas zdobywania Biegun\u00f3w, ale te\u017c chwile wielkiej rado\u015bci i tryumfu.<\/p>\n<div class=\"product-listing__col\">\n<div class=\"product-listing__col\">\n<p>&nbsp;<\/p>\n<\/div>\n<\/div>","protected":false},"excerpt":{"rendered":"<p>\u201eDotykanie \u015bwiata Marka Kami\u0144skiego\u201d \u2013 wywiad rzeka spisany przez Marka Szyma\u0144skiego. Dotykanie \u015bwiata to nie tylko dalekie, niebezpieczne podr\u00f3\u017ce, to tak\u017ce podr\u00f3\u017c duchowa i intelektualna w g\u0142\u0105b siebie, zdobywanie wiedzy, \u017cycie zgodne ze swoimi pragnieniami\u201d.<\/p>","protected":false},"featured_media":280,"comment_status":"open","ping_status":"closed","template":"","meta":{"site-sidebar-layout":"default","site-content-layout":"default","ast-site-content-layout":"default","site-content-style":"default","site-sidebar-style":"default","ast-global-header-display":"","ast-banner-title-visibility":"","ast-main-header-display":"","ast-hfb-above-header-display":"","ast-hfb-below-header-display":"","ast-hfb-mobile-header-display":"","site-post-title":"","ast-breadcrumbs-content":"","ast-featured-img":"","footer-sml-layout":"","theme-transparent-header-meta":"default","adv-header-id-meta":"","stick-header-meta":"","header-above-stick-meta":"","header-main-stick-meta":"","header-below-stick-meta":"","astra-migrate-meta-layouts":"set","ast-page-background-enabled":"default","ast-page-background-meta":{"desktop":{"background-color":"var(--ast-global-color-4)","background-image":"","background-repeat":"repeat","background-position":"center center","background-size":"auto","background-attachment":"scroll","background-type":"","background-media":"","overlay-type":"","overlay-color":"","overlay-opacity":"","overlay-gradient":""},"tablet":{"background-color":"","background-image":"","background-repeat":"repeat","background-position":"center center","background-size":"auto","background-attachment":"scroll","background-type":"","background-media":"","overlay-type":"","overlay-color":"","overlay-opacity":"","overlay-gradient":""},"mobile":{"background-color":"","background-image":"","background-repeat":"repeat","background-position":"center center","background-size":"auto","background-attachment":"scroll","background-type":"","background-media":"","overlay-type":"","overlay-color":"","overlay-opacity":"","overlay-gradient":""}},"ast-content-background-meta":{"desktop":{"background-color":"var(--ast-global-color-5)","background-image":"","background-repeat":"repeat","background-position":"center center","background-size":"auto","background-attachment":"scroll","background-type":"","background-media":"","overlay-type":"","overlay-color":"","overlay-opacity":"","overlay-gradient":""},"tablet":{"background-color":"var(--ast-global-color-5)","background-image":"","background-repeat":"repeat","background-position":"center center","background-size":"auto","background-attachment":"scroll","background-type":"","background-media":"","overlay-type":"","overlay-color":"","overlay-opacity":"","overlay-gradient":""},"mobile":{"background-color":"var(--ast-global-color-5)","background-image":"","background-repeat":"repeat","background-position":"center center","background-size":"auto","background-attachment":"scroll","background-type":"","background-media":"","overlay-type":"","overlay-color":"","overlay-opacity":"","overlay-gradient":""}}},"product_cat":[23,31],"product_tag":[30,34,20],"jetpack_sharing_enabled":true,"_links":{"self":[{"href":"https:\/\/makami.life\/en\/wp-json\/wp\/v2\/product\/279"}],"collection":[{"href":"https:\/\/makami.life\/en\/wp-json\/wp\/v2\/product"}],"about":[{"href":"https:\/\/makami.life\/en\/wp-json\/wp\/v2\/types\/product"}],"replies":[{"embeddable":true,"href":"https:\/\/makami.life\/en\/wp-json\/wp\/v2\/comments?post=279"}],"wp:featuredmedia":[{"embeddable":true,"href":"https:\/\/makami.life\/en\/wp-json\/wp\/v2\/media\/280"}],"wp:attachment":[{"href":"https:\/\/makami.life\/en\/wp-json\/wp\/v2\/media?parent=279"}],"wp:term":[{"taxonomy":"product_cat","embeddable":true,"href":"https:\/\/makami.life\/en\/wp-json\/wp\/v2\/product_cat?post=279"},{"taxonomy":"product_tag","embeddable":true,"href":"https:\/\/makami.life\/en\/wp-json\/wp\/v2\/product_tag?post=279"}],"curies":[{"name":"wp","href":"https:\/\/api.w.org\/{rel}","templated":true}]}}