{"id":275,"date":"2022-07-08T15:41:52","date_gmt":"2022-07-08T15:41:52","guid":{"rendered":"https:\/\/makami.life\/?post_type=product&#038;p=275"},"modified":"2025-03-27T09:03:26","modified_gmt":"2025-03-27T09:03:26","slug":"badz-zmiana","status":"publish","type":"product","link":"https:\/\/makami.life\/en\/product\/badz-zmiana\/","title":{"rendered":"B\u0105d\u017a zmian\u0105"},"content":{"rendered":"<p><em>B\u0105d\u017a zmian\u0105, kt\u00f3r\u0105 pragniesz ujrze\u0107 w \u015bwiecie.<\/em><br \/>\nM. Gandhi<\/p>\n<p>Najpierw bezkresna zielona tajga, martwe konie na dzikich stepach Mongolii i audiencja u japo\u0144skiej ksi\u0119\u017cniczki. A potem surowe ziemie tajemniczych Ajn\u00f3w, \u017cydowski \u201eraj\u201d na terytorium Rosji i spotkanie z islamskim mistykiem. Czy to w og\u00f3le mo\u017cliwe podczas jednej wyprawy?<\/p>\n<p>Samochodem elektrycznym z Polski do Japonii i z powrotem.\u00a030 000 km bez emisji CO2. Takiej wyprawy jeszcze nie by\u0142o!<\/p>\n<h2>Marek Kami\u0144ski \u2013\u00a0<em>B\u0105d\u017a Zmian\u0105<\/em>. Wyj\u0105tkowa podr\u00f3\u017c w \u015bwiecie ekologii i technologii<\/h2>\n<p>W tej ekspedycji nie chodzi\u0142o o dotarcie do kolejnego trudnego do zdobycia miejsca. Celem by\u0142o wyj\u015bcie poza schematy, pokazanie innej perspektywy my\u015blenia o \u015bwiecie, ekologii i technologii. Uda\u0142o si\u0119!<\/p>\n<p>Zmiana jest mo\u017cliwa. Marek Kami\u0144ski pokaza\u0142, jak mo\u017cesz jej dokona\u0107.<\/p>\n<p>Marek Kami\u0144ski, opowiadaj\u0105c o swoim \u017cyciu, pokazuje nam, \u017ce warto marzy\u0107, warto odwa\u017cnie kroczy\u0107 ku granicom, tym realnym i tym, kt\u00f3re tylko sobie wyobra\u017camy. I warto je przekracza\u0107 \u2013 Marek Kami\u0144ski robi\u0142 to wielokrotnie, w ksi\u0105\u017cce opisuje trudne momenty swoich podr\u00f3\u017cy, chwile zw\u0105tpienia w trakcie wyprawy z Ja\u015bkiem Mel\u0105, b\u00f3l i os\u0142abienie fizyczne, kt\u00f3re towarzyszy\u0142y mu podczas zdobywania Biegun\u00f3w, ale te\u017c chwile wielkiej rado\u015bci i tryumfu.<\/p>\n<h2>B\u0105d\u017a zmian\u0105 \u2013 wesprzyj LifePlan!<\/h2>\n<ul class=\"product-listing\">\n<li class=\"product-listing__row\">\n<div class=\"product-listing__col\"><span class=\"product-listing__name\">Wydawca: <\/span><span class=\"product-listing__value\">Mando<\/span><\/div>\n<\/li>\n<li class=\"product-listing__row\">\n<div class=\"product-listing__col\"><span class=\"product-listing__name\">Wydanie: <\/span><span class=\"product-listing__value\">pierwsze<\/span><\/div>\n<\/li>\n<li class=\"product-listing__row\">\n<div class=\"product-listing__col\"><span class=\"product-listing__name\">Rok wydania: <\/span><span class=\"product-listing__value\">2020<\/span><\/div>\n<\/li>\n<li class=\"product-listing__row\">\n<div class=\"product-listing__col\"><span class=\"product-listing__name\">Oprawa: <\/span><span class=\"product-listing__value\">twarda<\/span><\/div>\n<\/li>\n<li class=\"product-listing__row\">\n<div class=\"product-listing__col\"><span class=\"product-listing__name\">Liczba stron: <\/span><span class=\"product-listing__value\">232<\/span><\/div>\n<\/li>\n<li class=\"product-listing__row\">\n<div class=\"product-listing__col\"><span class=\"product-listing__name\">Wymiary: <\/span><span class=\"product-listing__value\">142&#215;202 mm<\/span><\/div>\n<\/li>\n<li class=\"product-listing__row\">\n<div class=\"product-listing__col\"><span class=\"product-listing__name\">Waga: <\/span><span class=\"product-listing__value\">0.35 kg<\/span><\/div>\n<\/li>\n<li class=\"product-listing__row\">\n<div class=\"product-listing__col\"><span class=\"product-listing__name\">ISBN: <\/span><span class=\"product-listing__value\">978-83-277-1722-1<\/span><\/div>\n<\/li>\n<li class=\"product-listing__row\">\n<div class=\"product-listing__col\"><span class=\"product-listing__name\">Autor: <\/span><span class=\"product-listing__value\">Marek Kami\u0144ski, Joanna Podsadecka<\/span><\/div>\n<\/li>\n<li class=\"product-listing__row\">\n<div class=\"product-listing__col\"><span class=\"product-listing__name\">Cena ok\u0142adkowa: <\/span><span class=\"product-listing__value\">39,99 z\u0142<\/span><\/div>\n<\/li>\n<\/ul>","protected":false},"excerpt":{"rendered":"<p>Najpierw bezkresna zielona tajga, martwe konie na dzikich stepach Mongolii i audiencja u japo\u0144skiej ksi\u0119\u017cniczki. A potem surowe ziemie tajemniczych Ajn\u00f3w, \u017cydowski \u201eraj\u201d na terytorium Rosji i spotkanie z islamskim mistykiem. Czy to w og\u00f3le mo\u017cliwe podczas jednej wyprawy?<\/p>","protected":false},"featured_media":276,"comment_status":"open","ping_status":"closed","template":"","meta":{"site-sidebar-layout":"default","site-content-layout":"default","ast-site-content-layout":"default","site-content-style":"default","site-sidebar-style":"default","ast-global-header-display":"","ast-banner-title-visibility":"","ast-main-header-display":"","ast-hfb-above-header-display":"","ast-hfb-below-header-display":"","ast-hfb-mobile-header-display":"","site-post-title":"","ast-breadcrumbs-content":"","ast-featured-img":"","footer-sml-layout":"","theme-transparent-header-meta":"default","adv-header-id-meta":"","stick-header-meta":"","header-above-stick-meta":"","header-main-stick-meta":"","header-below-stick-meta":"","astra-migrate-meta-layouts":"set","ast-page-background-enabled":"default","ast-page-background-meta":{"desktop":{"background-color":"var(--ast-global-color-4)","background-image":"","background-repeat":"repeat","background-position":"center center","background-size":"auto","background-attachment":"scroll","background-type":"","background-media":"","overlay-type":"","overlay-color":"","overlay-opacity":"","overlay-gradient":""},"tablet":{"background-color":"","background-image":"","background-repeat":"repeat","background-position":"center center","background-size":"auto","background-attachment":"scroll","background-type":"","background-media":"","overlay-type":"","overlay-color":"","overlay-opacity":"","overlay-gradient":""},"mobile":{"background-color":"","background-image":"","background-repeat":"repeat","background-position":"center center","background-size":"auto","background-attachment":"scroll","background-type":"","background-media":"","overlay-type":"","overlay-color":"","overlay-opacity":"","overlay-gradient":""}},"ast-content-background-meta":{"desktop":{"background-color":"var(--ast-global-color-5)","background-image":"","background-repeat":"repeat","background-position":"center center","background-size":"auto","background-attachment":"scroll","background-type":"","background-media":"","overlay-type":"","overlay-color":"","overlay-opacity":"","overlay-gradient":""},"tablet":{"background-color":"var(--ast-global-color-5)","background-image":"","background-repeat":"repeat","background-position":"center center","background-size":"auto","background-attachment":"scroll","background-type":"","background-media":"","overlay-type":"","overlay-color":"","overlay-opacity":"","overlay-gradient":""},"mobile":{"background-color":"var(--ast-global-color-5)","background-image":"","background-repeat":"repeat","background-position":"center center","background-size":"auto","background-attachment":"scroll","background-type":"","background-media":"","overlay-type":"","overlay-color":"","overlay-opacity":"","overlay-gradient":""}}},"product_cat":[19,22],"product_tag":[21],"jetpack_sharing_enabled":true,"_links":{"self":[{"href":"https:\/\/makami.life\/en\/wp-json\/wp\/v2\/product\/275"}],"collection":[{"href":"https:\/\/makami.life\/en\/wp-json\/wp\/v2\/product"}],"about":[{"href":"https:\/\/makami.life\/en\/wp-json\/wp\/v2\/types\/product"}],"replies":[{"embeddable":true,"href":"https:\/\/makami.life\/en\/wp-json\/wp\/v2\/comments?post=275"}],"wp:featuredmedia":[{"embeddable":true,"href":"https:\/\/makami.life\/en\/wp-json\/wp\/v2\/media\/276"}],"wp:attachment":[{"href":"https:\/\/makami.life\/en\/wp-json\/wp\/v2\/media?parent=275"}],"wp:term":[{"taxonomy":"product_cat","embeddable":true,"href":"https:\/\/makami.life\/en\/wp-json\/wp\/v2\/product_cat?post=275"},{"taxonomy":"product_tag","embeddable":true,"href":"https:\/\/makami.life\/en\/wp-json\/wp\/v2\/product_tag?post=275"}],"curies":[{"name":"wp","href":"https:\/\/api.w.org\/{rel}","templated":true}]}}