{"id":269,"date":"2022-07-08T15:34:58","date_gmt":"2022-07-08T15:34:58","guid":{"rendered":"https:\/\/makami.life\/?post_type=product&#038;p=269"},"modified":"2025-03-27T09:04:45","modified_gmt":"2025-03-27T09:04:45","slug":"przygody-kapitana-hatterasa","status":"publish","type":"product","link":"https:\/\/makami.life\/en\/product\/przygody-kapitana-hatterasa\/","title":{"rendered":"Przygody kapitana Hatterasa"},"content":{"rendered":"<p>Pierwsze pe\u0142ne polskie wydanie ksi\u0105\u017cki Juliusza Verne\u2019a \u201ePrzygody kapitana Hatterasa\u201d z serii wydawniczej Biblioteka Marka Kami\u0144skiego. Fascynuj\u0105ca powie\u015b\u0107 fantastyczno naukowa o tym, jak ludzie zdobywali biegun, w czasach kiedy wszystko nie by\u0142o tak proste jak dzi\u015b. Wyrusz do krainy marze\u0144 o podr\u00f3\u017cach i zdobywaniu \u015bwiata. Poczuj dreszczyk emocji towarzysz\u0105cy drodze w nieznane. Wsi\u0105d\u017a na pok\u0142ad statku Forward pod dow\u00f3dztwem tytu\u0142owego kapitana Hatterasa i dowiedz si\u0119 jak bohaterowie radz\u0105 sobie z niezwyk\u0142ymi wyzwaniami: buntem, utrat\u0105 statku, walk\u0105 z dzikimi zwierz\u0119tami.<\/p>\n<p>Ksi\u0105\u017cka zdobiona oryginalnymi rycinami z XIX wieku. Dodatkowo bogata jest w cenne, znacz\u0105co u\u0142atwiaj\u0105ce lektur\u0119 przypisy. Co wi\u0119cej, ze \u015bwietnym wprowadzeniem autorstwa Marka Kami\u0144skiego.<\/p>\n<blockquote><p>\u201eCzytaj\u0105c ksi\u0105\u017ck\u0119 Juliusza Verne\u2019a prze\u017cywa\u0142em na nowo swoje podr\u00f3\u017ce. Nie mog\u0142em nadziwi\u0107 si\u0119, jak dobrze opisana historia odwzorowuje moj\u0105 drog\u0119 na biegun. Wraz z lektur\u0105 granica mi\u0119dzy bohaterem a mn\u0105 zatar\u0142a si\u0119, przesta\u0142em odr\u00f3\u017cnia\u0107 fikcj\u0119 literack\u0105 od w\u0142asnych prze\u017cy\u0107 i przemy\u015ble\u0144. \u201ePrzygody kapitana Hatterasa\u201d to wspania\u0142a inspiracja do odkrywania i zdobywania w\u0142asnych biegun\u00f3w. Szczerze polecam.\u201d Marek Kami\u0144ski<\/p><\/blockquote>\n<ul class=\"product-listing\">\n<li class=\"product-listing__row\">\n<div class=\"product-listing__col\"><span class=\"product-listing__name\">Ilo\u015b\u0107 stron: <\/span><span class=\"product-listing__value\">467<\/span><\/div>\n<\/li>\n<li class=\"product-listing__row\">\n<div class=\"product-listing__col\"><span class=\"product-listing__name\">Ok\u0142adka: <\/span><span class=\"product-listing__value\">Twarda<\/span><\/div>\n<\/li>\n<\/ul>","protected":false},"excerpt":{"rendered":"<p>Powie\u015b\u0107 Juliusza Verne o wyprawie na biegun &#8211; z przepi\u0119knymi rycinami i wst\u0119pem Marka Kami\u0144skiego.<\/p>\n<p>Wsi\u0105d\u017a na pok\u0142ad statku Forward pod dow\u00f3dztwem tytu\u0142owego kapitana Hatterasa i dowiedz si\u0119 jak bohaterowie radz\u0105 sobie z niezwyk\u0142ymi wyzwaniami: buntem, utrat\u0105 statku, walk\u0105 z dzikimi zwierz\u0119tami.<\/p>\n<p>&nbsp;<\/p>\n<p><strong>(Zakup hurtowy?<\/strong> Napisz na <strong>adminmakami@kaminski.pl<\/strong> lub zadzwo\u0144 <strong>:))<\/strong><\/p>","protected":false},"featured_media":270,"comment_status":"open","ping_status":"closed","template":"","meta":{"site-sidebar-layout":"default","site-content-layout":"default","ast-site-content-layout":"default","site-content-style":"default","site-sidebar-style":"default","ast-global-header-display":"","ast-banner-title-visibility":"","ast-main-header-display":"","ast-hfb-above-header-display":"","ast-hfb-below-header-display":"","ast-hfb-mobile-header-display":"","site-post-title":"","ast-breadcrumbs-content":"","ast-featured-img":"","footer-sml-layout":"","theme-transparent-header-meta":"default","adv-header-id-meta":"","stick-header-meta":"","header-above-stick-meta":"","header-main-stick-meta":"","header-below-stick-meta":"","astra-migrate-meta-layouts":"set","ast-page-background-enabled":"default","ast-page-background-meta":{"desktop":{"background-color":"var(--ast-global-color-4)","background-image":"","background-repeat":"repeat","background-position":"center center","background-size":"auto","background-attachment":"scroll","background-type":"","background-media":"","overlay-type":"","overlay-color":"","overlay-opacity":"","overlay-gradient":""},"tablet":{"background-color":"","background-image":"","background-repeat":"repeat","background-position":"center center","background-size":"auto","background-attachment":"scroll","background-type":"","background-media":"","overlay-type":"","overlay-color":"","overlay-opacity":"","overlay-gradient":""},"mobile":{"background-color":"","background-image":"","background-repeat":"repeat","background-position":"center center","background-size":"auto","background-attachment":"scroll","background-type":"","background-media":"","overlay-type":"","overlay-color":"","overlay-opacity":"","overlay-gradient":""}},"ast-content-background-meta":{"desktop":{"background-color":"var(--ast-global-color-5)","background-image":"","background-repeat":"repeat","background-position":"center center","background-size":"auto","background-attachment":"scroll","background-type":"","background-media":"","overlay-type":"","overlay-color":"","overlay-opacity":"","overlay-gradient":""},"tablet":{"background-color":"var(--ast-global-color-5)","background-image":"","background-repeat":"repeat","background-position":"center center","background-size":"auto","background-attachment":"scroll","background-type":"","background-media":"","overlay-type":"","overlay-color":"","overlay-opacity":"","overlay-gradient":""},"mobile":{"background-color":"var(--ast-global-color-5)","background-image":"","background-repeat":"repeat","background-position":"center center","background-size":"auto","background-attachment":"scroll","background-type":"","background-media":"","overlay-type":"","overlay-color":"","overlay-opacity":"","overlay-gradient":""}}},"product_cat":[19],"product_tag":[20],"jetpack_sharing_enabled":true,"_links":{"self":[{"href":"https:\/\/makami.life\/en\/wp-json\/wp\/v2\/product\/269"}],"collection":[{"href":"https:\/\/makami.life\/en\/wp-json\/wp\/v2\/product"}],"about":[{"href":"https:\/\/makami.life\/en\/wp-json\/wp\/v2\/types\/product"}],"replies":[{"embeddable":true,"href":"https:\/\/makami.life\/en\/wp-json\/wp\/v2\/comments?post=269"}],"wp:featuredmedia":[{"embeddable":true,"href":"https:\/\/makami.life\/en\/wp-json\/wp\/v2\/media\/270"}],"wp:attachment":[{"href":"https:\/\/makami.life\/en\/wp-json\/wp\/v2\/media?parent=269"}],"wp:term":[{"taxonomy":"product_cat","embeddable":true,"href":"https:\/\/makami.life\/en\/wp-json\/wp\/v2\/product_cat?post=269"},{"taxonomy":"product_tag","embeddable":true,"href":"https:\/\/makami.life\/en\/wp-json\/wp\/v2\/product_tag?post=269"}],"curies":[{"name":"wp","href":"https:\/\/api.w.org\/{rel}","templated":true}]}}