{"id":2298,"date":"2023-05-23T08:39:52","date_gmt":"2023-05-23T08:39:52","guid":{"rendered":"https:\/\/makami.life\/?post_type=product&#038;p=2298"},"modified":"2026-04-10T08:01:52","modified_gmt":"2026-04-10T08:01:52","slug":"marek-chlopiec-ktory-mial-marzenia","status":"publish","type":"product","link":"https:\/\/makami.life\/en\/product\/marek-chlopiec-ktory-mial-marzenia\/","title":{"rendered":"Marek &#8211; ch\u0142opiec, kt\u00f3ry mia\u0142 marzenia"},"content":{"rendered":"<h2><strong>Marek &#8211; ch\u0142opiec, kt\u00f3ry mia\u0142 marzenia<\/strong><\/h2>\n<p><strong>Poznaj histori\u0119, od kt\u00f3rej wszystko si\u0119 zacz\u0119\u0142o<\/strong><\/p>\n<p>To d\u0142ugo wyczekiwane wydanie ksi\u0105\u017cki dla dzieci, kt\u00f3ra przenosi czytelnik\u00f3w w \u015bwiat dzieci\u0144stwa jednego z najbardziej inspiruj\u0105cych podr\u00f3\u017cnik\u00f3w naszych czas\u00f3w. To pocz\u0105tek wielkiej drogi, kt\u00f3ra pokazuje, \u017ce ka\u017cde marzenie ma swoj\u0105 histori\u0119.<\/p>\n<p><strong>Jak rodz\u0105 si\u0119 wielkie marzenia?<\/strong><\/p>\n<p>Jakim dzieckiem by\u0142 Marek Kami\u0144ski? Co sprawi\u0142o, \u017ce wyr\u00f3\u017cnia\u0142 si\u0119 spo\u015br\u00f3d r\u00f3wie\u015bnik\u00f3w? W tej pe\u0142nej humoru i ciep\u0142a ksi\u0105\u017cce autor opowiada o szkolnych przygodach, pierwszych pasjach i momentach, kt\u00f3re rozbudzi\u0142y w nim ciekawo\u015b\u0107 \u015bwiata oraz odwag\u0119 do przekraczania w\u0142asnych granic.<\/p>\n<p><strong>Inspiruj\u0105ce historie dla m\u0142odych odkrywc\u00f3w<\/strong><\/p>\n<p>Ka\u017cda opowie\u015b\u0107 to ma\u0142a lekcja odwagi, wytrwa\u0142o\u015bci i wiary w siebie. Dzi\u0119ki lekkiej narracji i dowcipnym anegdotom dzieci nie tylko \u015bwietnie si\u0119 bawi\u0105, ale te\u017c ucz\u0105, \u017ce warto mie\u0107 marzenia &#8211; nawet te najbardziej niezwyk\u0142e.<\/p>\n<p><strong>Ilustracje i autentyczno\u015b\u0107, kt\u00f3re zachwycaj\u0105<\/strong><\/p>\n<p>Ksi\u0105\u017cka zachwyca pi\u0119knymi ilustracjami oraz unikalnymi zdj\u0119ciami z dzieci\u0144stwa autora, kt\u00f3re nadaj\u0105 jej wyj\u0105tkowego charakteru i sprawiaj\u0105, \u017ce historia staje si\u0119 jeszcze bardziej prawdziwa i bliska m\u0142odemu czytelnikowi.<\/p>\n<p><strong>Pierwszy krok do wielkiej przygody<\/strong><\/p>\n<p>To idealna ksi\u0105\u017cka dla dzieci, kt\u00f3re zaczynaj\u0105 odkrywa\u0107 \u015bwiat i zastanawiaj\u0105 si\u0119, kim chcia\u0142yby zosta\u0107 w przysz\u0142o\u015bci. Inspiruje do dzia\u0142ania, rozwija wyobra\u017ani\u0119 i pokazuje, \u017ce ka\u017cda wielka wyprawa zaczyna si\u0119 od jednego marzenia.<\/p>\n<p><em>\u201eKa\u017cda podr\u00f3\u017c zaczyna si\u0119 od marzenia&#8221;<\/em><\/p>\n<p><img fetchpriority=\"high\" decoding=\"async\" class=\"wp-image-4368 size-full aligncenter\" src=\"https:\/\/makami.life\/wp-content\/uploads\/2023\/05\/4Sst40qA.png\" alt=\"\" width=\"800\" height=\"800\" srcset=\"https:\/\/makami.life\/wp-content\/uploads\/2023\/05\/4Sst40qA.png 800w, https:\/\/makami.life\/wp-content\/uploads\/2023\/05\/4Sst40qA-300x300.png 300w, https:\/\/makami.life\/wp-content\/uploads\/2023\/05\/4Sst40qA-150x150.png 150w, https:\/\/makami.life\/wp-content\/uploads\/2023\/05\/4Sst40qA-768x768.png 768w, https:\/\/makami.life\/wp-content\/uploads\/2023\/05\/4Sst40qA-12x12.png 12w, https:\/\/makami.life\/wp-content\/uploads\/2023\/05\/4Sst40qA-600x600.png 600w, https:\/\/makami.life\/wp-content\/uploads\/2023\/05\/4Sst40qA-100x100.png 100w\" sizes=\"(max-width: 800px) 100vw, 800px\" \/><\/p>\n<p>&nbsp;<\/p>\n<h4><strong>Cechy produktu:<\/strong><\/h4>\n<p><strong>Format:<\/strong> Ok\u0142adka mi\u0119kka<br \/>\n<strong>Liczba Stron:<\/strong> 156<br \/>\n<strong>Wydanie:<\/strong> Pierwsze<br \/>\n<strong>J\u0119zyk:<\/strong> Polski<\/p>","protected":false},"excerpt":{"rendered":"<p>D\u0142ugo oczekiwane kolejne wydanie kultowej ju\u017c ksi\u0105\u017cki dla dzieci o przygodach z dzieci\u0144stwa s\u0142ynnego polskiego podr\u00f3\u017cnika i filozofa &#8211; Marka Kami\u0144skiego. Dowcipne historie oraz pi\u0119kne ilustracje od lat inspiruj\u0105 dzieci do wyznaczania sobie cel\u00f3w i si\u0119gania po marzenia.<\/p>","protected":false},"featured_media":2299,"comment_status":"open","ping_status":"closed","template":"","meta":{"site-sidebar-layout":"default","site-content-layout":"default","ast-site-content-layout":"default","site-content-style":"default","site-sidebar-style":"default","ast-global-header-display":"","ast-banner-title-visibility":"","ast-main-header-display":"","ast-hfb-above-header-display":"","ast-hfb-below-header-display":"","ast-hfb-mobile-header-display":"","site-post-title":"","ast-breadcrumbs-content":"","ast-featured-img":"","footer-sml-layout":"","theme-transparent-header-meta":"default","adv-header-id-meta":"","stick-header-meta":"","header-above-stick-meta":"","header-main-stick-meta":"","header-below-stick-meta":"","astra-migrate-meta-layouts":"set","ast-page-background-enabled":"default","ast-page-background-meta":{"desktop":{"background-color":"var(--ast-global-color-4)","background-image":"","background-repeat":"repeat","background-position":"center center","background-size":"auto","background-attachment":"scroll","background-type":"","background-media":"","overlay-type":"","overlay-color":"","overlay-opacity":"","overlay-gradient":""},"tablet":{"background-color":"","background-image":"","background-repeat":"repeat","background-position":"center center","background-size":"auto","background-attachment":"scroll","background-type":"","background-media":"","overlay-type":"","overlay-color":"","overlay-opacity":"","overlay-gradient":""},"mobile":{"background-color":"","background-image":"","background-repeat":"repeat","background-position":"center center","background-size":"auto","background-attachment":"scroll","background-type":"","background-media":"","overlay-type":"","overlay-color":"","overlay-opacity":"","overlay-gradient":""}},"ast-content-background-meta":{"desktop":{"background-color":"var(--ast-global-color-5)","background-image":"","background-repeat":"repeat","background-position":"center center","background-size":"auto","background-attachment":"scroll","background-type":"","background-media":"","overlay-type":"","overlay-color":"","overlay-opacity":"","overlay-gradient":""},"tablet":{"background-color":"var(--ast-global-color-5)","background-image":"","background-repeat":"repeat","background-position":"center center","background-size":"auto","background-attachment":"scroll","background-type":"","background-media":"","overlay-type":"","overlay-color":"","overlay-opacity":"","overlay-gradient":""},"mobile":{"background-color":"var(--ast-global-color-5)","background-image":"","background-repeat":"repeat","background-position":"center center","background-size":"auto","background-attachment":"scroll","background-type":"","background-media":"","overlay-type":"","overlay-color":"","overlay-opacity":"","overlay-gradient":""}}},"product_cat":[23,80,19],"product_tag":[],"jetpack_sharing_enabled":true,"_links":{"self":[{"href":"https:\/\/makami.life\/en\/wp-json\/wp\/v2\/product\/2298"}],"collection":[{"href":"https:\/\/makami.life\/en\/wp-json\/wp\/v2\/product"}],"about":[{"href":"https:\/\/makami.life\/en\/wp-json\/wp\/v2\/types\/product"}],"replies":[{"embeddable":true,"href":"https:\/\/makami.life\/en\/wp-json\/wp\/v2\/comments?post=2298"}],"wp:featuredmedia":[{"embeddable":true,"href":"https:\/\/makami.life\/en\/wp-json\/wp\/v2\/media\/2299"}],"wp:attachment":[{"href":"https:\/\/makami.life\/en\/wp-json\/wp\/v2\/media?parent=2298"}],"wp:term":[{"taxonomy":"product_cat","embeddable":true,"href":"https:\/\/makami.life\/en\/wp-json\/wp\/v2\/product_cat?post=2298"},{"taxonomy":"product_tag","embeddable":true,"href":"https:\/\/makami.life\/en\/wp-json\/wp\/v2\/product_tag?post=2298"}],"curies":[{"name":"wp","href":"https:\/\/api.w.org\/{rel}","templated":true}]}}