{"id":183,"date":"2022-07-04T20:57:42","date_gmt":"2022-07-04T20:57:42","guid":{"rendered":"https:\/\/makami.life\/?post_type=product&#038;p=183"},"modified":"2026-03-09T08:11:29","modified_gmt":"2026-03-09T08:11:29","slug":"wyprawa-audiobook","status":"publish","type":"product","link":"https:\/\/makami.life\/en\/product\/wyprawa-audiobook\/","title":{"rendered":"Wyprawa AUDIOBOOK"},"content":{"rendered":"<p>Wybierz si\u0119 na niezwyk\u0142\u0105 wypraw\u0119 z polskim podr\u00f3\u017cnikiem, polarnikiem i zdobywc\u0105 biegun\u00f3w. Marek Kami\u0144ski czyta ksi\u0105\u017ck\u0119 o podr\u00f3\u017cy nie tylko w najodleglejsze zak\u0105tki naszego globu, ale przede wszystkim o najtrudniejszej wyprawie \u2013 w g\u0142\u0105b samego siebie. Wyprawy w najodleglejsze zak\u0105tki globu stanowi\u0105 pretekst do podr\u00f3\u017cy metafizycznej. Wyprawa jest drogowskazem \u2013 jak nada\u0107 sens \u017cyciu, kt\u00f3re czasami ten sens traci. Ksi\u0105\u017cka prowokuje czytelnika do zadania prostych, ale niezwykle istotnych pyta\u0144 dotycz\u0105cych naszej w\u0142asnej podr\u00f3\u017cy jak\u0105 jest \u017cycie.<\/p>\n<p>Zapraszamy do zakupu audiobooka o samorozwoju \u2013 pe\u0142nego przemy\u015ble\u0144, energii i motywacji do \u017cycia, jak\u0105 dzieli si\u0119 z nami Marek Kami\u0144ski.<\/p>\n<blockquote><p>\u201eMarek Kami\u0144ski to podr\u00f3\u017cnik, kt\u00f3ry dotar\u0142 do krainy Zen. To kraina, gdzie cz\u0142owiek mierzy si\u0119 ze swoimi marzeniami.\u201d Kora<\/p><\/blockquote>\n<ul class=\"product-listing\">\n<li class=\"product-listing__row\">\n<div class=\"product-listing__col\"><span class=\"product-listing__name\">Forma: <\/span><span class=\"product-listing__value\">P\u0142yta CD<\/span><\/div>\n<\/li>\n<li class=\"product-listing__row\">\n<div class=\"product-listing__col\"><span class=\"product-listing__name\">Czyta: <\/span><span class=\"product-listing__value\">Marek Kami\u0144ski<\/span><\/div>\n<\/li>\n<li class=\"product-listing__row\">\n<div class=\"product-listing__col\"><span class=\"product-listing__name\">Czas trwania: <\/span><span class=\"product-listing__value\">8h 41min<\/span><\/div>\n<\/li>\n<\/ul>","protected":false},"excerpt":{"rendered":"<p>Marek Kami\u0144ski czyta ksi\u0105\u017ck\u0119 o podr\u00f3\u017cy nie tylko w najodleglejsze zak\u0105tki naszego globu, ale przede wszystkim o najtrudniejszej wyprawie \u2013 w g\u0142\u0105b samego siebie. Wyprawy w najodleglejsze zak\u0105tki globu stanowi\u0105 pretekst do podr\u00f3\u017cy metafizycznej.<\/p>","protected":false},"featured_media":4326,"comment_status":"open","ping_status":"closed","template":"","meta":{"site-sidebar-layout":"default","site-content-layout":"default","ast-site-content-layout":"default","site-content-style":"default","site-sidebar-style":"default","ast-global-header-display":"","ast-banner-title-visibility":"","ast-main-header-display":"","ast-hfb-above-header-display":"","ast-hfb-below-header-display":"","ast-hfb-mobile-header-display":"","site-post-title":"","ast-breadcrumbs-content":"","ast-featured-img":"","footer-sml-layout":"","theme-transparent-header-meta":"default","adv-header-id-meta":"","stick-header-meta":"","header-above-stick-meta":"","header-main-stick-meta":"","header-below-stick-meta":"","astra-migrate-meta-layouts":"set","ast-page-background-enabled":"default","ast-page-background-meta":{"desktop":{"background-color":"var(--ast-global-color-4)","background-image":"","background-repeat":"repeat","background-position":"center center","background-size":"auto","background-attachment":"scroll","background-type":"","background-media":"","overlay-type":"","overlay-color":"","overlay-opacity":"","overlay-gradient":""},"tablet":{"background-color":"","background-image":"","background-repeat":"repeat","background-position":"center center","background-size":"auto","background-attachment":"scroll","background-type":"","background-media":"","overlay-type":"","overlay-color":"","overlay-opacity":"","overlay-gradient":""},"mobile":{"background-color":"","background-image":"","background-repeat":"repeat","background-position":"center center","background-size":"auto","background-attachment":"scroll","background-type":"","background-media":"","overlay-type":"","overlay-color":"","overlay-opacity":"","overlay-gradient":""}},"ast-content-background-meta":{"desktop":{"background-color":"var(--ast-global-color-5)","background-image":"","background-repeat":"repeat","background-position":"center center","background-size":"auto","background-attachment":"scroll","background-type":"","background-media":"","overlay-type":"","overlay-color":"","overlay-opacity":"","overlay-gradient":""},"tablet":{"background-color":"var(--ast-global-color-5)","background-image":"","background-repeat":"repeat","background-position":"center center","background-size":"auto","background-attachment":"scroll","background-type":"","background-media":"","overlay-type":"","overlay-color":"","overlay-opacity":"","overlay-gradient":""},"mobile":{"background-color":"var(--ast-global-color-5)","background-image":"","background-repeat":"repeat","background-position":"center center","background-size":"auto","background-attachment":"scroll","background-type":"","background-media":"","overlay-type":"","overlay-color":"","overlay-opacity":"","overlay-gradient":""}}},"product_cat":[24],"product_tag":[25,20,21],"jetpack_sharing_enabled":true,"_links":{"self":[{"href":"https:\/\/makami.life\/en\/wp-json\/wp\/v2\/product\/183"}],"collection":[{"href":"https:\/\/makami.life\/en\/wp-json\/wp\/v2\/product"}],"about":[{"href":"https:\/\/makami.life\/en\/wp-json\/wp\/v2\/types\/product"}],"replies":[{"embeddable":true,"href":"https:\/\/makami.life\/en\/wp-json\/wp\/v2\/comments?post=183"}],"wp:featuredmedia":[{"embeddable":true,"href":"https:\/\/makami.life\/en\/wp-json\/wp\/v2\/media\/4326"}],"wp:attachment":[{"href":"https:\/\/makami.life\/en\/wp-json\/wp\/v2\/media?parent=183"}],"wp:term":[{"taxonomy":"product_cat","embeddable":true,"href":"https:\/\/makami.life\/en\/wp-json\/wp\/v2\/product_cat?post=183"},{"taxonomy":"product_tag","embeddable":true,"href":"https:\/\/makami.life\/en\/wp-json\/wp\/v2\/product_tag?post=183"}],"curies":[{"name":"wp","href":"https:\/\/api.w.org\/{rel}","templated":true}]}}