{"id":1816,"date":"2022-12-13T07:08:30","date_gmt":"2022-12-13T07:08:30","guid":{"rendered":"https:\/\/makami.life\/?post_type=product&#038;p=1816"},"modified":"2023-01-30T07:50:45","modified_gmt":"2023-01-30T07:50:45","slug":"pakiet-swiateczny-2022","status":"publish","type":"product","link":"https:\/\/makami.life\/en\/product\/pakiet-swiateczny-2022\/","title":{"rendered":"Pakiet promocyjny &#8220;2022&#8221;"},"content":{"rendered":"<p>W sk\u0142ad Pakietu wchodz\u0105 ksi\u0105\u017cki:<\/p>\n<p>1. POWER4START 1 szt.<br \/>\n2. MOJE BIEGUNY 1 szt.<\/p>\n<p>Cena ksi\u0105\u017cek kupionych pojedynczo: 119,80 z\u0142, natomiast w pakiecie ich cena jest 30% ni\u017csza i wynosi -&gt; 83,86 z\u0142.<\/p>\n<p>Po przej\u015bciu do koszyka, rabat naliczy si\u0119 automatycznie.<\/p>","protected":false},"excerpt":{"rendered":"<p>W sk\u0142ad Pakietu wchodz\u0105 ksi\u0105\u017cki: 1. POWER4START 1 szt. 2. MOJE BIEGUNY 1 szt. Cena ksi\u0105\u017cek kupionych pojedynczo: 119,80 z\u0142, natomiast w pakiecie ich cena jest 30% ni\u017csza i wynosi -&gt; 83,86 z\u0142. Po przej\u015bciu do koszyka, rabat naliczy si\u0119 automatycznie.<\/p>","protected":false},"featured_media":1848,"comment_status":"open","ping_status":"closed","template":"","meta":{"site-sidebar-layout":"default","site-content-layout":"default","ast-site-content-layout":"","site-content-style":"default","site-sidebar-style":"default","ast-global-header-display":"","ast-banner-title-visibility":"","ast-main-header-display":"","ast-hfb-above-header-display":"","ast-hfb-below-header-display":"","ast-hfb-mobile-header-display":"","site-post-title":"","ast-breadcrumbs-content":"","ast-featured-img":"","footer-sml-layout":"","theme-transparent-header-meta":"default","adv-header-id-meta":"","stick-header-meta":"","header-above-stick-meta":"","header-main-stick-meta":"","header-below-stick-meta":"","astra-migrate-meta-layouts":"default","ast-page-background-enabled":"default","ast-page-background-meta":{"desktop":{"background-color":"var(--ast-global-color-4)","background-image":"","background-repeat":"repeat","background-position":"center center","background-size":"auto","background-attachment":"scroll","background-type":"","background-media":"","overlay-type":"","overlay-color":"","overlay-opacity":"","overlay-gradient":""},"tablet":{"background-color":"","background-image":"","background-repeat":"repeat","background-position":"center center","background-size":"auto","background-attachment":"scroll","background-type":"","background-media":"","overlay-type":"","overlay-color":"","overlay-opacity":"","overlay-gradient":""},"mobile":{"background-color":"","background-image":"","background-repeat":"repeat","background-position":"center center","background-size":"auto","background-attachment":"scroll","background-type":"","background-media":"","overlay-type":"","overlay-color":"","overlay-opacity":"","overlay-gradient":""}},"ast-content-background-meta":{"desktop":{"background-color":"var(--ast-global-color-5)","background-image":"","background-repeat":"repeat","background-position":"center center","background-size":"auto","background-attachment":"scroll","background-type":"","background-media":"","overlay-type":"","overlay-color":"","overlay-opacity":"","overlay-gradient":""},"tablet":{"background-color":"var(--ast-global-color-5)","background-image":"","background-repeat":"repeat","background-position":"center center","background-size":"auto","background-attachment":"scroll","background-type":"","background-media":"","overlay-type":"","overlay-color":"","overlay-opacity":"","overlay-gradient":""},"mobile":{"background-color":"var(--ast-global-color-5)","background-image":"","background-repeat":"repeat","background-position":"center center","background-size":"auto","background-attachment":"scroll","background-type":"","background-media":"","overlay-type":"","overlay-color":"","overlay-opacity":"","overlay-gradient":""}}},"product_cat":[19,59,58],"product_tag":[],"jetpack_sharing_enabled":true,"_links":{"self":[{"href":"https:\/\/makami.life\/en\/wp-json\/wp\/v2\/product\/1816"}],"collection":[{"href":"https:\/\/makami.life\/en\/wp-json\/wp\/v2\/product"}],"about":[{"href":"https:\/\/makami.life\/en\/wp-json\/wp\/v2\/types\/product"}],"replies":[{"embeddable":true,"href":"https:\/\/makami.life\/en\/wp-json\/wp\/v2\/comments?post=1816"}],"wp:featuredmedia":[{"embeddable":true,"href":"https:\/\/makami.life\/en\/wp-json\/wp\/v2\/media\/1848"}],"wp:attachment":[{"href":"https:\/\/makami.life\/en\/wp-json\/wp\/v2\/media?parent=1816"}],"wp:term":[{"taxonomy":"product_cat","embeddable":true,"href":"https:\/\/makami.life\/en\/wp-json\/wp\/v2\/product_cat?post=1816"},{"taxonomy":"product_tag","embeddable":true,"href":"https:\/\/makami.life\/en\/wp-json\/wp\/v2\/product_tag?post=1816"}],"curies":[{"name":"wp","href":"https:\/\/api.w.org\/{rel}","templated":true}]}}