{"id":1392,"date":"2022-11-16T22:26:15","date_gmt":"2022-11-16T22:26:15","guid":{"rendered":"https:\/\/makami.life\/?post_type=product&#038;p=1392"},"modified":"2026-04-10T08:48:01","modified_gmt":"2026-04-10T08:48:01","slug":"power4start","status":"publish","type":"product","link":"https:\/\/makami.life\/en\/product\/power4start\/","title":{"rendered":"Power4Start- Sztuka osi\u0105gania cel\u00f3w"},"content":{"rendered":"<h2><strong>Power4Start- Sztuka osi\u0105gania cel\u00f3w<\/strong><\/h2>\n<p>&nbsp;<\/p>\n<p><strong>Zrozum si\u0142\u0119 relacji<\/strong><\/p>\n<p>\u201eOtaczaj\u0105cy nas \u015bwiat to nie tylko poszczeg\u00f3lne przedmioty, osoby, rzeczy czy inne Istnienia. To tak\u017ce relacje i zwi\u0105zki. To one stanowi\u0105 spoiwo twojego Kosmosu. A Mi\u0142o\u015b\u0107 jest tym spoiwem kluczowym, najwa\u017cniejszym. Mi\u0142o\u015b\u0107 nie tylko do ludzi, lecz tak\u017ce do \u015bwiata i do innych Istnie\u0144. Relacje ze \u015bwiatem konstytuuj\u0105 drog\u0119 do spe\u0142niania naszych marze\u0144. Gdy\u017c nikt z nas nie jest samotn\u0105 wysp\u0105.\u201d<\/p>\n<p><strong>Pracuj nad sob\u0105 krok po kroku<\/strong><\/p>\n<p>Na kartach ksi\u0105\u017cki znajdziesz przestrze\u0144 do pracy w\u0142asnej &#8211; miejsce na zapiski, refleksje i planowanie. Nazwiesz swoje l\u0119ki, wyznaczysz cele, stworzysz alternatywne scenariusze i narysujesz map\u0119 drogi na sw\u00f3j w\u0142asny biegun. Ca\u0142o\u015b\u0107 dope\u0142niaj\u0105 pe\u0142ne \u017cycia ilustracje Eleny Caniovej, kt\u00f3re inspiruj\u0105 do dzia\u0142ania.<\/p>\n<p><strong>Sprawdzone zasady z ekstremalnych wypraw<\/strong><\/p>\n<p>Autor przek\u0142ada do\u015bwiadczenia zdobyte podczas polarnych ekspedycji na konkretne narz\u0119dzia i zasady. Pokazuje, jak budowa\u0107 nawyki, docenia\u0107 rol\u0119 rytua\u0142\u00f3w, wyci\u0105ga\u0107 wnioski z pora\u017cek i rozwija\u0107 autorefleksj\u0119 &#8211; kluczow\u0105 w procesie zmiany.<\/p>\n<p><strong>Znajd\u017a swoj\u0105 motywacj\u0119<\/strong><\/p>\n<p>Dzi\u0119ki prostym \u0107wiczeniom nauczysz si\u0119 lepiej rozumie\u0107 siebie, wyznacza\u0107 swoje \u201ewewn\u0119trzne bieguny\u201d i ka\u017cdego dnia odnajdywa\u0107 motywacj\u0119, by pozosta\u0107 na obranej drodze &#8211; nawet wtedy, gdy codzienne wyzwania wydaj\u0105 si\u0119 trudniejsze ni\u017c wyprawa na koniec \u015bwiata.<\/p>\n<p><strong>Twoja w\u0142asna wyprawa zaczyna si\u0119 tutaj<\/strong><\/p>\n<p>Power4Start to ksi\u0105\u017cka dla m\u0142odzie\u017cy i doros\u0142ych, kt\u00f3rzy chc\u0105 \u015bwiadomie marzy\u0107, planowa\u0107 i realizowa\u0107 swoje cele, odkrywaj\u0105c przy tym warto\u015b\u0107 samotno\u015bci i si\u0142\u0119 p\u0142yn\u0105c\u0105 z bycia w drodze.<\/p>\n<p><strong><em>\u201eWyznacz sw\u00f3j biegun. Narysuj map\u0119. Id\u017a krok po kroku.&#8221;<\/em><\/strong><\/p>\n<p><img fetchpriority=\"high\" decoding=\"async\" class=\"wp-image-4383 size-full aligncenter\" src=\"https:\/\/makami.life\/wp-content\/uploads\/2022\/11\/QGofu3Iw.png\" alt=\"\" width=\"800\" height=\"800\" srcset=\"https:\/\/makami.life\/wp-content\/uploads\/2022\/11\/QGofu3Iw.png 800w, https:\/\/makami.life\/wp-content\/uploads\/2022\/11\/QGofu3Iw-300x300.png 300w, https:\/\/makami.life\/wp-content\/uploads\/2022\/11\/QGofu3Iw-150x150.png 150w, https:\/\/makami.life\/wp-content\/uploads\/2022\/11\/QGofu3Iw-768x768.png 768w, https:\/\/makami.life\/wp-content\/uploads\/2022\/11\/QGofu3Iw-12x12.png 12w, https:\/\/makami.life\/wp-content\/uploads\/2022\/11\/QGofu3Iw-600x600.png 600w, https:\/\/makami.life\/wp-content\/uploads\/2022\/11\/QGofu3Iw-100x100.png 100w\" sizes=\"(max-width: 800px) 100vw, 800px\" \/><\/p>\n<h4><strong>Cechy produktu:<\/strong><\/h4>\n<p><strong>Format:<\/strong> Ok\u0142adka mi\u0119kka<br \/>\n<strong>Liczba Stron:<\/strong> 195<br \/>\n<strong>Wydanie:<\/strong> Pierwsze<br \/>\n<strong>J\u0119zyk:<\/strong> Polski<\/p>","protected":false},"excerpt":{"rendered":"<p>Otaczaj\u0105cy nas \u015bwiat to nie tylko poszczeg\u00f3lne przedmioty, osoby, rzeczy czy inne Istnienia. To tak\u017ce relacje i zwi\u0105zki. To one stanowi\u0105 spoiwo twojego Kosmosu. A Mi\u0142o\u015b\u0107 jest tym spoiwem kluczowym, najwa\u017cniejszym. Mi\u0142o\u015b\u0107 nie tylko do ludzi, lecz tak\u017ce do \u015bwiata i do innych Istnie\u0144. Relacje ze \u015bwiatem konstytuuj\u0105 drog\u0119 do spe\u0142niania naszych marze\u0144. Gdy\u017c nikt z nas nie jest samotn\u0105 wysp\u0105.<\/p>","protected":false},"featured_media":4382,"comment_status":"open","ping_status":"closed","template":"","meta":{"site-sidebar-layout":"default","site-content-layout":"default","ast-site-content-layout":"default","site-content-style":"default","site-sidebar-style":"default","ast-global-header-display":"","ast-banner-title-visibility":"","ast-main-header-display":"","ast-hfb-above-header-display":"","ast-hfb-below-header-display":"","ast-hfb-mobile-header-display":"","site-post-title":"","ast-breadcrumbs-content":"","ast-featured-img":"","footer-sml-layout":"","theme-transparent-header-meta":"default","adv-header-id-meta":"","stick-header-meta":"","header-above-stick-meta":"","header-main-stick-meta":"","header-below-stick-meta":"","astra-migrate-meta-layouts":"set","ast-page-background-enabled":"default","ast-page-background-meta":{"desktop":{"background-color":"var(--ast-global-color-4)","background-image":"","background-repeat":"repeat","background-position":"center center","background-size":"auto","background-attachment":"scroll","background-type":"","background-media":"","overlay-type":"","overlay-color":"","overlay-opacity":"","overlay-gradient":""},"tablet":{"background-color":"","background-image":"","background-repeat":"repeat","background-position":"center center","background-size":"auto","background-attachment":"scroll","background-type":"","background-media":"","overlay-type":"","overlay-color":"","overlay-opacity":"","overlay-gradient":""},"mobile":{"background-color":"","background-image":"","background-repeat":"repeat","background-position":"center center","background-size":"auto","background-attachment":"scroll","background-type":"","background-media":"","overlay-type":"","overlay-color":"","overlay-opacity":"","overlay-gradient":""}},"ast-content-background-meta":{"desktop":{"background-color":"var(--ast-global-color-5)","background-image":"","background-repeat":"repeat","background-position":"center center","background-size":"auto","background-attachment":"scroll","background-type":"","background-media":"","overlay-type":"","overlay-color":"","overlay-opacity":"","overlay-gradient":""},"tablet":{"background-color":"var(--ast-global-color-5)","background-image":"","background-repeat":"repeat","background-position":"center center","background-size":"auto","background-attachment":"scroll","background-type":"","background-media":"","overlay-type":"","overlay-color":"","overlay-opacity":"","overlay-gradient":""},"mobile":{"background-color":"var(--ast-global-color-5)","background-image":"","background-repeat":"repeat","background-position":"center center","background-size":"auto","background-attachment":"scroll","background-type":"","background-media":"","overlay-type":"","overlay-color":"","overlay-opacity":"","overlay-gradient":""}}},"product_cat":[19],"product_tag":[57,21],"jetpack_sharing_enabled":true,"_links":{"self":[{"href":"https:\/\/makami.life\/en\/wp-json\/wp\/v2\/product\/1392"}],"collection":[{"href":"https:\/\/makami.life\/en\/wp-json\/wp\/v2\/product"}],"about":[{"href":"https:\/\/makami.life\/en\/wp-json\/wp\/v2\/types\/product"}],"replies":[{"embeddable":true,"href":"https:\/\/makami.life\/en\/wp-json\/wp\/v2\/comments?post=1392"}],"wp:featuredmedia":[{"embeddable":true,"href":"https:\/\/makami.life\/en\/wp-json\/wp\/v2\/media\/4382"}],"wp:attachment":[{"href":"https:\/\/makami.life\/en\/wp-json\/wp\/v2\/media?parent=1392"}],"wp:term":[{"taxonomy":"product_cat","embeddable":true,"href":"https:\/\/makami.life\/en\/wp-json\/wp\/v2\/product_cat?post=1392"},{"taxonomy":"product_tag","embeddable":true,"href":"https:\/\/makami.life\/en\/wp-json\/wp\/v2\/product_tag?post=1392"}],"curies":[{"name":"wp","href":"https:\/\/api.w.org\/{rel}","templated":true}]}}