{"id":1243,"date":"2022-09-15T11:57:16","date_gmt":"2022-09-15T11:57:16","guid":{"rendered":"https:\/\/makami.life\/?post_type=product&#038;p=1243"},"modified":"2026-04-10T08:13:14","modified_gmt":"2026-04-10T08:13:14","slug":"moje-bieguny","status":"publish","type":"product","link":"https:\/\/makami.life\/en\/product\/moje-bieguny\/","title":{"rendered":"Moje Bieguny &#8211; Nowa edycja"},"content":{"rendered":"<h2><strong>Moje Bieguny &#8211; Nowa edycja<\/strong><\/h2>\n<p><strong>KSI\u0104\u017bKA O W\u0118DR\u00d3WCE NA KRA\u0143CE ZIEMI I W\u0141ASNEJ WYTRZYMA\u0141O\u015aCI<\/strong><\/p>\n<p>W\u0119dr\u00f3wka zacz\u0119\u0142a si\u0119 na Spitsbergenie, doprowadzi\u0142a do przyl\u0105dka Finisterre, ale tak naprawd\u0119 nigdy si\u0119 nie sko\u0144czy\u0142a. Bo\u201cMoje bieguny\u201d to nie tylko ksi\u0105\u017cka podr\u00f3\u017cnicza. To wewn\u0119trzna narracja cz\u0142owieka, kt\u00f3ry wyruszy\u0142 na wyka\u0144czaj\u0105c\u0105 wypraw\u0119 na kra\u0144ce Ziemi w poszukiwaniu motywacji, sensu \u017cycia i si\u0142y dzia\u0142ania, oraz sposobu na to, jak przetrwa\u0107 trudny czas, zachowuj\u0105c w sobie g\u0142\u0119bok\u0105 mi\u0142o\u015b\u0107 do \u015bwiata i ludzi.<\/p>\n<p>Wydane po raz pierwszy w 1998 roku, \u201cMoje bieguny\u201d stanowi\u0105 surowe zapisy z dziennik\u00f3w Marka Kami\u0144skiego\u2013pierwszego cz\u0142owieka w historii, kt\u00f3ry zdoby\u0142 oba bieguny Ziemi wci\u0105gu jednego roku bez \u017cadnej pomocy z zewn\u0105trz. <strong>Ksi\u0105\u017ck\u0119 uhonorowano Nagrod\u0105 Artusa w kategorii Najlepsza Ksi\u0105\u017cka Roku 1998 i Nagrod\u0105 Bursztynowego Motyla imienia Arkadego Fiedlera za najlepsz\u0105 polsk\u0105 ksi\u0105\u017ck\u0119 o tematyce podr\u00f3\u017cniczej i krajoznawczej.<\/strong><\/p>\n<p>Niniejsze wydanie wzbogacono o zapiski z podr\u00f3\u017cy na \u201etrzeci biegun\u201d\u2013Santiago de Compostella &#8211; r\u00f3\u017cni\u0105cej si\u0119 od poprzednich wypraw bogactwem miejsc i ludzi.Znajdziemy tu tak\u017ce niepublikowane wcze\u015bniej zdj\u0119cia z wypraw Marka Kami\u0144skiego.<\/p>\n<p><img fetchpriority=\"high\" decoding=\"async\" class=\"size-full wp-image-4372 aligncenter\" src=\"https:\/\/makami.life\/wp-content\/uploads\/2022\/09\/pQJeUpLg.png\" alt=\"\" width=\"640\" height=\"853\" srcset=\"https:\/\/makami.life\/wp-content\/uploads\/2022\/09\/pQJeUpLg.png 640w, https:\/\/makami.life\/wp-content\/uploads\/2022\/09\/pQJeUpLg-225x300.png 225w, https:\/\/makami.life\/wp-content\/uploads\/2022\/09\/pQJeUpLg-9x12.png 9w, https:\/\/makami.life\/wp-content\/uploads\/2022\/09\/pQJeUpLg-300x400.png 300w, https:\/\/makami.life\/wp-content\/uploads\/2022\/09\/pQJeUpLg-600x800.png 600w\" sizes=\"(max-width: 640px) 100vw, 640px\" \/><\/p>\n<h4><strong>Cechy produktu:<\/strong><\/h4>\n<p><strong>Format:<\/strong> Ok\u0142adka mi\u0119kka<br \/>\n<strong>Liczba Stron:<\/strong> 446<br \/>\n<strong>Wydanie:<\/strong> Drugie<br \/>\n<strong>J\u0119zyk:<\/strong> Polski<\/p>","protected":false},"excerpt":{"rendered":"<p><strong>KSI\u0104\u017bKA O TYM, JAK PRZETRWA\u0106 TRUDNY CZAS\u00a0<\/strong><\/p>\n<p>Moje bieguny to nie tylko ksi\u0105\u017cka podr\u00f3\u017cnicza. Zaczynaj\u0105c od Spitsbergenu, a ko\u0144cz\u0105c na przyl\u0105dku Finisterre, poznajemy wewn\u0119trzn\u0105 narracj\u0119 towarzysz\u0105c\u0105 w\u0119dr\u00f3wkom &#8211; nie tylko tym geograficznym ci\u0105gn\u0105cym si\u0119 tysi\u0105ce kilometr\u00f3w, ale i metafizycznym w poszukiwaniu motywacji, sensu \u017cycia i dzia\u0142ania.<\/p>","protected":false},"featured_media":1244,"comment_status":"open","ping_status":"closed","template":"","meta":{"site-sidebar-layout":"default","site-content-layout":"default","ast-site-content-layout":"default","site-content-style":"default","site-sidebar-style":"default","ast-global-header-display":"","ast-banner-title-visibility":"","ast-main-header-display":"","ast-hfb-above-header-display":"","ast-hfb-below-header-display":"","ast-hfb-mobile-header-display":"","site-post-title":"","ast-breadcrumbs-content":"","ast-featured-img":"","footer-sml-layout":"","theme-transparent-header-meta":"default","adv-header-id-meta":"","stick-header-meta":"","header-above-stick-meta":"","header-main-stick-meta":"","header-below-stick-meta":"","astra-migrate-meta-layouts":"set","ast-page-background-enabled":"default","ast-page-background-meta":{"desktop":{"background-color":"var(--ast-global-color-4)","background-image":"","background-repeat":"repeat","background-position":"center center","background-size":"auto","background-attachment":"scroll","background-type":"","background-media":"","overlay-type":"","overlay-color":"","overlay-opacity":"","overlay-gradient":""},"tablet":{"background-color":"","background-image":"","background-repeat":"repeat","background-position":"center center","background-size":"auto","background-attachment":"scroll","background-type":"","background-media":"","overlay-type":"","overlay-color":"","overlay-opacity":"","overlay-gradient":""},"mobile":{"background-color":"","background-image":"","background-repeat":"repeat","background-position":"center center","background-size":"auto","background-attachment":"scroll","background-type":"","background-media":"","overlay-type":"","overlay-color":"","overlay-opacity":"","overlay-gradient":""}},"ast-content-background-meta":{"desktop":{"background-color":"var(--ast-global-color-5)","background-image":"","background-repeat":"repeat","background-position":"center center","background-size":"auto","background-attachment":"scroll","background-type":"","background-media":"","overlay-type":"","overlay-color":"","overlay-opacity":"","overlay-gradient":""},"tablet":{"background-color":"var(--ast-global-color-5)","background-image":"","background-repeat":"repeat","background-position":"center center","background-size":"auto","background-attachment":"scroll","background-type":"","background-media":"","overlay-type":"","overlay-color":"","overlay-opacity":"","overlay-gradient":""},"mobile":{"background-color":"var(--ast-global-color-5)","background-image":"","background-repeat":"repeat","background-position":"center center","background-size":"auto","background-attachment":"scroll","background-type":"","background-media":"","overlay-type":"","overlay-color":"","overlay-opacity":"","overlay-gradient":""}}},"product_cat":[23,19,22],"product_tag":[20,21],"jetpack_sharing_enabled":true,"_links":{"self":[{"href":"https:\/\/makami.life\/en\/wp-json\/wp\/v2\/product\/1243"}],"collection":[{"href":"https:\/\/makami.life\/en\/wp-json\/wp\/v2\/product"}],"about":[{"href":"https:\/\/makami.life\/en\/wp-json\/wp\/v2\/types\/product"}],"replies":[{"embeddable":true,"href":"https:\/\/makami.life\/en\/wp-json\/wp\/v2\/comments?post=1243"}],"wp:featuredmedia":[{"embeddable":true,"href":"https:\/\/makami.life\/en\/wp-json\/wp\/v2\/media\/1244"}],"wp:attachment":[{"href":"https:\/\/makami.life\/en\/wp-json\/wp\/v2\/media?parent=1243"}],"wp:term":[{"taxonomy":"product_cat","embeddable":true,"href":"https:\/\/makami.life\/en\/wp-json\/wp\/v2\/product_cat?post=1243"},{"taxonomy":"product_tag","embeddable":true,"href":"https:\/\/makami.life\/en\/wp-json\/wp\/v2\/product_tag?post=1243"}],"curies":[{"name":"wp","href":"https:\/\/api.w.org\/{rel}","templated":true}]}}