{"id":114,"date":"2022-07-03T18:20:09","date_gmt":"2022-07-03T18:20:09","guid":{"rendered":"https:\/\/makami.life\/product\/album\/"},"modified":"2025-04-04T09:25:04","modified_gmt":"2025-04-04T09:25:04","slug":"album","status":"publish","type":"product","link":"https:\/\/makami.life\/en\/product\/album\/","title":{"rendered":"Warto pod\u0105\u017ca\u0107 za marzeniami. Moja podr\u00f3\u017c przez \u017cycie"},"content":{"rendered":"<p>Niezwyk\u0142e \u015bwiadectwo wypraw Marka Kami\u0144skiego na kra\u0144ce \u015bwiata \u2013 dos\u0142ownie i w przeno\u015bni. Autor prowadzi nas przez histori\u0119 swoich podr\u00f3\u017cy. Od dzieci\u0119cego rejsu do Danii i Maroka, przez m\u0142odzie\u0144cz\u0105 podr\u00f3\u017c po Europie, na Spitsbergen, Grenlandi\u0119, Biegun P\u00f3\u0142nocny i Po\u0142udniowy, Kilimand\u017caro, Atlantyk, Pustyni\u0119 Gibsona w Australii, absolutnie wyj\u0105tkowy wyjazd z niepe\u0142nosprawnym Ja\u015bkiem Mel\u0105 na bieguny Ziemi oraz zimowy sp\u0142yw Wis\u0142\u0105. Mi\u0142o\u015b\u0107, wiara i nadzieja, wzloty i upadki, determinacja, si\u0142a i s\u0142abo\u015b\u0107 cz\u0142owieka w sytuacjach ekstremalnych \u2013 o tym wszystkim czytamy w tej niezwyk\u0142ej opowie\u015bci, kt\u00f3ra udowadnia, \u017ce niemo\u017cliwe nie istnieje.<\/p>\n<p>Z pewno\u015bci\u0105 jest to \u015bwietna lektura dla os\u00f3b poszukuj\u0105cych inspiracji oraz zakochanych w dalekich podr\u00f3\u017cach.<\/p>\n<blockquote><p>\u201ePod\u0105\u017canie za marzeniami wi\u0105\u017ce si\u0119 z trudno\u015bciami, niewygodami i ryzykiem. Je\u017celi cz\u0142owiek stawi temu czo\u0142a, to uda mu si\u0119 je zrealizowa\u0107. Je\u017celi wybiera wygodn\u0105 drog\u0119, b\u0119dzie bezpieczny, ale nigdy nie spe\u0142ni swoich marze\u0144.\u201d Marek Kami\u0144ski<\/p><\/blockquote>\n<blockquote><p>\u201eI\u015b\u0107 za marzeniem i znowu i\u015b\u0107 za marzeniem i tak zawsze a\u017c do ko\u0144ca.\u201d Joseph Conrad<\/p>\n<p><em>\u201eWarto pod\u0105\u017ca\u0107 za marzeniami. Moja podr\u00f3\u017c przez \u017cycie<\/em>\u00a0staje si\u0119 tym samym nie tylko prawdziw\u0105 przygod\u0105, ale i wewn\u0119trznym prze\u017cyciem, za\u015b wspania\u0142e zdj\u0119cia, stanowi\u0105ce integraln\u0105 cz\u0119\u015b\u0107 ksi\u0105\u017cki, pozwalaj\u0105 w marzeniach przenie\u015b\u0107 si\u0119 do Afryki czy na biegun po\u0142udniowy. Na tych za\u015b, kt\u00f3rzy marzenia chc\u0105 zamieni\u0107 w czyny, czekaj\u0105 praktyczne wskaz\u00f3wki dotycz\u0105ce sprz\u0119tu przydatnego w danej kategorii wypraw. I cho\u0107 cz\u0119\u015b\u0107 tre\u015bci zawartych w ksi\u0105\u017cce znajdziemy r\u00f3wnie\u017c na stronie internetowej Kami\u0144skiego, to jednak warto wkroczy\u0107 do jego \u015bwiata, delektuj\u0105c si\u0119 szelestem papieru i wspania\u0142a opraw\u0105 publikacji\u201d. Justyna Gul<\/p><\/blockquote>\n<ul class=\"product-listing\">\n<li class=\"product-listing__row\">\n<div class=\"product-listing__col\"><span class=\"product-listing__name\">Forma: <\/span><span class=\"product-listing__value\">Ksi\u0105\u017cka<\/span><\/div>\n<\/li>\n<li class=\"product-listing__row\">\n<div class=\"product-listing__col\"><span class=\"product-listing__name\">Wydawca: <\/span><span class=\"product-listing__value\">Burda Media NG<\/span><\/div>\n<\/li>\n<li class=\"product-listing__row\">\n<div class=\"product-listing__col\"><span class=\"product-listing__name\">Wydanie: <\/span><span class=\"product-listing__value\">pierwsze<\/span><\/div>\n<\/li>\n<li class=\"product-listing__row\">\n<div class=\"product-listing__col\"><span class=\"product-listing__name\">Rok wydania: <\/span><span class=\"product-listing__value\">2012<\/span><\/div>\n<\/li>\n<li class=\"product-listing__row\">\n<div class=\"product-listing__col\"><span class=\"product-listing__name\">Oprawa: <\/span><span class=\"product-listing__value\">Twarda<\/span><\/div>\n<\/li>\n<li class=\"product-listing__row\">\n<div class=\"product-listing__col\"><span class=\"product-listing__name\">Liczba stron: <\/span><span class=\"product-listing__value\">252<\/span><\/div>\n<\/li>\n<li class=\"product-listing__row\">\n<div class=\"product-listing__col\"><span class=\"product-listing__name\">Wymiary: <\/span><span class=\"product-listing__value\">17.0&#215;22.0cm<\/span><\/div>\n<\/li>\n<li class=\"product-listing__row\">\n<div class=\"product-listing__col\"><span class=\"product-listing__name\">ISBN: <\/span><span class=\"product-listing__value\">9788375964240<\/span><\/div>\n<\/li>\n<li class=\"product-listing__row\">\n<div class=\"product-listing__col\"><span class=\"product-listing__name\">Autor: <\/span><span class=\"product-listing__value\">Marek Kami\u0144ski<\/span><\/div>\n<\/li>\n<li class=\"product-listing__row\">\n<div class=\"product-listing__col\"><span class=\"product-listing__name\">Cena ok\u0142adkowa: <\/span><span class=\"product-listing__value\">49,90 z\u0142<\/span><\/div>\n<\/li>\n<\/ul>","protected":false},"excerpt":{"rendered":"<p>Mi\u0142o\u015b\u0107, wiara i nadzieja, wzloty i upadki, determinacja, si\u0142a i s\u0142abo\u015b\u0107 cz\u0142owieka w sytuacjach ekstremalnych \u2013 o tym wszystkim czytamy w tej niezwyk\u0142ej opowie\u015bci, kt\u00f3ra udowadnia, \u017ce niemo\u017cliwe nie istnieje. Z pewno\u015bci\u0105 jest to \u015bwietna lektura dla os\u00f3b poszukuj\u0105cych inspiracji oraz zakochanych w dalekich podr\u00f3\u017cach.<\/p>\n<p>&nbsp;<\/p>\n<p><strong>(Zakup hurtowy?<\/strong> Napisz na <strong>adminmakami@kaminski.pl<\/strong> lub zadzwo\u0144 <strong>:))<\/strong><\/p>","protected":false},"featured_media":115,"comment_status":"open","ping_status":"closed","template":"","meta":{"site-sidebar-layout":"default","site-content-layout":"default","ast-site-content-layout":"default","site-content-style":"default","site-sidebar-style":"default","ast-global-header-display":"","ast-banner-title-visibility":"","ast-main-header-display":"","ast-hfb-above-header-display":"","ast-hfb-below-header-display":"","ast-hfb-mobile-header-display":"","site-post-title":"","ast-breadcrumbs-content":"","ast-featured-img":"","footer-sml-layout":"","theme-transparent-header-meta":"default","adv-header-id-meta":"","stick-header-meta":"","header-above-stick-meta":"","header-main-stick-meta":"","header-below-stick-meta":"","astra-migrate-meta-layouts":"set","ast-page-background-enabled":"default","ast-page-background-meta":{"desktop":{"background-color":"var(--ast-global-color-4)","background-image":"","background-repeat":"repeat","background-position":"center center","background-size":"auto","background-attachment":"scroll","background-type":"","background-media":"","overlay-type":"","overlay-color":"","overlay-opacity":"","overlay-gradient":""},"tablet":{"background-color":"","background-image":"","background-repeat":"repeat","background-position":"center center","background-size":"auto","background-attachment":"scroll","background-type":"","background-media":"","overlay-type":"","overlay-color":"","overlay-opacity":"","overlay-gradient":""},"mobile":{"background-color":"","background-image":"","background-repeat":"repeat","background-position":"center center","background-size":"auto","background-attachment":"scroll","background-type":"","background-media":"","overlay-type":"","overlay-color":"","overlay-opacity":"","overlay-gradient":""}},"ast-content-background-meta":{"desktop":{"background-color":"var(--ast-global-color-5)","background-image":"","background-repeat":"repeat","background-position":"center center","background-size":"auto","background-attachment":"scroll","background-type":"","background-media":"","overlay-type":"","overlay-color":"","overlay-opacity":"","overlay-gradient":""},"tablet":{"background-color":"var(--ast-global-color-5)","background-image":"","background-repeat":"repeat","background-position":"center center","background-size":"auto","background-attachment":"scroll","background-type":"","background-media":"","overlay-type":"","overlay-color":"","overlay-opacity":"","overlay-gradient":""},"mobile":{"background-color":"var(--ast-global-color-5)","background-image":"","background-repeat":"repeat","background-position":"center center","background-size":"auto","background-attachment":"scroll","background-type":"","background-media":"","overlay-type":"","overlay-color":"","overlay-opacity":"","overlay-gradient":""}}},"product_cat":[23,19],"product_tag":[20,21],"jetpack_sharing_enabled":true,"_links":{"self":[{"href":"https:\/\/makami.life\/en\/wp-json\/wp\/v2\/product\/114"}],"collection":[{"href":"https:\/\/makami.life\/en\/wp-json\/wp\/v2\/product"}],"about":[{"href":"https:\/\/makami.life\/en\/wp-json\/wp\/v2\/types\/product"}],"replies":[{"embeddable":true,"href":"https:\/\/makami.life\/en\/wp-json\/wp\/v2\/comments?post=114"}],"wp:featuredmedia":[{"embeddable":true,"href":"https:\/\/makami.life\/en\/wp-json\/wp\/v2\/media\/115"}],"wp:attachment":[{"href":"https:\/\/makami.life\/en\/wp-json\/wp\/v2\/media?parent=114"}],"wp:term":[{"taxonomy":"product_cat","embeddable":true,"href":"https:\/\/makami.life\/en\/wp-json\/wp\/v2\/product_cat?post=114"},{"taxonomy":"product_tag","embeddable":true,"href":"https:\/\/makami.life\/en\/wp-json\/wp\/v2\/product_tag?post=114"}],"curies":[{"name":"wp","href":"https:\/\/api.w.org\/{rel}","templated":true}]}}