{"id":1105,"date":"2022-08-11T11:02:15","date_gmt":"2022-08-11T11:02:15","guid":{"rendered":"https:\/\/makami.life\/?page_id=1105"},"modified":"2026-01-15T14:33:14","modified_gmt":"2026-01-15T14:33:14","slug":"polityka-prywatnosci","status":"publish","type":"page","link":"https:\/\/makami.life\/en\/polityka-prywatnosci\/","title":{"rendered":"Polityka prywatno\u015bci"},"content":{"rendered":"<h2 class=\"wp-block-heading\">POLITYKA PRYWATNO\u015aCI<\/h2>\n\n\n\n<p>DEFINICJE<\/p>\n\n\n\n<p><strong>Administrator<\/strong>\u00a0\u2013 MK LAB sp. z\u00a0o.o. z\u00a0siedzib\u0105 w\u00a0Gdyni, al.\u00a0Zwyci\u0119stwa 96\/98, 81-451 Gdynia, wpisan\u0105 do rejestru przedsi\u0119biorc\u00f3w\u00a0Krajowego Rejestru S\u0105dowego przez\u00a0S\u0105d Rejonowy Gda\u0144sk-P\u00f3\u0142noc w\u00a0Gda\u0144sku, VIII Wydzia\u0142 Gospodarczy Krajowego Rejestru S\u0105dowego pod\u00a0numerem KRS 0000874292, NIP 5862362956, REGON 387758211<\/p>\n\n\n\n<ol>\n<li><strong>Dane osobowe<\/strong>\u00a0\u2013 wszystkie informacje o osobie fizycznej zidentyfikowanej lub mo\u017cliwej do zidentyfikowania poprzez jeden b\u0105d\u017a kilka szczeg\u00f3lnych czynnik\u00f3w okre\u015blaj\u0105cych fizyczn\u0105, fizjologiczn\u0105, genetyczn\u0105, psychiczn\u0105, ekonomiczn\u0105, kulturow\u0105 lub spo\u0142eczn\u0105 to\u017csamo\u015b\u0107, w tym IP urz\u0105dzenia, dane o lokalizacji, identyfikator internetowy oraz informacje gromadzone za po\u015brednictwem plik\u00f3w cookie oraz innej podobnej technologii.<\/li>\n\n\n\n<li><strong>Polityka<\/strong>\u00a0\u2013 niniejsza Polityka prywatno\u015bci.<\/li>\n\n\n\n<li><strong>RODO<\/strong>\u00a0\u2013 Rozporz\u0105dzenie Parlamentu Europejskiego i Rady (UE) 2016\/679 z dnia 27 kwietnia 2016 r. w sprawie ochrony os\u00f3b fizycznych w zwi\u0105zku z przetwarzaniem danych osobowych i w sprawie swobodnego przep\u0142ywu takich danych oraz uchylenia dyrektywy 95\/46\/WE.<\/li>\n\n\n\n<li><strong>Serwis<\/strong>\u00a0\u2013 serwis internetowy prowadzony przez Administratora pod adresem\u00a0<a href=\"https:\/\/kaminskiacademy.com\/\">https:\/\/makami.life<\/a><\/li>\n\n\n\n<li><strong>U\u017cytkownik<\/strong>\u00a0\u2013 ka\u017cda osoba fizyczna odwiedzaj\u0105ca Serwis lub korzystaj\u0105ca z jednej albo kilku us\u0142ug czy funkcjonalno\u015bci opisanych w Polityce.<\/li>\n<\/ol>\n\n\n\n<p>PRZETWARZANIE DANYCH W ZWI\u0104ZKU Z KORZYSTANIEM Z SERWISU<\/p>\n\n\n\n<p>W zwi\u0105zku z korzystaniem przez U\u017cytkownika z Serwisu Administrator zbiera dane w zakresie niezb\u0119dnym do kontaktu handlowego a tak\u017ce informacje o aktywno\u015bci U\u017cytkownika w Serwisie przy wykorzystaniu plik\u00f3w cookies. Poni\u017cej zosta\u0142y opisane szczeg\u00f3\u0142owe zasady oraz cele przetwarzania danych osobowych gromadzonych podczas korzystania z Serwisu przez U\u017cytkownika.<\/p>\n\n\n\n<p>CELE ORAZ PODSTAWY PRAWNE PRZETWARZANIA DANYCH W SERWISIE<\/p>\n\n\n\n<p>KORZYSTANIE Z SERWISU<\/p>\n\n\n\n<p>Dane osobowe wszystkich os\u00f3b korzystaj\u0105cych z Serwisu (w tym adres IP lub inne identyfikatory oraz informacje gromadzone za po\u015brednictwem plik\u00f3w cookies lub innych podobnych technologii), a nieb\u0119d\u0105cych zarejestrowanymi U\u017cytkownikami (tj. osoby nieposiadaj\u0105ce profilu w Serwisie) przetwarzane s\u0105 przez Administratora:<\/p>\n\n\n\n<ol>\n<li>w celu \u015bwiadczenia us\u0142ug drog\u0105 elektroniczn\u0105 w zakresie udost\u0119pniana U\u017cytkownikom tre\u015bci gromadzonych w Serwisie, udost\u0119pniania formularzy kontaktowych \u2013 w\u00f3wczas podstaw\u0105 prawn\u0105 przetwarzania jest niezb\u0119dno\u015b\u0107 przetwarzania do wykonania umowy (art. 6 ust. 1 lit. b RODO);<\/li>\n\n\n\n<li>w celach marketingowych Administratora oraz innych podmiot\u00f3w, w szczeg\u00f3lno\u015bci zwi\u0105zanych z prezentowaniem reklamy behawioralnej \u2013 zasady przetwarzania danych osobowych w celach marketingowych zosta\u0142y opisane w sekcji \u201eMARKETING\u201d.<\/li>\n\n\n\n<li>Aktywno\u015b\u0107 U\u017cytkownika w Serwisie, w tym jego dane osobowe, s\u0105 rejestrowane w logach systemowych (specjalnym programie komputerowym s\u0142u\u017c\u0105cym do przechowywania chronologicznego zapisu zawieraj\u0105cego informacj\u0119 o zdarzeniach i dzia\u0142aniach dotycz\u0105cych systemu informatycznego s\u0142u\u017c\u0105cego do \u015bwiadczenia us\u0142ug przez Administratora). Zebrane w logach informacje przetwarzane w zwi\u0105zku ze \u015bwiadczeniem us\u0142ug. Administrator przetwarza je r\u00f3wnie\u017c w celach technicznych w szczeg\u00f3lno\u015bci, dane mog\u0105 by\u0107 tymczasowo przechowywane i przetwarzane w celu zapewnienia bezpiecze\u0144stwa i poprawnego funkcjonowania system\u00f3w informatycznych, np. w zwi\u0105zku z wykonywaniem kopii bezpiecze\u0144stwa, testami zmian w systemach informatycznych, wykrywania nieprawid\u0142owo\u015bci lub ochron\u0105 przed nadu\u017cyciami i atakami.<\/li>\n<\/ol>\n\n\n\n<p>FORMULARZE KONTAKTOWE<\/p>\n\n\n\n<ol>\n<li>Administrator zapewnia mo\u017cliwo\u015b\u0107 skontaktowania si\u0119 z nim przy wykorzystaniu elektronicznych formularzy kontaktowych. Skorzystanie z formularza wymaga podania danych osobowych niezb\u0119dnych do skontaktowania si\u0119 z U\u017cytkownikiem i udzielenia odpowiedzi na zapytanie. U\u017cytkownik mo\u017ce poda\u0107 tak\u017ce inne dane w celu u\u0142atwienia kontaktu lub obs\u0142ugi zapytania. Podanie danych oznaczonych jako obowi\u0105zkowe jest wymagane w celu przyj\u0119cia i obs\u0142ugi zapytania, a ich niepodanie skutkuje brakiem mo\u017cliwo\u015bci obs\u0142ugi. Podanie pozosta\u0142ych danych jest dobrowolne.<\/li>\n\n\n\n<li>Dane osobowe s\u0105 przetwarzane:<\/li>\n\n\n\n<li>w celu identyfikacji nadawcy oraz obs\u0142ugi jego zapytania przes\u0142anego przez udost\u0119pniony formularz \u2013 podstaw\u0105 prawn\u0105 przetwarzania jest niezb\u0119dno\u015b\u0107 przetwarzania do wykonania umowy o \u015bwiadczenie us\u0142ugi (art. 6 ust. 1 lit. b RODO);<\/li>\n<\/ol>\n\n\n\n<p>MARKETING<\/p>\n\n\n\n<ol>\n<li>Administrator przetwarza dane osobowe U\u017cytkownik\u00f3w w celu realizowania dzia\u0142a\u0144 marketingowych, kt\u00f3re mog\u0105 polega\u0107 na:<\/li>\n<\/ol>\n\n\n\n<ul>\n<li>kierowaniu e-mailowych powiadomie\u0144 o interesuj\u0105cych ofertach lub tre\u015bciach, kt\u00f3re w niekt\u00f3rych przypadkach zawieraj\u0105 informacje handlowe;<\/li>\n\n\n\n<li>prowadzenie innego rodzaju dzia\u0142a\u0144 zwi\u0105zanych z marketingiem bezpo\u015brednim towar\u00f3w i us\u0142ug (przesy\u0142anie informacji handlowych drog\u0105 elektroniczn\u0105 oraz dzia\u0142ania telemarketingowe).<\/li>\n<\/ul>\n\n\n\n<ol start=\"2\">\n<li>W celu realizowania dzia\u0142a\u0144 marketingowych Administrator w niekt\u00f3rych przypadkach wykorzystuje profilowanie. Oznacza to, \u017ce dzi\u0119ki automatycznemu przetwarzaniu danych Administrator dokonuje oceny wybranych czynnik\u00f3w dotycz\u0105cych os\u00f3b fizycznych w celu analizy ich zachowania lub stworzenia prognozy na przysz\u0142o\u015b\u0107.<\/li>\n<\/ol>\n\n\n\n<p>MARKETING BEZPO\u015aREDNI<\/p>\n\n\n\n<ol>\n<li>Je\u017celi U\u017cytkownik wyrazi\u0142 zgod\u0119 na otrzymywanie informacji marketingowych za po\u015brednictwem e-mail, SMS oraz innych \u015brodk\u00f3w komunikacji elektronicznej, dane osobowe U\u017cytkownika b\u0119d\u0105 przetwarzane dla celu wys\u0142ania takich informacji. Podstaw\u0105 przetwarzania danych jest uzasadniony interesu Administratora polegaj\u0105cy na wysy\u0142ce informacji marketingowych w granicach udzielonej przez U\u017cytkownika zgody (marketing bezpo\u015bredni). U\u017cytkownik ma prawo sprzeciwu wobec przetwarzania danych na potrzeby marketingu bezpo\u015bredniego, w tym profilowania. Dane b\u0119d\u0105 przechowywane w tym celu przez okres istnienia prawnie uzasadnionego interesu Administratora, chyba \u017ce U\u017cytkownik sprzeciwi si\u0119 otrzymywaniu informacji marketingowych.<\/li>\n<\/ol>\n\n\n\n<p>PORTALE SPO\u0141ECZNO\u015aCIOWE<\/p>\n\n\n\n<ol>\n<li>Administrator przetwarza dane osobowe U\u017cytkownik\u00f3w odwiedzaj\u0105cych profile Administratora prowadzone w mediach spo\u0142eczno\u015bciowych (Facebook, YouTube, Instagram, LinkedIn, Twitter). Dane te s\u0105 przetwarzane wy\u0142\u0105cznie w zwi\u0105zku z prowadzeniem profilu, w tym w celu informowania U\u017cytkownik\u00f3w o aktywno\u015bci Administratora oraz promowaniu r\u00f3\u017cnego rodzaju wydarze\u0144, us\u0142ug oraz produkt\u00f3w, a tak\u017ce w celu komunikacji z u\u017cytkownikami za po\u015brednictwem funkcjonalno\u015bci dost\u0119pnych w mediach spo\u0142eczno\u015bciowych. Podstaw\u0105 prawn\u0105 przetwarzania danych osobowych przez Administratora w tym celu jest jego uzasadniony interes (art. 6 ust. 1 lit. f RODO) polegaj\u0105cy na promowaniu w\u0142asnej marki oraz budowaniu i utrzymaniu spo\u0142eczno\u015bci zwi\u0105zanej z mark\u0105.<\/li>\n<\/ol>\n\n\n\n<p>PLIKI COOKIES ORAZ PODOBNA TECHNOLOGIA<\/p>\n\n\n\n<ol>\n<li>Pliki cookies to ma\u0142e pliki tekstowe instalowane na urz\u0105dzeniu U\u017cytkownika przegl\u0105daj\u0105cego Serwis. Cookies zbieraj\u0105 informacje u\u0142atwiaj\u0105ce korzystanie ze strony internetowej \u2013 np. poprzez zapami\u0119tywanie odwiedzin U\u017cytkownika w Serwisie i dokonywanych przez niego czynno\u015bci.<\/li>\n<\/ol>\n\n\n\n<p>COOKIES \u201eSERWISOWE\u201d<\/p>\n\n\n\n<ol>\n<li>Administrator wykorzystuje tzw. cookie serwisowe przede wszystkim w celu dostarczania U\u017cytkownikowi us\u0142ug \u015bwiadczonych drog\u0105 elektroniczn\u0105 oraz poprawy jako\u015bci tych us\u0142ug. W zwi\u0105zku z tym Administrator oraz inne podmioty \u015bwiadcz\u0105ce na jego rzecz us\u0142ugi analityczne i statystyczne korzystaj\u0105 z plik\u00f3w cookies, przechowuj\u0105c informacje lub uzyskuj\u0105c dost\u0119p do informacji ju\u017c przechowywanych w telekomunikacyjnym urz\u0105dzeniu ko\u0144cowym U\u017cytkownika (komputer, telefon, tablet itp.). Pliki cookies wykorzystywane w tym celu obejmuj\u0105:<\/li>\n<\/ol>\n\n\n\n<ol>\n<li>pliki cookies z danymi wprowadzanymi przez U\u017cytkownika (identyfikator sesji) na czas trwania sesji (ang. user input cookies);<\/li>\n\n\n\n<li>uwierzytelniaj\u0105ce pliki cookies wykorzystywane do us\u0142ug wymagaj\u0105cych uwierzytelniania na czas trwania sesji (ang. authentication cookies);<\/li>\n\n\n\n<li>pliki cookies s\u0142u\u017c\u0105ce do zapewnienia bezpiecze\u0144stwa, np. wykorzystywane do wykrywania nadu\u017cy\u0107 w zakresie uwierzytelniania (ang. user centric security cookies);<\/li>\n\n\n\n<li>sesyjne pliki cookies odtwarzaczy multimedialnych (np. pliki cookies odtwarzacza flash), na czas trwania sesji (ang. multimedia player session cookies);<\/li>\n\n\n\n<li>trwa\u0142e pliki cookies s\u0142u\u017c\u0105ce do personalizacji interfejsu U\u017cytkownika na czas trwania sesji lub nieco d\u0142u\u017cej (ang. user interface customization cookies),<\/li>\n\n\n\n<li>pliki cookies s\u0142u\u017c\u0105ce do zapami\u0119tywania zawarto\u015bci koszyka na czas trwania sesji (ang. shopping cart cookies);<\/li>\n\n\n\n<li>pliki cookies s\u0142u\u017c\u0105ce do monitorowania ruchu na stronie internetowej, tj. analityki danych, w tym cookies Google Analytics (s\u0105 to pliki wykorzystywane przez sp\u00f3\u0142k\u0119 Google w celu analizy sposobu korzystania z Serwisu przez U\u017cytkownika, do tworzenia statystyk i raport\u00f3w dotycz\u0105cych funkcjonowania Serwisu). Google nie wykorzystuje zebranych danych do identyfikacji U\u017cytkownika ani nie \u0142\u0105czy tych informacji w celu umo\u017cliwienia identyfikacji. Szczeg\u00f3\u0142owe informacje o zakresie i zasadach zbierania danych w zwi\u0105zku z t\u0105 us\u0142ug\u0105 mo\u017cna znale\u017a\u0107 pod linkiem: https:\/\/www.google.com\/intl\/pl\/policies\/privacy\/partners<\/li>\n<\/ol>\n\n\n\n<p>COOKIES \u201eMARKETINGOWE\u201d<\/p>\n\n\n\n<ol>\n<li>Administrator wykorzystuje r\u00f3wnie\u017c pliki cookies do cel\u00f3w marketingowych, m.in. w zwi\u0105zku z kierowaniem do U\u017cytkownik\u00f3w reklamy behawioralnej. W tym celu Administrator przechowuje informacje lub uzyskuje dost\u0119p do informacji ju\u017c przechowywanych w telekomunikacyjnym urz\u0105dzeniu ko\u0144cowym U\u017cytkownika (komputer, telefon, tablet itp.). Wykorzystanie plik\u00f3w cookies oraz zebranych za ich po\u015brednictwem danych osobowych w celach marketingowych, w szczeg\u00f3lno\u015bci w zakresie promowania us\u0142ug i towar\u00f3w podmiot\u00f3w trzecich, wymaga uzyskania zgody U\u017cytkownika. Zgoda ta mo\u017ce by\u0107 wyra\u017cona poprzez odpowiedni\u0105 konfiguracj\u0119 przegl\u0105darki, a tak\u017ce mo\u017ce zosta\u0107 w ka\u017cdym momencie wycofana, w szczeg\u00f3lno\u015bci poprzez wyczyszczenie historii cookies oraz wy\u0142\u0105czenie obs\u0142ugi cookies w ustawieniach przegl\u0105darki.<\/li>\n<\/ol>\n\n\n\n<p>OKRES PRZETWARZANIA DANYCH OSOBOWYCH<\/p>\n\n\n\n<ol>\n<li>Okres przetwarzania danych przez Administratora zale\u017cy od rodzaju \u015bwiadczonej us\u0142ugi i celu przetwarzania. Co do zasady dane przetwarzane s\u0105 przez czas \u015bwiadczenia us\u0142ugi lub realizowania zam\u00f3wienia, do czasu wycofania wyra\u017conej zgody lub zg\u0142oszenia skutecznego sprzeciwu wzgl\u0119dem przetwarzania danych w przypadkach, gdy podstaw\u0105 prawn\u0105 przetwarzania danych jest uzasadniony interes Administratora.<\/li>\n\n\n\n<li>Okres przetwarzania danych mo\u017ce by\u0107 przed\u0142u\u017cony w przypadku, gdy przetwarzanie jest niezb\u0119dne do ustalenia i dochodzenia ewentualnych roszcze\u0144 lub obrony przed nimi, a po tym czasie jedynie w przypadku i w zakresie, w jakim b\u0119d\u0105 wymaga\u0107 tego przepisy prawa. Po up\u0142ywie okresu przetwarzania dane s\u0105 nieodwracalnie usuwane lub anonimizowane.<\/li>\n<\/ol>\n\n\n\n<p>UPRAWNIENIA U\u017bYTKOWNIKA<\/p>\n\n\n\n<p>Osobom, kt\u00f3rych dane dotycz\u0105, przys\u0142uguj\u0105 nast\u0119puj\u0105ce prawa:<\/p>\n\n\n\n<ol>\n<li><strong>Prawo do informacji o przetwarzaniu danych osobowych<\/strong>\u00a0\u2013 na tej podstawie osobie zg\u0142aszaj\u0105cej takie \u017c\u0105danie Administrator przekazuje informacj\u0119 o przetwarzaniu danych osobowych, w tym przede wszystkim o celach i podstawach prawnych przetwarzania, zakresie posiadanych danych, podmiotach, kt\u00f3rym dane osobowe s\u0105 ujawniane i planowanym terminie ich usuni\u0119cia;<\/li>\n\n\n\n<li><strong>Prawo do sprostowania<\/strong>\u00a0\u2013 na tej podstawie Administrator usuwa ewentualne niezgodno\u015bci lub b\u0142\u0119dy dotycz\u0105ce przetwarzanych danych osobowych, oraz uzupe\u0142nia je lub aktualizuje, je\u015bli s\u0105 niekompletne lub uleg\u0142y zmianie;<\/li>\n\n\n\n<li><strong>Prawo do usuni\u0119cia danych<\/strong>\u00a0\u2013 na tej podstawie mo\u017cna \u017c\u0105da\u0107 usuni\u0119cia danych, kt\u00f3rych przetwarzanie nie jest ju\u017c niezb\u0119dne do realizowania \u017cadnego z cel\u00f3w, dla kt\u00f3rych zosta\u0142y zebrane;<\/li>\n\n\n\n<li><strong>Prawo do ograniczenia przetwarzania<\/strong>\u00a0\u2013 na tej podstawie Administrator zaprzestaje dokonywania operacji na danych osobowych, z wyj\u0105tkiem operacji, na kt\u00f3re wyrazi\u0142a zgod\u0119 osoba, kt\u00f3rej dane dotycz\u0105 oraz ich przechowywania, zgodnie z przyj\u0119tymi zasadami retencji, lub dop\u00f3ki nie ustan\u0105 przyczyny ograniczenia przetwarzania danych (np. zostanie wydana decyzji organu nadzorczego, zezwalaj\u0105ca na dalsze przetwarzanie danych);<\/li>\n\n\n\n<li><strong>Prawo do przenoszenia danych<\/strong>\u00a0\u2013 na tej podstawie, w zakresie w jakim dane s\u0105 przetwarzane w zwi\u0105zku z zawart\u0105 umow\u0105 lub wyra\u017con\u0105 zgod\u0105, Administrator wydaje dane dostarczone przez osob\u0119, kt\u00f3rej one dotycz\u0105, w formacie pozwalaj\u0105cym na ich odczyt przez komputer. Mo\u017cliwe jest tak\u017ce za\u017c\u0105danie przes\u0142ania tych danych innemu podmiotowi \u2013 jednak pod warunkiem, \u017ce istniej\u0105 w tym zakresie techniczne mo\u017cliwo\u015bci zar\u00f3wno po stronie Administratora jak i tego innego podmiotu;<\/li>\n\n\n\n<li><strong>Prawo sprzeciwu wobec przetwarzania danych w celach marketingowych<\/strong>\u00a0\u2013 osoba, kt\u00f3rej dane dotycz\u0105, mo\u017ce w ka\u017cdym czasie sprzeciwi\u0107 si\u0119 przetwarzaniu danych osobowych w celach marketingowych, bez konieczno\u015bci uzasadnienia takiego sprzeciwu;<\/li>\n\n\n\n<li><strong>Prawo sprzeciwu wobec innych cel\u00f3w przetwarzania danych<\/strong>\u00a0\u2013 osoba, kt\u00f3rej dane dotycz\u0105, mo\u017ce w ka\u017cdym czasie sprzeciwi\u0107 si\u0119 przetwarzaniu danych osobowych na podstawie uzasadnionego interesu Administratora (np. dla cel\u00f3w analitycznych lub statystycznych lub ze wzgl\u0119d\u00f3w zwi\u0105zanych z ochron\u0105 mienia). Sprzeciw w tym zakresie powinien zawiera\u0107 uzasadnienie oraz podlega ocenie Administratora;<\/li>\n\n\n\n<li><strong>Prawo wycofania zgody<\/strong>\u00a0\u2013 je\u015bli dane przetwarzane s\u0105 na podstawie zgody osoba, kt\u00f3rej dane dotycz\u0105, ma prawo j\u0105 wycofa\u0107 w dowolnym momencie, co jednak nie wp\u0142ywa na zgodno\u015b\u0107 z prawem przetwarzania dokonanego przed wycofaniem tej zgody;<\/li>\n\n\n\n<li><strong>Prawo do skargi<\/strong>\u00a0\u2013 w przypadku uznania, \u017ce przetwarzanie danych osobowych narusza przepisy RODO lub inne przepisy dotycz\u0105ce ochrony danych osobowych, osoba, kt\u00f3rej dane dotycz\u0105, mo\u017ce z\u0142o\u017cy\u0107 skarg\u0119 do Prezesa Urz\u0119du Ochrony Danych Osobowych.<\/li>\n\n\n\n<li>Wniosek dotycz\u0105cy realizacji praw podmiot\u00f3w danych, mo\u017cna z\u0142o\u017cy\u0107:<\/li>\n<\/ol>\n\n\n\n<ol>\n<li>w formie pisemnej na adres: MK LAB sp. z\u00a0o.o. z\u00a0siedzib\u0105 w\u00a0Gdyni, al.\u00a0Zwyci\u0119stwa 96\/98, 81-451 Gdynia<\/li>\n\n\n\n<li>drog\u0105 e-mailow\u0105 na adres: <a href=\"mailto:adminmakami@kaminski.pl\">adminmakami@kaminski.pl<\/a><\/li>\n\n\n\n<li>z jakiego uprawnienia chce skorzysta\u0107 osoba sk\u0142adaj\u0105ca wniosek (np. prawo do otrzymania kopii danych, prawo do usuni\u0119cia danych, itd.);<\/li>\n\n\n\n<li>jakiego procesu przetwarzania dotyczy \u017c\u0105danie (np. korzystanie z okre\u015blonej us\u0142ugi, aktywno\u015b\u0107 w okre\u015blonym serwisie internetowym, otrzymywanie newslettera zawieraj\u0105cego informacje handlowe na okre\u015blony adres email, itp.);<\/li>\n\n\n\n<li>jakich cel\u00f3w przetwarzania dotyczy \u017c\u0105danie (np. cele marketingowe, cele analityczne, itp.).<\/li>\n<\/ol>\n\n\n\n<ol start=\"11\">\n<li>Je\u017celi Administrator nie b\u0119dzie w stanie ustali\u0107 tre\u015bci \u017c\u0105dania lub zidentyfikowa\u0107 osoby sk\u0142adaj\u0105cej wniosek w oparciu o dokonane zg\u0142oszenie, zwr\u00f3ci si\u0119 do wnioskodawcy o dodatkowe informacje.<\/li>\n\n\n\n<li>Odpowied\u017a na zg\u0142oszenia zostanie udzielona w ci\u0105gu miesi\u0105ca od jego otrzymania. W razie konieczno\u015bci przed\u0142u\u017cenia tego terminu, Administrator poinformuje wnioskodawc\u0119 o przyczynach takiego przed\u0142u\u017cenia.<\/li>\n\n\n\n<li>Odpowied\u017a b\u0119dzie udzielana na adres e-mail z kt\u00f3rego przes\u0142ano wniosek, a w przypadku wniosk\u00f3w skierowanych listownie, listem zwyk\u0142ym na adres wskazany przez wnioskodawc\u0119, o ile z tre\u015bci listu nie b\u0119dzie wynika\u0142a ch\u0119\u0107 otrzymania informacji zwrotnej na adres e-mail (w takim przypadku nale\u017cy poda\u0107 adres e-mail).<\/li>\n<\/ol>\n\n\n\n<p>ODBIORCY DANYCH<\/p>\n\n\n\n<ol>\n<li>W zwi\u0105zku z realizacj\u0105 us\u0142ug dane osobowe b\u0119d\u0105 ujawniane zewn\u0119trznym podmiotom, w tym w szczeg\u00f3lno\u015bci dostawcom odpowiedzialnym za obs\u0142ug\u0119 system\u00f3w informatycznych, dostawcy us\u0142ug p\u0142atniczych Przelewy24, a tak\u017ce prawnym oraz podmiotom powi\u0105zanym z Administratorem.<\/li>\n\n\n\n<li>Administrator zastrzega sobie prawo ujawnienia wybranych informacji dotycz\u0105cych U\u017cytkownika w\u0142a\u015bciwym organom b\u0105d\u017a osobom trzecim, kt\u00f3re zg\u0142osz\u0105 \u017c\u0105danie udzielenia takich informacji, opieraj\u0105c si\u0119 na odpowiedniej podstawie prawnej oraz zgodnie z przepisami obowi\u0105zuj\u0105cego prawa.<\/li>\n<\/ol>\n\n\n\n<p>PRZEKAZYWANIE DANYCH POZA EOG<\/p>\n\n\n\n<p>Administrator nie przekazuje zbieranych danych poza obszar EOG.<\/p>\n\n\n\n<p>BEZPIECZE\u0143STWO DANYCH OSOBOWYCH<\/p>\n\n\n\n<p>Administrator na bie\u017c\u0105co prowadzi analiz\u0119 ryzyka w celu zapewnienia, \u017ce dane osobowe przetwarzane s\u0105 przez niego w spos\u00f3b bezpieczny \u2013 zapewniaj\u0105cy przede wszystkim, \u017ce dost\u0119p do danych maj\u0105 jedynie osoby upowa\u017cnione i jedynie w zakresie, w jakim jest to niezb\u0119dne ze wzgl\u0119du na wykonywane przez nie zadania. Administrator dba o to, by wszystkie operacje na danych osobowych by\u0142y rejestrowane i dokonywane jedynie przez uprawnionych pracownik\u00f3w i wsp\u00f3\u0142pracownik\u00f3w.<\/p>\n\n\n\n<p>Administrator podejmuje wszelkie niezb\u0119dne dzia\u0142ania, by tak\u017ce jego podwykonawcy i inne podmioty wsp\u00f3\u0142pracuj\u0105ce dawa\u0142y gwarancj\u0119 stosowania odpowiednich \u015brodk\u00f3w bezpiecze\u0144stwa w ka\u017cdym przypadku, gdy przetwarzaj\u0105 dane osobowe na zlecenie Administratora.<\/p>\n\n\n\n<p>DANE KONTAKTOWE<\/p>\n\n\n\n<p>Kontakt z Administratorem jest mo\u017cliwy poprzez adres e-mail adminmakami@makami.life<\/p>\n\n\n\n<p>ZMIANA POLITYKI PRYWATNO\u015aCI<\/p>\n\n\n\n<p>Polityka jest na bie\u017c\u0105co weryfikowana i w razie potrzeby aktualizowana.<\/p>","protected":false},"excerpt":{"rendered":"<p>POLITYKA PRYWATNO\u015aCI DEFINICJE Administrator\u00a0\u2013 MK LAB sp. z\u00a0o.o. z\u00a0siedzib\u0105 w\u00a0Gdyni, al.\u00a0Zwyci\u0119stwa 96\/98, 81-451 Gdynia, wpisan\u0105 do rejestru przedsi\u0119biorc\u00f3w\u00a0Krajowego Rejestru S\u0105dowego przez\u00a0S\u0105d Rejonowy Gda\u0144sk-P\u00f3\u0142noc w\u00a0Gda\u0144sku, VIII Wydzia\u0142 Gospodarczy Krajowego Rejestru S\u0105dowego pod\u00a0numerem KRS 0000874292, NIP 5862362956, REGON 387758211 PRZETWARZANIE DANYCH W ZWI\u0104ZKU Z KORZYSTANIEM Z SERWISU W zwi\u0105zku z korzystaniem przez U\u017cytkownika z Serwisu Administrator zbiera [&hellip;]<\/p>","protected":false},"author":38,"featured_media":0,"parent":0,"menu_order":0,"comment_status":"closed","ping_status":"closed","template":"","meta":{"site-sidebar-layout":"default","site-content-layout":"","ast-site-content-layout":"default","site-content-style":"default","site-sidebar-style":"default","ast-global-header-display":"","ast-banner-title-visibility":"","ast-main-header-display":"","ast-hfb-above-header-display":"","ast-hfb-below-header-display":"","ast-hfb-mobile-header-display":"","site-post-title":"","ast-breadcrumbs-content":"","ast-featured-img":"","footer-sml-layout":"","theme-transparent-header-meta":"","adv-header-id-meta":"","stick-header-meta":"","header-above-stick-meta":"","header-main-stick-meta":"","header-below-stick-meta":"","astra-migrate-meta-layouts":"set","ast-page-background-enabled":"default","ast-page-background-meta":{"desktop":{"background-color":"var(--ast-global-color-4)","background-image":"","background-repeat":"repeat","background-position":"center center","background-size":"auto","background-attachment":"scroll","background-type":"","background-media":"","overlay-type":"","overlay-color":"","overlay-opacity":"","overlay-gradient":""},"tablet":{"background-color":"","background-image":"","background-repeat":"repeat","background-position":"center center","background-size":"auto","background-attachment":"scroll","background-type":"","background-media":"","overlay-type":"","overlay-color":"","overlay-opacity":"","overlay-gradient":""},"mobile":{"background-color":"","background-image":"","background-repeat":"repeat","background-position":"center center","background-size":"auto","background-attachment":"scroll","background-type":"","background-media":"","overlay-type":"","overlay-color":"","overlay-opacity":"","overlay-gradient":""}},"ast-content-background-meta":{"desktop":{"background-color":"var(--ast-global-color-5)","background-image":"","background-repeat":"repeat","background-position":"center center","background-size":"auto","background-attachment":"scroll","background-type":"","background-media":"","overlay-type":"","overlay-color":"","overlay-opacity":"","overlay-gradient":""},"tablet":{"background-color":"var(--ast-global-color-5)","background-image":"","background-repeat":"repeat","background-position":"center center","background-size":"auto","background-attachment":"scroll","background-type":"","background-media":"","overlay-type":"","overlay-color":"","overlay-opacity":"","overlay-gradient":""},"mobile":{"background-color":"var(--ast-global-color-5)","background-image":"","background-repeat":"repeat","background-position":"center center","background-size":"auto","background-attachment":"scroll","background-type":"","background-media":"","overlay-type":"","overlay-color":"","overlay-opacity":"","overlay-gradient":""}},"footnotes":""},"jetpack_sharing_enabled":true,"_links":{"self":[{"href":"https:\/\/makami.life\/en\/wp-json\/wp\/v2\/pages\/1105"}],"collection":[{"href":"https:\/\/makami.life\/en\/wp-json\/wp\/v2\/pages"}],"about":[{"href":"https:\/\/makami.life\/en\/wp-json\/wp\/v2\/types\/page"}],"author":[{"embeddable":true,"href":"https:\/\/makami.life\/en\/wp-json\/wp\/v2\/users\/38"}],"replies":[{"embeddable":true,"href":"https:\/\/makami.life\/en\/wp-json\/wp\/v2\/comments?post=1105"}],"version-history":[{"count":3,"href":"https:\/\/makami.life\/en\/wp-json\/wp\/v2\/pages\/1105\/revisions"}],"predecessor-version":[{"id":4305,"href":"https:\/\/makami.life\/en\/wp-json\/wp\/v2\/pages\/1105\/revisions\/4305"}],"wp:attachment":[{"href":"https:\/\/makami.life\/en\/wp-json\/wp\/v2\/media?parent=1105"}],"curies":[{"name":"wp","href":"https:\/\/api.w.org\/{rel}","templated":true}]}}